{"id":111202,"date":"2026-05-05T06:44:07","date_gmt":"2026-05-05T09:44:07","guid":{"rendered":"https:\/\/www.hediyepazar.com\/?product=doldurulabilir-siyah-benzinli-cakmak-metalik"},"modified":"2026-05-05T06:44:07","modified_gmt":"2026-05-05T09:44:07","slug":"doldurulabilir-siyah-benzinli-cakmak-metalik","status":"publish","type":"product","link":"https:\/\/www.hediyepazar.com\/?product=doldurulabilir-siyah-benzinli-cakmak-metalik","title":{"rendered":"Doldurulabilir Siyah Benzinli \u00c7akmak Metalik"},"content":{"rendered":"<p>\u015e\u0131k ve modern tasar\u0131m\u0131yla \u00f6ne \u00e7\u0131kan bu \u00e7akmak, sadece i\u015flevsel bir ara\u00e7 olman\u0131n \u00f6tesinde, her ortamda tarz\u0131n\u0131z\u0131 tamamlayan etkileyici bir aksesuar olarak kar\u015f\u0131n\u0131za \u00e7\u0131kar. Metalik y\u00fczeyinin zarif dokusu ve sade hatlar\u0131yla, sade ama g\u00fc\u00e7l\u00fc bir duru\u015f sergiler. Sa\u011flam g\u00f6vdesi ve kaliteli malzemesi sayesinde uzun s\u00fcreli kullan\u0131m i\u00e7in idealdir.Her detay\u0131nda \u00f6zenli i\u015f\u00e7ilik bar\u0131nd\u0131ran bu \u00e7akmak, ergonomik yap\u0131s\u0131yla elde rahat\u00e7a tutulur ve kolayca kullan\u0131labilir. G\u00fcnl\u00fck kullan\u0131ma uygun oldu\u011fu kadar, \u00f6zel anlar\u0131n\u0131zda da sizi yans\u0131tan prestijli bir par\u00e7a olarak \u00f6ne \u00e7\u0131kar. Minimalist tarz\u0131, sadeli\u011fin i\u00e7indeki zarafeti arayanlara hitap eder.G\u00fcvenlik nedeniyle yak\u0131ts\u0131z olarak g\u00f6nderilen \u00e7akmak, ilk dolumun size b\u0131rak\u0131lmas\u0131yla daha ki\u015fisel bir deneyim sunar. Bu ayr\u0131nt\u0131, \u00e7akma\u011f\u0131n\u0131z\u0131 kendinize ait bir e\u015fyaya d\u00f6n\u00fc\u015ft\u00fcrmenize olanak tan\u0131r.\u0130ster kendiniz i\u00e7in, ister anlaml\u0131 bir hediye olarak; bu \u00e7akmak, her k\u0131v\u0131lc\u0131mda farkl\u0131 bir hik\u00e2yeye e\u015flik edecek \u015f\u0131k ve fonksiyonel bir se\u00e7imdir.&nbsp;&nbsp;&nbsp;<\/p>\n","protected":false},"excerpt":{"rendered":"<p>\u015e\u0131k ve modern tasar\u0131m\u0131yla \u00f6ne \u00e7\u0131kan bu \u00e7akmak, sadece i\u015flevsel bir ara\u00e7 olman\u0131n \u00f6tesinde, her ortamda tarz\u0131n\u0131z\u0131 tamamlayan etkileyici bir aksesuar olarak kar\u015f\u0131n\u0131za \u00e7\u0131kar. Metalik y\u00fczeyinin zarif dokusu ve sade hatlar\u0131yla, sade ama g\u00fc\u00e7l\u00fc bir duru\u015f sergiler. Sa\u011flam g\u00f6vdesi ve kaliteli malzemesi sayesinde uzun s\u00fcreli kullan\u0131m i\u00e7in idealdir.Her detay\u0131nda \u00f6zenli i\u015f\u00e7ilik bar\u0131nd\u0131ran bu \u00e7akmak, ergonomik&#8230;<\/p>\n","protected":false},"featured_media":111201,"comment_status":"open","ping_status":"closed","template":"","meta":{"_kad_post_transparent":"","_kad_post_title":"","_kad_post_layout":"","_kad_post_sidebar_id":"","_kad_post_content_style":"","_kad_post_vertical_padding":"","_kad_post_feature":"","_kad_post_feature_position":"","_kad_post_header":false,"_kad_post_footer":false,"_kad_post_classname":""},"product_brand":[],"product_cat":[15042],"product_tag":[],"class_list":{"0":"post-111202","1":"product","2":"type-product","3":"status-publish","4":"has-post-thumbnail","6":"product_cat-benzinli-cakmak-benzinli-cakmak","8":"first","9":"instock","10":"purchasable","11":"product-type-simple","12":"entry","13":"content-bg","14":"loop-entry"},"_links":{"self":[{"href":"https:\/\/www.hediyepazar.com\/index.php?rest_route=\/wp\/v2\/product\/111202","targetHints":{"allow":["GET"]}}],"collection":[{"href":"https:\/\/www.hediyepazar.com\/index.php?rest_route=\/wp\/v2\/product"}],"about":[{"href":"https:\/\/www.hediyepazar.com\/index.php?rest_route=\/wp\/v2\/types\/product"}],"replies":[{"embeddable":true,"href":"https:\/\/www.hediyepazar.com\/index.php?rest_route=%2Fwp%2Fv2%2Fcomments&post=111202"}],"wp:featuredmedia":[{"embeddable":true,"href":"https:\/\/www.hediyepazar.com\/index.php?rest_route=\/wp\/v2\/media\/111201"}],"wp:attachment":[{"href":"https:\/\/www.hediyepazar.com\/index.php?rest_route=%2Fwp%2Fv2%2Fmedia&parent=111202"}],"wp:term":[{"taxonomy":"product_brand","embeddable":true,"href":"https:\/\/www.hediyepazar.com\/index.php?rest_route=%2Fwp%2Fv2%2Fproduct_brand&post=111202"},{"taxonomy":"product_cat","embeddable":true,"href":"https:\/\/www.hediyepazar.com\/index.php?rest_route=%2Fwp%2Fv2%2Fproduct_cat&post=111202"},{"taxonomy":"product_tag","embeddable":true,"href":"https:\/\/www.hediyepazar.com\/index.php?rest_route=%2Fwp%2Fv2%2Fproduct_tag&post=111202"}],"curies":[{"name":"wp","href":"https:\/\/api.w.org\/{rel}","templated":true}]}}