{"id":111210,"date":"2026-05-05T06:45:04","date_gmt":"2026-05-05T09:45:04","guid":{"rendered":"https:\/\/www.hediyepazar.com\/?product=kalici-oje-kurutucu-uv-led-teknolojisi-tasinabilir-mini-tirnak-kurutucu"},"modified":"2026-05-05T06:45:04","modified_gmt":"2026-05-05T09:45:04","slug":"kalici-oje-kurutucu-uv-led-teknolojisi-tasinabilir-mini-tirnak-kurutucu","status":"publish","type":"product","link":"https:\/\/www.hediyepazar.com\/?product=kalici-oje-kurutucu-uv-led-teknolojisi-tasinabilir-mini-tirnak-kurutucu","title":{"rendered":"Kal\u0131c\u0131 Oje Kurutucu UV Led Teknolojisi Ta\u015f\u0131nabilir Mini T\u0131rnak Kurutucu"},"content":{"rendered":"<p>K\u00fc\u00e7\u00fck boyutu sayesinde her yerde rahat\u00e7a ta\u015f\u0131nabilen bu oje kurutma cihaz\u0131, kompakt yap\u0131s\u0131 ile pratik kullan\u0131m sa\u011flar. 16 watt g\u00fcc\u00fcndeki LED \u0131\u015f\u0131klar\u0131, ojenizin h\u0131zl\u0131 ve etkili bir \u015fekilde kurumas\u0131n\u0131 sa\u011flar. \u00dc\u00e7 adet LED \u0131\u015f\u0131\u011f\u0131, ojelerinizi e\u015fit \u015fekilde kurutarak her a\u00e7\u0131dan m\u00fckemmel sonu\u00e7 elde etmenizi sa\u011flar. UV LED teknolojisi, ojenizin daha uzun s\u00fcre dayanmas\u0131n\u0131 ve parlak kalmas\u0131n\u0131 sa\u011flar, ayn\u0131 zamanda t\u0131rnaklar\u0131n\u0131za zarar vermeden h\u0131zl\u0131 bir kuruma sa\u011flar.Cihaz, parma\u011f\u0131n\u0131za dikkat etmeniz gereken kullan\u0131m talimatlar\u0131 ile g\u00fcvenli ve rahat bir deneyim sunar. Hem ta\u015f\u0131nabilirli\u011fi hem de y\u00fcksek verimlili\u011fi ile t\u0131rnak bak\u0131m\u0131n\u0131 h\u0131zl\u0131 ve kolay hale getirir. Evde veya seyahatte, etkili ve g\u00fcvenli kuruma i\u00e7in ideal bir \u00e7\u00f6z\u00fcmd\u00fcr.&nbsp;&nbsp;&nbsp;<\/p>\n","protected":false},"excerpt":{"rendered":"<p>K\u00fc\u00e7\u00fck boyutu sayesinde her yerde rahat\u00e7a ta\u015f\u0131nabilen bu oje kurutma cihaz\u0131, kompakt yap\u0131s\u0131 ile pratik kullan\u0131m sa\u011flar. 16 watt g\u00fcc\u00fcndeki LED \u0131\u015f\u0131klar\u0131, ojenizin h\u0131zl\u0131 ve etkili bir \u015fekilde kurumas\u0131n\u0131 sa\u011flar. \u00dc\u00e7 adet LED \u0131\u015f\u0131\u011f\u0131, ojelerinizi e\u015fit \u015fekilde kurutarak her a\u00e7\u0131dan m\u00fckemmel sonu\u00e7 elde etmenizi sa\u011flar. UV LED teknolojisi, ojenizin daha uzun s\u00fcre dayanmas\u0131n\u0131 ve parlak&#8230;<\/p>\n","protected":false},"featured_media":111209,"comment_status":"open","ping_status":"closed","template":"","meta":{"_kad_post_transparent":"","_kad_post_title":"","_kad_post_layout":"","_kad_post_sidebar_id":"","_kad_post_content_style":"","_kad_post_vertical_padding":"","_kad_post_feature":"","_kad_post_feature_position":"","_kad_post_header":false,"_kad_post_footer":false,"_kad_post_classname":""},"product_brand":[],"product_cat":[15044],"product_tag":[],"class_list":{"0":"post-111210","1":"product","2":"type-product","3":"status-publish","4":"has-post-thumbnail","6":"product_cat-oje-kurutucu-oje-kurutucu","8":"first","9":"instock","10":"purchasable","11":"product-type-simple","12":"entry","13":"content-bg","14":"loop-entry"},"_links":{"self":[{"href":"https:\/\/www.hediyepazar.com\/index.php?rest_route=\/wp\/v2\/product\/111210","targetHints":{"allow":["GET"]}}],"collection":[{"href":"https:\/\/www.hediyepazar.com\/index.php?rest_route=\/wp\/v2\/product"}],"about":[{"href":"https:\/\/www.hediyepazar.com\/index.php?rest_route=\/wp\/v2\/types\/product"}],"replies":[{"embeddable":true,"href":"https:\/\/www.hediyepazar.com\/index.php?rest_route=%2Fwp%2Fv2%2Fcomments&post=111210"}],"wp:featuredmedia":[{"embeddable":true,"href":"https:\/\/www.hediyepazar.com\/index.php?rest_route=\/wp\/v2\/media\/111209"}],"wp:attachment":[{"href":"https:\/\/www.hediyepazar.com\/index.php?rest_route=%2Fwp%2Fv2%2Fmedia&parent=111210"}],"wp:term":[{"taxonomy":"product_brand","embeddable":true,"href":"https:\/\/www.hediyepazar.com\/index.php?rest_route=%2Fwp%2Fv2%2Fproduct_brand&post=111210"},{"taxonomy":"product_cat","embeddable":true,"href":"https:\/\/www.hediyepazar.com\/index.php?rest_route=%2Fwp%2Fv2%2Fproduct_cat&post=111210"},{"taxonomy":"product_tag","embeddable":true,"href":"https:\/\/www.hediyepazar.com\/index.php?rest_route=%2Fwp%2Fv2%2Fproduct_tag&post=111210"}],"curies":[{"name":"wp","href":"https:\/\/api.w.org\/{rel}","templated":true}]}}