{"id":111216,"date":"2026-05-05T06:45:57","date_gmt":"2026-05-05T09:45:57","guid":{"rendered":"https:\/\/www.hediyepazar.com\/?product=pg-38-araba-sarji"},"modified":"2026-05-05T06:45:57","modified_gmt":"2026-05-05T09:45:57","slug":"pg-38-araba-sarji","status":"publish","type":"product","link":"https:\/\/www.hediyepazar.com\/?product=pg-38-araba-sarji","title":{"rendered":"PG-38 ARABA \u015eARJI"},"content":{"rendered":"<p>38W\/3 amper g\u00fcc\u00fcnde \u00e7akmakl\u0131k giri\u015fiyle donat\u0131lm\u0131\u015f bu ara\u00e7 \u015farj cihaz\u0131, mobil cihazlar\u0131n\u0131z\u0131 yolda h\u0131zl\u0131 ve verimli \u015fekilde \u015farj edebilmeniz i\u00e7in tasarlanm\u0131\u015ft\u0131r. \u00dczerinde bulunan 1 adet Type-C ve 1 adet USB giri\u015fi sayesinde iki farkl\u0131 cihaz\u0131 ayn\u0131 anda \u015farj edebilme \u00f6zelli\u011fine sahiptir. Type-C portu, Power Delivery (PD) teknolojisini destekleyerek cihazlara ihtiya\u00e7 duyduklar\u0131 g\u00fcc\u00fc dinamik bir \u015fekilde aktar\u0131r. Bu teknoloji sayesinde yaln\u0131zca daha h\u0131zl\u0131 bir \u015farj s\u00fcreci sunulmaz; ayn\u0131 zamanda enerji transferi \u00e7ift y\u00f6nl\u00fc olarak ger\u00e7ekle\u015febilir. B\u00f6ylece PD destekli iki cihaz aras\u0131nda, biri di\u011ferini \u015farj edebilir ve bu i\u015flem ba\u011flant\u0131ya g\u00f6re otomatik olarak tersine d\u00f6nebilir.Y\u00fcksek kaliteli malzeme kullan\u0131larak \u00fcretilmi\u015f olan bu \u015farj ba\u015fl\u0131\u011f\u0131, uzun \u00f6m\u00fcrl\u00fc yap\u0131s\u0131yla dayan\u0131kl\u0131l\u0131k ve g\u00fcvenilirlik sunar. Kullan\u0131m\u0131 son derece pratik olan cihaz, kompakt ve ergonomik tasar\u0131m\u0131 sayesinde ara\u00e7 i\u00e7inde fazla yer kaplamaz ve kolay ta\u015f\u0131nabilir. Estetik g\u00f6r\u00fcn\u00fcm\u00fcn\u00fc fonksiyonellikle birle\u015ftiren \u00fcr\u00fcn, modern ara\u00e7 i\u00e7i aksesuarlar aras\u0131nda kendine sa\u011flam bir yer edinir. Ayn\u0131 anda iki cihaza g\u00fc\u00e7 sa\u011flayabilmesi, g\u00fc\u00e7l\u00fc \u00e7\u0131k\u0131\u015f kapasitesi ve PD deste\u011fi sayesinde bu ara\u00e7 \u015farj cihaz\u0131, hem konforlu hem de kesintisiz bir kullan\u0131m deneyimi sunar. \u00dcr\u00fcn, tek ba\u015fl\u0131k halinde g\u00f6nderilmektedir.&nbsp;<\/p>\n","protected":false},"excerpt":{"rendered":"<p>38W\/3 amper g\u00fcc\u00fcnde \u00e7akmakl\u0131k giri\u015fiyle donat\u0131lm\u0131\u015f bu ara\u00e7 \u015farj cihaz\u0131, mobil cihazlar\u0131n\u0131z\u0131 yolda h\u0131zl\u0131 ve verimli \u015fekilde \u015farj edebilmeniz i\u00e7in tasarlanm\u0131\u015ft\u0131r. \u00dczerinde bulunan 1 adet Type-C ve 1 adet USB giri\u015fi sayesinde iki farkl\u0131 cihaz\u0131 ayn\u0131 anda \u015farj edebilme \u00f6zelli\u011fine sahiptir. Type-C portu, Power Delivery (PD) teknolojisini destekleyerek cihazlara ihtiya\u00e7 duyduklar\u0131 g\u00fcc\u00fc dinamik bir \u015fekilde&#8230;<\/p>\n","protected":false},"featured_media":111215,"comment_status":"open","ping_status":"closed","template":"","meta":{"_kad_post_transparent":"","_kad_post_title":"","_kad_post_layout":"","_kad_post_sidebar_id":"","_kad_post_content_style":"","_kad_post_vertical_padding":"","_kad_post_feature":"","_kad_post_feature_position":"","_kad_post_header":false,"_kad_post_footer":false,"_kad_post_classname":""},"product_brand":[],"product_cat":[15046],"product_tag":[],"class_list":{"0":"post-111216","1":"product","2":"type-product","3":"status-publish","4":"has-post-thumbnail","6":"product_cat-elektronik-cakmak-elektronik-cakmak","8":"first","9":"instock","10":"purchasable","11":"product-type-simple","12":"entry","13":"content-bg","14":"loop-entry"},"_links":{"self":[{"href":"https:\/\/www.hediyepazar.com\/index.php?rest_route=\/wp\/v2\/product\/111216","targetHints":{"allow":["GET"]}}],"collection":[{"href":"https:\/\/www.hediyepazar.com\/index.php?rest_route=\/wp\/v2\/product"}],"about":[{"href":"https:\/\/www.hediyepazar.com\/index.php?rest_route=\/wp\/v2\/types\/product"}],"replies":[{"embeddable":true,"href":"https:\/\/www.hediyepazar.com\/index.php?rest_route=%2Fwp%2Fv2%2Fcomments&post=111216"}],"wp:featuredmedia":[{"embeddable":true,"href":"https:\/\/www.hediyepazar.com\/index.php?rest_route=\/wp\/v2\/media\/111215"}],"wp:attachment":[{"href":"https:\/\/www.hediyepazar.com\/index.php?rest_route=%2Fwp%2Fv2%2Fmedia&parent=111216"}],"wp:term":[{"taxonomy":"product_brand","embeddable":true,"href":"https:\/\/www.hediyepazar.com\/index.php?rest_route=%2Fwp%2Fv2%2Fproduct_brand&post=111216"},{"taxonomy":"product_cat","embeddable":true,"href":"https:\/\/www.hediyepazar.com\/index.php?rest_route=%2Fwp%2Fv2%2Fproduct_cat&post=111216"},{"taxonomy":"product_tag","embeddable":true,"href":"https:\/\/www.hediyepazar.com\/index.php?rest_route=%2Fwp%2Fv2%2Fproduct_tag&post=111216"}],"curies":[{"name":"wp","href":"https:\/\/api.w.org\/{rel}","templated":true}]}}