{"id":111238,"date":"2026-05-05T06:49:05","date_gmt":"2026-05-05T09:49:05","guid":{"rendered":"https:\/\/www.hediyepazar.com\/?product=tasinabilir-sarjli-led-ampul-askili-lamba-kamp-bahce-lambasi"},"modified":"2026-05-05T06:49:05","modified_gmt":"2026-05-05T09:49:05","slug":"tasinabilir-sarjli-led-ampul-askili-lamba-kamp-bahce-lambasi","status":"publish","type":"product","link":"https:\/\/www.hediyepazar.com\/?product=tasinabilir-sarjli-led-ampul-askili-lamba-kamp-bahce-lambasi","title":{"rendered":"Ta\u015f\u0131nabilir \u015earjl\u0131 Led Ampul Ask\u0131l\u0131 Lamba Kamp Bah\u00e7e Lambas\u0131"},"content":{"rendered":"<p>Kompakt tasar\u0131m\u0131 ve i\u015flevselli\u011fiyle \u00f6ne \u00e7\u0131kan bu \u00e7ok ama\u00e7l\u0131 LED kamp lambas\u0131, a\u00e7\u0131k hava aktivitelerinizde ve g\u00fcnl\u00fck ya\u015fam\u0131n\u0131zda g\u00fcvenilir bir ayd\u0131nlatma \u00e7\u00f6z\u00fcm\u00fc sunar. Enerji tasarruflu LED teknolojisi sayesinde d\u00fc\u015f\u00fck g\u00fc\u00e7 t\u00fcketimiyle y\u00fcksek parlakl\u0131k sa\u011flayarak karanl\u0131k alanlar\u0131 rahatl\u0131kla ayd\u0131nlat\u0131r. Kamp yaparken, bal\u0131k tutarken, gece y\u00fcr\u00fcy\u00fc\u015flerinde ya da acil durumlarda ihtiya\u00e7 duydu\u011funuz ayd\u0131nlatmay\u0131 pratik bir \u015fekilde kar\u015f\u0131lar.\u015earj edilebilir lityum pili sayesinde hem \u00e7evre dostu hem de uzun \u00f6m\u00fcrl\u00fc bir kullan\u0131m sunar. TYPE-C giri\u015fiyle h\u0131zl\u0131 ve kolay \u015farj edilebilir; b\u00f6ylece pil de\u011fi\u015ftirme derdine son verir. \u00dczerinde yer alan sa\u011flam kanca, lambay\u0131 \u00e7e\u015fitli yerlere asman\u0131za olanak tan\u0131r; ister kamp \u00e7ad\u0131r\u0131n\u0131n i\u00e7ine, ister a\u011fa\u00e7 dallar\u0131na ya da balkon demirine kolayca yerle\u015ftirebilirsiniz.Yayd\u0131\u011f\u0131 s\u0131cak tonlu \u0131\u015f\u0131k, ortam\u0131n atmosferini yumu\u015fatarak daha huzurlu ve keyifli bir deneyim sunar. Minimalist g\u00f6r\u00fcn\u00fcm\u00fcyle dekoratif ama\u00e7l\u0131 da kullan\u0131labilen bu \u015farjl\u0131 LED kamp lambas\u0131, hem estetik hem de fonksiyonellik arayan kullan\u0131c\u0131lar i\u00e7in ideal bir se\u00e7imdir.<\/p>\n","protected":false},"excerpt":{"rendered":"<p>Kompakt tasar\u0131m\u0131 ve i\u015flevselli\u011fiyle \u00f6ne \u00e7\u0131kan bu \u00e7ok ama\u00e7l\u0131 LED kamp lambas\u0131, a\u00e7\u0131k hava aktivitelerinizde ve g\u00fcnl\u00fck ya\u015fam\u0131n\u0131zda g\u00fcvenilir bir ayd\u0131nlatma \u00e7\u00f6z\u00fcm\u00fc sunar. Enerji tasarruflu LED teknolojisi sayesinde d\u00fc\u015f\u00fck g\u00fc\u00e7 t\u00fcketimiyle y\u00fcksek parlakl\u0131k sa\u011flayarak karanl\u0131k alanlar\u0131 rahatl\u0131kla ayd\u0131nlat\u0131r. Kamp yaparken, bal\u0131k tutarken, gece y\u00fcr\u00fcy\u00fc\u015flerinde ya da acil durumlarda ihtiya\u00e7 duydu\u011funuz ayd\u0131nlatmay\u0131 pratik bir \u015fekilde kar\u015f\u0131lar.\u015earj&#8230;<\/p>\n","protected":false},"featured_media":111237,"comment_status":"open","ping_status":"closed","template":"","meta":{"_kad_post_transparent":"","_kad_post_title":"","_kad_post_layout":"","_kad_post_sidebar_id":"","_kad_post_content_style":"","_kad_post_vertical_padding":"","_kad_post_feature":"","_kad_post_feature_position":"","_kad_post_header":false,"_kad_post_footer":false,"_kad_post_classname":""},"product_brand":[],"product_cat":[14977],"product_tag":[],"class_list":{"0":"post-111238","1":"product","2":"type-product","3":"status-publish","4":"has-post-thumbnail","6":"product_cat-kamp-lambasi-kamp-lambasi","8":"first","9":"instock","10":"purchasable","11":"product-type-simple","12":"entry","13":"content-bg","14":"loop-entry"},"_links":{"self":[{"href":"https:\/\/www.hediyepazar.com\/index.php?rest_route=\/wp\/v2\/product\/111238","targetHints":{"allow":["GET"]}}],"collection":[{"href":"https:\/\/www.hediyepazar.com\/index.php?rest_route=\/wp\/v2\/product"}],"about":[{"href":"https:\/\/www.hediyepazar.com\/index.php?rest_route=\/wp\/v2\/types\/product"}],"replies":[{"embeddable":true,"href":"https:\/\/www.hediyepazar.com\/index.php?rest_route=%2Fwp%2Fv2%2Fcomments&post=111238"}],"wp:featuredmedia":[{"embeddable":true,"href":"https:\/\/www.hediyepazar.com\/index.php?rest_route=\/wp\/v2\/media\/111237"}],"wp:attachment":[{"href":"https:\/\/www.hediyepazar.com\/index.php?rest_route=%2Fwp%2Fv2%2Fmedia&parent=111238"}],"wp:term":[{"taxonomy":"product_brand","embeddable":true,"href":"https:\/\/www.hediyepazar.com\/index.php?rest_route=%2Fwp%2Fv2%2Fproduct_brand&post=111238"},{"taxonomy":"product_cat","embeddable":true,"href":"https:\/\/www.hediyepazar.com\/index.php?rest_route=%2Fwp%2Fv2%2Fproduct_cat&post=111238"},{"taxonomy":"product_tag","embeddable":true,"href":"https:\/\/www.hediyepazar.com\/index.php?rest_route=%2Fwp%2Fv2%2Fproduct_tag&post=111238"}],"curies":[{"name":"wp","href":"https:\/\/api.w.org\/{rel}","templated":true}]}}