{"id":111242,"date":"2026-05-05T06:49:14","date_gmt":"2026-05-05T09:49:14","guid":{"rendered":"https:\/\/www.hediyepazar.com\/?product=kts-1096-hoparlor"},"modified":"2026-05-05T06:49:14","modified_gmt":"2026-05-05T09:49:14","slug":"kts-1096-hoparlor","status":"publish","type":"product","link":"https:\/\/www.hediyepazar.com\/?product=kts-1096-hoparlor","title":{"rendered":"KTS 1096 HOPARL\u00d6R"},"content":{"rendered":"<p>KTS 1096 b\u00fcy\u00fck boy ses bombas\u0131, etkileyici tasar\u0131m\u0131 ve y\u00fcksek ses \u00e7\u0131k\u0131\u015f\u0131yla e\u011flenceyi her ortama ta\u015f\u0131r. \u00c7ift \u00e7\u0131k\u0131\u015fl\u0131 hoparl\u00f6r sistemi sayesinde net ve g\u00fc\u00e7l\u00fc ses sunarak kalabal\u0131k alanlarda bile tatmin edici bir m\u00fczik deneyimi sa\u011flar. Derin bas tonlar\u0131 ve net tizlerle donat\u0131lan bu hoparl\u00f6r, her m\u00fczik t\u00fcr\u00fcn\u00fc en iyi \u015fekilde yans\u0131t\u0131r.Bluetooth ba\u011flant\u0131 \u00f6zelli\u011fi sayesinde, ak\u0131ll\u0131 telefon, tablet veya di\u011fer uyumlu cihazlarla kolayca e\u015fle\u015ferek kablosuz kullan\u0131m rahatl\u0131\u011f\u0131 sunar. Kablo derdi olmadan, diledi\u011finiz yerde favori m\u00fcziklerinizi dinleyebilir, hareket \u00f6zg\u00fcrl\u00fc\u011f\u00fcn\u00fcn tad\u0131n\u0131 \u00e7\u0131karabilirsiniz.5 saate kadar kesintisiz \u00e7alma s\u00fcresi ile uzun etkinliklerinizde bile kesintisiz m\u00fczik keyfi sunar. G\u00fc\u00e7l\u00fc bataryas\u0131 sayesinde \u015farj ihtiyac\u0131n\u0131 minimuma indirirken, dayan\u0131kl\u0131 yap\u0131s\u0131 da d\u0131\u015f mekan kullan\u0131mlar\u0131nda g\u00fcven verir. KTS 1096, hem g\u00fcnl\u00fck kullan\u0131m hem de \u00f6zel etkinlikler i\u00e7in g\u00fc\u00e7l\u00fc ve pratik bir ses \u00e7\u00f6z\u00fcm\u00fcd\u00fcr.&nbsp;&nbsp;&nbsp;&nbsp;<\/p>\n","protected":false},"excerpt":{"rendered":"<p>KTS 1096 b\u00fcy\u00fck boy ses bombas\u0131, etkileyici tasar\u0131m\u0131 ve y\u00fcksek ses \u00e7\u0131k\u0131\u015f\u0131yla e\u011flenceyi her ortama ta\u015f\u0131r. \u00c7ift \u00e7\u0131k\u0131\u015fl\u0131 hoparl\u00f6r sistemi sayesinde net ve g\u00fc\u00e7l\u00fc ses sunarak kalabal\u0131k alanlarda bile tatmin edici bir m\u00fczik deneyimi sa\u011flar. Derin bas tonlar\u0131 ve net tizlerle donat\u0131lan bu hoparl\u00f6r, her m\u00fczik t\u00fcr\u00fcn\u00fc en iyi \u015fekilde yans\u0131t\u0131r.Bluetooth ba\u011flant\u0131 \u00f6zelli\u011fi sayesinde, ak\u0131ll\u0131&#8230;<\/p>\n","protected":false},"featured_media":111241,"comment_status":"open","ping_status":"closed","template":"","meta":{"_kad_post_transparent":"","_kad_post_title":"","_kad_post_layout":"","_kad_post_sidebar_id":"","_kad_post_content_style":"","_kad_post_vertical_padding":"","_kad_post_feature":"","_kad_post_feature_position":"","_kad_post_header":false,"_kad_post_footer":false,"_kad_post_classname":""},"product_brand":[],"product_cat":[14911],"product_tag":[],"class_list":{"0":"post-111242","1":"product","2":"type-product","3":"status-publish","4":"has-post-thumbnail","6":"product_cat-kablosuz-hoparlor-kablosuz-hoparlor","8":"first","9":"instock","10":"purchasable","11":"product-type-simple","12":"entry","13":"content-bg","14":"loop-entry"},"_links":{"self":[{"href":"https:\/\/www.hediyepazar.com\/index.php?rest_route=\/wp\/v2\/product\/111242","targetHints":{"allow":["GET"]}}],"collection":[{"href":"https:\/\/www.hediyepazar.com\/index.php?rest_route=\/wp\/v2\/product"}],"about":[{"href":"https:\/\/www.hediyepazar.com\/index.php?rest_route=\/wp\/v2\/types\/product"}],"replies":[{"embeddable":true,"href":"https:\/\/www.hediyepazar.com\/index.php?rest_route=%2Fwp%2Fv2%2Fcomments&post=111242"}],"wp:featuredmedia":[{"embeddable":true,"href":"https:\/\/www.hediyepazar.com\/index.php?rest_route=\/wp\/v2\/media\/111241"}],"wp:attachment":[{"href":"https:\/\/www.hediyepazar.com\/index.php?rest_route=%2Fwp%2Fv2%2Fmedia&parent=111242"}],"wp:term":[{"taxonomy":"product_brand","embeddable":true,"href":"https:\/\/www.hediyepazar.com\/index.php?rest_route=%2Fwp%2Fv2%2Fproduct_brand&post=111242"},{"taxonomy":"product_cat","embeddable":true,"href":"https:\/\/www.hediyepazar.com\/index.php?rest_route=%2Fwp%2Fv2%2Fproduct_cat&post=111242"},{"taxonomy":"product_tag","embeddable":true,"href":"https:\/\/www.hediyepazar.com\/index.php?rest_route=%2Fwp%2Fv2%2Fproduct_tag&post=111242"}],"curies":[{"name":"wp","href":"https:\/\/api.w.org\/{rel}","templated":true}]}}