{"id":111248,"date":"2026-05-05T06:51:04","date_gmt":"2026-05-05T09:51:04","guid":{"rendered":"https:\/\/www.hediyepazar.com\/?product=bluetooth-hoparlor-cift-mikrofonlu-guclu-ses-kaliteli-kesintisiz-kablosuz"},"modified":"2026-05-05T06:51:04","modified_gmt":"2026-05-05T09:51:04","slug":"bluetooth-hoparlor-cift-mikrofonlu-guclu-ses-kaliteli-kesintisiz-kablosuz","status":"publish","type":"product","link":"https:\/\/www.hediyepazar.com\/?product=bluetooth-hoparlor-cift-mikrofonlu-guclu-ses-kaliteli-kesintisiz-kablosuz","title":{"rendered":"Bluetooth Hoparl\u00f6r \u00c7ift Mikrofonlu G\u00fc\u00e7l\u00fc Ses Kaliteli Kesintisiz Kablosuz"},"content":{"rendered":"<p>KTS 1096 b\u00fcy\u00fck boy Bluetooth hoparl\u00f6r, \u00e7ift \u00e7\u0131k\u0131\u015fl\u0131 g\u00fc\u00e7l\u00fc ses sistemiyle dikkat \u00e7eken ta\u015f\u0131nabilir bir m\u00fczik deneyimi sunar. Y\u00fcksek ses kapasitesi, netlikten \u00f6d\u00fcn vermeden geni\u015f alanlara yay\u0131l\u0131rken, zengin bas ve canl\u0131 tizler sayesinde kullan\u0131c\u0131ya etkileyici bir ses kalitesi vadeder. Hem i\u00e7 mekanlarda hem de a\u00e7\u0131k hava organizasyonlar\u0131nda ideal kullan\u0131m sa\u011flar.Bluetooth teknolojisi ile donat\u0131lan bu hoparl\u00f6r, kablosuz ba\u011flant\u0131 sayesinde telefon, tablet veya bilgisayar gibi cihazlarla kolayca e\u015fle\u015fir. Kablo kar\u0131\u015f\u0131kl\u0131\u011f\u0131n\u0131 ortadan kald\u0131rarak m\u00fczik dinleme \u00f6zg\u00fcrl\u00fc\u011f\u00fcn\u00fc en \u00fcst seviyeye ta\u015f\u0131r. Hareket halindeyken bile diledi\u011finiz m\u00fczi\u011fe zahmetsizce eri\u015fmenizi sa\u011flar.Yakla\u015f\u0131k 5 saat kesintisiz \u00e7alma s\u00fcresi sunan g\u00fc\u00e7l\u00fc bataryas\u0131 ile uzun s\u00fcreli etkinlikler, partiler veya d\u0131\u015f mekan aktiviteleri i\u00e7in g\u00fcvenilir bir ses \u00e7\u00f6z\u00fcm\u00fcd\u00fcr. Enerji verimlili\u011fiyle \u00f6ne \u00e7\u0131kan bu hoparl\u00f6r, uzun s\u00fcreli kullan\u0131mda bile performans\u0131ndan \u00f6d\u00fcn vermez.Dayan\u0131kl\u0131 ve modern tasar\u0131m\u0131yla hem estetik hem de i\u015flevsellik sunan KTS 1096, ta\u015f\u0131mas\u0131 kolay yap\u0131s\u0131 sayesinde her yerde yan\u0131n\u0131zda olabilir. M\u00fczik tutkunlar\u0131 i\u00e7in sadece bir hoparl\u00f6r de\u011fil, ayn\u0131 zamanda hayat\u0131n ritmini yans\u0131tan bir aksesuar niteli\u011findedir.&nbsp;<\/p>\n","protected":false},"excerpt":{"rendered":"<p>KTS 1096 b\u00fcy\u00fck boy Bluetooth hoparl\u00f6r, \u00e7ift \u00e7\u0131k\u0131\u015fl\u0131 g\u00fc\u00e7l\u00fc ses sistemiyle dikkat \u00e7eken ta\u015f\u0131nabilir bir m\u00fczik deneyimi sunar. Y\u00fcksek ses kapasitesi, netlikten \u00f6d\u00fcn vermeden geni\u015f alanlara yay\u0131l\u0131rken, zengin bas ve canl\u0131 tizler sayesinde kullan\u0131c\u0131ya etkileyici bir ses kalitesi vadeder. Hem i\u00e7 mekanlarda hem de a\u00e7\u0131k hava organizasyonlar\u0131nda ideal kullan\u0131m sa\u011flar.Bluetooth teknolojisi ile donat\u0131lan bu hoparl\u00f6r,&#8230;<\/p>\n","protected":false},"featured_media":111247,"comment_status":"open","ping_status":"closed","template":"","meta":{"_kad_post_transparent":"","_kad_post_title":"","_kad_post_layout":"","_kad_post_sidebar_id":"","_kad_post_content_style":"","_kad_post_vertical_padding":"","_kad_post_feature":"","_kad_post_feature_position":"","_kad_post_header":false,"_kad_post_footer":false,"_kad_post_classname":""},"product_brand":[],"product_cat":[14911],"product_tag":[],"class_list":{"0":"post-111248","1":"product","2":"type-product","3":"status-publish","4":"has-post-thumbnail","6":"product_cat-kablosuz-hoparlor-kablosuz-hoparlor","8":"first","9":"instock","10":"purchasable","11":"product-type-simple","12":"entry","13":"content-bg","14":"loop-entry"},"_links":{"self":[{"href":"https:\/\/www.hediyepazar.com\/index.php?rest_route=\/wp\/v2\/product\/111248","targetHints":{"allow":["GET"]}}],"collection":[{"href":"https:\/\/www.hediyepazar.com\/index.php?rest_route=\/wp\/v2\/product"}],"about":[{"href":"https:\/\/www.hediyepazar.com\/index.php?rest_route=\/wp\/v2\/types\/product"}],"replies":[{"embeddable":true,"href":"https:\/\/www.hediyepazar.com\/index.php?rest_route=%2Fwp%2Fv2%2Fcomments&post=111248"}],"wp:featuredmedia":[{"embeddable":true,"href":"https:\/\/www.hediyepazar.com\/index.php?rest_route=\/wp\/v2\/media\/111247"}],"wp:attachment":[{"href":"https:\/\/www.hediyepazar.com\/index.php?rest_route=%2Fwp%2Fv2%2Fmedia&parent=111248"}],"wp:term":[{"taxonomy":"product_brand","embeddable":true,"href":"https:\/\/www.hediyepazar.com\/index.php?rest_route=%2Fwp%2Fv2%2Fproduct_brand&post=111248"},{"taxonomy":"product_cat","embeddable":true,"href":"https:\/\/www.hediyepazar.com\/index.php?rest_route=%2Fwp%2Fv2%2Fproduct_cat&post=111248"},{"taxonomy":"product_tag","embeddable":true,"href":"https:\/\/www.hediyepazar.com\/index.php?rest_route=%2Fwp%2Fv2%2Fproduct_tag&post=111248"}],"curies":[{"name":"wp","href":"https:\/\/api.w.org\/{rel}","templated":true}]}}