{"id":111256,"date":"2026-05-05T06:52:00","date_gmt":"2026-05-05T09:52:00","guid":{"rendered":"https:\/\/www.hediyepazar.com\/?product=led-isikli-neon-maske-cadilar-bayrami-maskesi-korkunc-korku-maskesi"},"modified":"2026-05-05T06:52:00","modified_gmt":"2026-05-05T09:52:00","slug":"led-isikli-neon-maske-cadilar-bayrami-maskesi-korkunc-korku-maskesi","status":"publish","type":"product","link":"https:\/\/www.hediyepazar.com\/?product=led-isikli-neon-maske-cadilar-bayrami-maskesi-korkunc-korku-maskesi","title":{"rendered":"Led I\u015f\u0131kl\u0131 Neon Maske Cad\u0131lar Bayram\u0131 Maskesi Korkun\u00e7 Korku Maskesi"},"content":{"rendered":"<p>E\u011flenceli etkinliklerde, temal\u0131 partilerde, Cad\u0131lar Bayram\u0131 kutlamalar\u0131nda ya da sahne performanslar\u0131nda fark yaratmak isteyenler i\u00e7in tasarlanan bu LED \u0131\u015f\u0131kl\u0131 maske, dikkat \u00e7ekici tasar\u0131m\u0131 ve parlak floresan ye\u015fil \u0131\u015f\u0131\u011f\u0131yla \u00f6ne \u00e7\u0131kar. Karanl\u0131k ortamlarda etkileyici bir \u0131\u015f\u0131k performans\u0131 sunan maske, hem estetik hem de i\u015flevsel bir deneyim sunarak geceye stil katmak isteyenler i\u00e7in ideal bir tercihtir.Maske, insan sa\u011fl\u0131\u011f\u0131na zararl\u0131 olmayan LED so\u011fuk \u0131\u015f\u0131k teknolojisiyle donat\u0131lm\u0131\u015ft\u0131r. UV \u0131\u015f\u0131nlar\u0131 i\u00e7ermez ve elektrominesans film yap\u0131s\u0131 sayesinde \u0131s\u0131 \u00fcretmez, bu da uzun s\u00fcreli kullan\u0131mda y\u00fcz\u00fcn\u00fczde herhangi bir s\u0131cakl\u0131k hissine neden olmaz. Ayn\u0131 zamanda \u0131\u015f\u0131\u011f\u0131n yumu\u015fak yay\u0131lmas\u0131 sayesinde g\u00f6zleri yormaz ve g\u00f6rsel bir rahats\u0131zl\u0131k olu\u015fturmaz. \u00dc\u00e7 farkl\u0131 \u0131\u015f\u0131k modu (sabit, yava\u015f yan\u0131p s\u00f6nme, h\u0131zl\u0131 fla\u015f) sayesinde farkl\u0131 ortamlara ve ruh halinize uyum sa\u011flar.PVC malzeme ile \u00fcretilmi\u015f olmas\u0131 maskeye sa\u011flaml\u0131k kazand\u0131r\u0131rken, hafif yap\u0131s\u0131yla da konforlu bir kullan\u0131m sunar. Yaln\u0131zca 100 gram a\u011f\u0131rl\u0131\u011f\u0131nda olan bu model, uzun s\u00fcreli kullan\u0131mda bile y\u00fcze bask\u0131 yapmaz. 2 adet AA pil ile \u00e7al\u0131\u015fan sistem, kullan\u0131c\u0131ya kablosuz bir deneyim sunar. Kolay ta\u015f\u0131nabilir yap\u0131s\u0131 sayesinde d\u0131\u015f mekan etkinliklerinde de rahatl\u0131kla kullan\u0131labilir.220 x 170 mm \u00f6l\u00e7\u00fclerindeki bu LED maske, \u00e7o\u011fu y\u00fcz \u015fekliyle uyumlu \u015fekilde tasarlanm\u0131\u015ft\u0131r. E\u011flenceli, cesur ve dikkat \u00e7ekici bir g\u00f6r\u00fcn\u00fcm arayanlar i\u00e7in bu maske, gecenin y\u0131ld\u0131z\u0131 olman\u0131z\u0131 sa\u011flayacak \u00f6zg\u00fcn ve \u015f\u0131k bir se\u00e7imdir.<\/p>\n","protected":false},"excerpt":{"rendered":"<p>E\u011flenceli etkinliklerde, temal\u0131 partilerde, Cad\u0131lar Bayram\u0131 kutlamalar\u0131nda ya da sahne performanslar\u0131nda fark yaratmak isteyenler i\u00e7in tasarlanan bu LED \u0131\u015f\u0131kl\u0131 maske, dikkat \u00e7ekici tasar\u0131m\u0131 ve parlak floresan ye\u015fil \u0131\u015f\u0131\u011f\u0131yla \u00f6ne \u00e7\u0131kar. Karanl\u0131k ortamlarda etkileyici bir \u0131\u015f\u0131k performans\u0131 sunan maske, hem estetik hem de i\u015flevsel bir deneyim sunarak geceye stil katmak isteyenler i\u00e7in ideal bir tercihtir.Maske, insan&#8230;<\/p>\n","protected":false},"featured_media":111255,"comment_status":"open","ping_status":"closed","template":"","meta":{"_kad_post_transparent":"","_kad_post_title":"","_kad_post_layout":"","_kad_post_sidebar_id":"","_kad_post_content_style":"","_kad_post_vertical_padding":"","_kad_post_feature":"","_kad_post_feature_position":"","_kad_post_header":false,"_kad_post_footer":false,"_kad_post_classname":""},"product_brand":[],"product_cat":[15040],"product_tag":[],"class_list":{"0":"post-111256","1":"product","2":"type-product","3":"status-publish","4":"has-post-thumbnail","6":"product_cat-parti-maskesi-ve-gozlugu-parti-maskesi-ve-gozlugu","8":"first","9":"instock","10":"purchasable","11":"product-type-simple","12":"entry","13":"content-bg","14":"loop-entry"},"_links":{"self":[{"href":"https:\/\/www.hediyepazar.com\/index.php?rest_route=\/wp\/v2\/product\/111256","targetHints":{"allow":["GET"]}}],"collection":[{"href":"https:\/\/www.hediyepazar.com\/index.php?rest_route=\/wp\/v2\/product"}],"about":[{"href":"https:\/\/www.hediyepazar.com\/index.php?rest_route=\/wp\/v2\/types\/product"}],"replies":[{"embeddable":true,"href":"https:\/\/www.hediyepazar.com\/index.php?rest_route=%2Fwp%2Fv2%2Fcomments&post=111256"}],"wp:featuredmedia":[{"embeddable":true,"href":"https:\/\/www.hediyepazar.com\/index.php?rest_route=\/wp\/v2\/media\/111255"}],"wp:attachment":[{"href":"https:\/\/www.hediyepazar.com\/index.php?rest_route=%2Fwp%2Fv2%2Fmedia&parent=111256"}],"wp:term":[{"taxonomy":"product_brand","embeddable":true,"href":"https:\/\/www.hediyepazar.com\/index.php?rest_route=%2Fwp%2Fv2%2Fproduct_brand&post=111256"},{"taxonomy":"product_cat","embeddable":true,"href":"https:\/\/www.hediyepazar.com\/index.php?rest_route=%2Fwp%2Fv2%2Fproduct_cat&post=111256"},{"taxonomy":"product_tag","embeddable":true,"href":"https:\/\/www.hediyepazar.com\/index.php?rest_route=%2Fwp%2Fv2%2Fproduct_tag&post=111256"}],"curies":[{"name":"wp","href":"https:\/\/api.w.org\/{rel}","templated":true}]}}