{"id":111302,"date":"2026-05-05T07:00:10","date_gmt":"2026-05-05T10:00:10","guid":{"rendered":"https:\/\/www.hediyepazar.com\/?product=oto-on-cam-gunesligi-otomatik-katlanabilir-golgelik-oto-cam-semsiye"},"modified":"2026-05-05T07:00:10","modified_gmt":"2026-05-05T10:00:10","slug":"oto-on-cam-gunesligi-otomatik-katlanabilir-golgelik-oto-cam-semsiye","status":"publish","type":"product","link":"https:\/\/www.hediyepazar.com\/?product=oto-on-cam-gunesligi-otomatik-katlanabilir-golgelik-oto-cam-semsiye","title":{"rendered":"Oto \u00d6n Cam G\u00fcne\u015fli\u011fi Otomatik Katlanabilir G\u00f6lgelik Oto Cam \u015eemsiye"},"content":{"rendered":"<p>Arac\u0131n\u0131z\u0131n \u00f6n cam\u0131na tam uyum sa\u011flayan bu yeni nesil katlanabilir g\u00fcne\u015flik, 125 cm geni\u015fli\u011fi ve 65 cm y\u00fcksekli\u011fiyle sedan, SUV ve hatchback tipi ara\u00e7larda rahatl\u0131kla kullan\u0131labilir. G\u00fcne\u015fin zararl\u0131 UV \u0131\u015f\u0131nlar\u0131na kar\u015f\u0131 etkili koruma sunan yans\u0131t\u0131c\u0131 y\u00fczeyi sayesinde, arac\u0131n i\u00e7 y\u00fczeylerini solma ve y\u0131pranmaya kar\u015f\u0131 korur. UPE ala\u015f\u0131m malzemeden \u00fcretilmi\u015f olan bu \u00fcr\u00fcn, dayan\u0131kl\u0131l\u0131\u011f\u0131 ve uzun \u00f6m\u00fcrl\u00fc kullan\u0131m\u0131yla \u00f6ne \u00e7\u0131kar. \u015eemsiye formundaki pratik tasar\u0131m\u0131 sayesinde saniyeler i\u00e7inde kolayca a\u00e7\u0131l\u0131p kullan\u0131labilir, i\u015finiz bitti\u011finde ise \u015femsiye gibi katlanarak minimum yer kaplayacak \u015fekilde saklama \u00e7antas\u0131na konulabilir. Bu sayede hem kullan\u0131m hem de depolama a\u00e7\u0131s\u0131ndan maksimum konfor sunar. \u00d6zellikle s\u0131cak yaz aylar\u0131nda ara\u00e7 i\u00e7i \u0131s\u0131nmay\u0131 b\u00fcy\u00fck \u00f6l\u00e7\u00fcde engelleyerek daha konforlu bir s\u00fcr\u00fc\u015f deneyimi sa\u011flar. Paket i\u00e7eri\u011finde 1 adet katlanabilir oto g\u00fcne\u015flik ve saklama \u00e7antas\u0131 yer almaktad\u0131r.&nbsp;&nbsp;&nbsp;&nbsp;&nbsp;&nbsp;&nbsp;&nbsp;&nbsp;&nbsp;&nbsp;&nbsp;<\/p>\n","protected":false},"excerpt":{"rendered":"<p>Arac\u0131n\u0131z\u0131n \u00f6n cam\u0131na tam uyum sa\u011flayan bu yeni nesil katlanabilir g\u00fcne\u015flik, 125 cm geni\u015fli\u011fi ve 65 cm y\u00fcksekli\u011fiyle sedan, SUV ve hatchback tipi ara\u00e7larda rahatl\u0131kla kullan\u0131labilir. G\u00fcne\u015fin zararl\u0131 UV \u0131\u015f\u0131nlar\u0131na kar\u015f\u0131 etkili koruma sunan yans\u0131t\u0131c\u0131 y\u00fczeyi sayesinde, arac\u0131n i\u00e7 y\u00fczeylerini solma ve y\u0131pranmaya kar\u015f\u0131 korur. UPE ala\u015f\u0131m malzemeden \u00fcretilmi\u015f olan bu \u00fcr\u00fcn, dayan\u0131kl\u0131l\u0131\u011f\u0131 ve uzun&#8230;<\/p>\n","protected":false},"featured_media":111301,"comment_status":"open","ping_status":"closed","template":"","meta":{"_kad_post_transparent":"","_kad_post_title":"","_kad_post_layout":"","_kad_post_sidebar_id":"","_kad_post_content_style":"","_kad_post_vertical_padding":"","_kad_post_feature":"","_kad_post_feature_position":"","_kad_post_header":false,"_kad_post_footer":false,"_kad_post_classname":""},"product_brand":[],"product_cat":[14921],"product_tag":[],"class_list":{"0":"post-111302","1":"product","2":"type-product","3":"status-publish","4":"has-post-thumbnail","6":"product_cat-oto-guneslik-perde-oto-guneslik-perde-2","8":"first","9":"instock","10":"purchasable","11":"product-type-simple","12":"entry","13":"content-bg","14":"loop-entry"},"_links":{"self":[{"href":"https:\/\/www.hediyepazar.com\/index.php?rest_route=\/wp\/v2\/product\/111302","targetHints":{"allow":["GET"]}}],"collection":[{"href":"https:\/\/www.hediyepazar.com\/index.php?rest_route=\/wp\/v2\/product"}],"about":[{"href":"https:\/\/www.hediyepazar.com\/index.php?rest_route=\/wp\/v2\/types\/product"}],"replies":[{"embeddable":true,"href":"https:\/\/www.hediyepazar.com\/index.php?rest_route=%2Fwp%2Fv2%2Fcomments&post=111302"}],"wp:featuredmedia":[{"embeddable":true,"href":"https:\/\/www.hediyepazar.com\/index.php?rest_route=\/wp\/v2\/media\/111301"}],"wp:attachment":[{"href":"https:\/\/www.hediyepazar.com\/index.php?rest_route=%2Fwp%2Fv2%2Fmedia&parent=111302"}],"wp:term":[{"taxonomy":"product_brand","embeddable":true,"href":"https:\/\/www.hediyepazar.com\/index.php?rest_route=%2Fwp%2Fv2%2Fproduct_brand&post=111302"},{"taxonomy":"product_cat","embeddable":true,"href":"https:\/\/www.hediyepazar.com\/index.php?rest_route=%2Fwp%2Fv2%2Fproduct_cat&post=111302"},{"taxonomy":"product_tag","embeddable":true,"href":"https:\/\/www.hediyepazar.com\/index.php?rest_route=%2Fwp%2Fv2%2Fproduct_tag&post=111302"}],"curies":[{"name":"wp","href":"https:\/\/api.w.org\/{rel}","templated":true}]}}