{"id":111310,"date":"2026-05-05T07:02:08","date_gmt":"2026-05-05T10:02:08","guid":{"rendered":"https:\/\/www.hediyepazar.com\/?product=lazer-oncesi-kisaltma-makinesi-paslanmaz-celik-bicakli-tiras-makinesi"},"modified":"2026-05-05T07:02:08","modified_gmt":"2026-05-05T10:02:08","slug":"lazer-oncesi-kisaltma-makinesi-paslanmaz-celik-bicakli-tiras-makinesi","status":"publish","type":"product","link":"https:\/\/www.hediyepazar.com\/?product=lazer-oncesi-kisaltma-makinesi-paslanmaz-celik-bicakli-tiras-makinesi","title":{"rendered":"Lazer \u00d6ncesi K\u0131saltma Makinesi Paslanmaz \u00c7elik B\u0131\u00e7akl\u0131 T\u0131ra\u015f Makinesi"},"content":{"rendered":"<p>El ergonomisine uygun tasar\u0131m\u0131 sayesinde uzun s\u00fcreli kullan\u0131mlarda bile elinizi yormadan rahat bir tutu\u015f sa\u011flar. G\u00fc\u00e7l\u00fc motoru, kal\u0131n ya da s\u0131k t\u00fcylerde dahi tak\u0131lmadan etkili bir kesim sunarken sessiz \u00e7al\u0131\u015fma \u00f6zelli\u011fi ile konforlu bir deneyim ya\u015fat\u0131r. Paslanmaz \u00e7elik b\u0131\u00e7aklar\u0131 hem dayan\u0131kl\u0131 hem de hijyeniktir, b\u00f6ylece uzun \u00f6m\u00fcrl\u00fc kullan\u0131m ve kolay temizleme imkan\u0131 sunar. Ta\u015f\u0131nabilir yap\u0131s\u0131 sayesinde seyahatlerde rahatl\u0131kla yan\u0131n\u0131zda ta\u015f\u0131yabilir, her an bak\u0131ml\u0131 bir g\u00f6r\u00fcn\u00fcm elde edebilirsiniz. Geli\u015fmi\u015f g\u00fcvenlik sistemiyle donat\u0131lan cihaz, cildinizi tahri\u015f etmeden yumu\u015fak ve p\u00fcr\u00fczs\u00fcz bir t\u0131ra\u015f sa\u011flar.&nbsp;&nbsp;&nbsp;<\/p>\n","protected":false},"excerpt":{"rendered":"<p>El ergonomisine uygun tasar\u0131m\u0131 sayesinde uzun s\u00fcreli kullan\u0131mlarda bile elinizi yormadan rahat bir tutu\u015f sa\u011flar. G\u00fc\u00e7l\u00fc motoru, kal\u0131n ya da s\u0131k t\u00fcylerde dahi tak\u0131lmadan etkili bir kesim sunarken sessiz \u00e7al\u0131\u015fma \u00f6zelli\u011fi ile konforlu bir deneyim ya\u015fat\u0131r. Paslanmaz \u00e7elik b\u0131\u00e7aklar\u0131 hem dayan\u0131kl\u0131 hem de hijyeniktir, b\u00f6ylece uzun \u00f6m\u00fcrl\u00fc kullan\u0131m ve kolay temizleme imkan\u0131 sunar. Ta\u015f\u0131nabilir yap\u0131s\u0131&#8230;<\/p>\n","protected":false},"featured_media":111309,"comment_status":"open","ping_status":"closed","template":"","meta":{"_kad_post_transparent":"","_kad_post_title":"","_kad_post_layout":"","_kad_post_sidebar_id":"","_kad_post_content_style":"","_kad_post_vertical_padding":"","_kad_post_feature":"","_kad_post_feature_position":"","_kad_post_header":false,"_kad_post_footer":false,"_kad_post_classname":""},"product_brand":[],"product_cat":[14925],"product_tag":[],"class_list":{"0":"post-111310","1":"product","2":"type-product","3":"status-publish","4":"has-post-thumbnail","6":"product_cat-tiras-makinesi-tiras-makinesi","8":"first","9":"instock","10":"purchasable","11":"product-type-simple","12":"entry","13":"content-bg","14":"loop-entry"},"_links":{"self":[{"href":"https:\/\/www.hediyepazar.com\/index.php?rest_route=\/wp\/v2\/product\/111310","targetHints":{"allow":["GET"]}}],"collection":[{"href":"https:\/\/www.hediyepazar.com\/index.php?rest_route=\/wp\/v2\/product"}],"about":[{"href":"https:\/\/www.hediyepazar.com\/index.php?rest_route=\/wp\/v2\/types\/product"}],"replies":[{"embeddable":true,"href":"https:\/\/www.hediyepazar.com\/index.php?rest_route=%2Fwp%2Fv2%2Fcomments&post=111310"}],"wp:featuredmedia":[{"embeddable":true,"href":"https:\/\/www.hediyepazar.com\/index.php?rest_route=\/wp\/v2\/media\/111309"}],"wp:attachment":[{"href":"https:\/\/www.hediyepazar.com\/index.php?rest_route=%2Fwp%2Fv2%2Fmedia&parent=111310"}],"wp:term":[{"taxonomy":"product_brand","embeddable":true,"href":"https:\/\/www.hediyepazar.com\/index.php?rest_route=%2Fwp%2Fv2%2Fproduct_brand&post=111310"},{"taxonomy":"product_cat","embeddable":true,"href":"https:\/\/www.hediyepazar.com\/index.php?rest_route=%2Fwp%2Fv2%2Fproduct_cat&post=111310"},{"taxonomy":"product_tag","embeddable":true,"href":"https:\/\/www.hediyepazar.com\/index.php?rest_route=%2Fwp%2Fv2%2Fproduct_tag&post=111310"}],"curies":[{"name":"wp","href":"https:\/\/api.w.org\/{rel}","templated":true}]}}