{"id":111314,"date":"2026-05-05T07:02:16","date_gmt":"2026-05-05T10:02:16","guid":{"rendered":"https:\/\/www.hediyepazar.com\/?product=altin-rengi-masa-ve-gece-lambasi-dokunmatik-sarjli-masa-lambasi"},"modified":"2026-05-05T07:02:16","modified_gmt":"2026-05-05T10:02:16","slug":"altin-rengi-masa-ve-gece-lambasi-dokunmatik-sarjli-masa-lambasi","status":"publish","type":"product","link":"https:\/\/www.hediyepazar.com\/?product=altin-rengi-masa-ve-gece-lambasi-dokunmatik-sarjli-masa-lambasi","title":{"rendered":"Alt\u0131n Rengi Masa ve Gece Lambas\u0131 Dokunmatik \u015earjl\u0131 Masa Lambas\u0131"},"content":{"rendered":"<p>Alt\u0131n renkli kablosuz masa lambas\u0131, zarif tasar\u0131m\u0131yla estetik ve fonksiyonelli\u011fi bir arada sunar. Kablolarla u\u011fra\u015fmak istemeyenler i\u00e7in \u00f6zel olarak geli\u015ftirilen bu lamba, masa \u00fcst\u00fcnde sade ve d\u00fczenli bir kullan\u0131m deneyimi ya\u015fat\u0131r. Kablosuz yap\u0131s\u0131 sayesinde yerle\u015ftirme \u00f6zg\u00fcrl\u00fc\u011f\u00fc sunarken, \u015f\u0131k g\u00f6r\u00fcn\u00fcm\u00fcyle bulundu\u011fu ortama sofistike bir hava katar.\u015earj edilebilir yap\u0131s\u0131, hem enerji tasarrufu sa\u011flar hem de \u00e7evre dostu bir tercih olman\u0131z\u0131 destekler. Gerekti\u011finde kolayca \u015farj edilerek uzun s\u00fcre kesintisiz ayd\u0131nlatma imkan\u0131 verir. Masa \u00fcst\u00fc kullan\u0131m i\u00e7in \u00f6zel olarak tasarlanm\u0131\u015f olan bu \u00fcr\u00fcn, \u00e7al\u0131\u015fma alan\u0131n\u0131z\u0131 hem daha i\u015flevsel hem de daha konforlu hale getirir.GU10 duy uyumlulu\u011fu sayesinde ampul de\u011fi\u015fimi son derece basittir ve yayg\u0131n olarak kullan\u0131lan ampullerle kolayca kullan\u0131labilir. Sa\u011flam metal g\u00f6vdesi sayesinde darbelere kar\u015f\u0131 dayan\u0131kl\u0131d\u0131r ve uzun \u00f6m\u00fcrl\u00fc kullan\u0131m sunar. Ayr\u0131ca kolayca temizlenebilen y\u00fczeyiyle hijyen a\u00e7\u0131s\u0131ndan da avantaj sa\u011flar. \u015e\u0131k, dayan\u0131kl\u0131 ve pratik bir masa lambas\u0131 arayanlar i\u00e7in ideal bir tercihtir.&nbsp;&nbsp;<\/p>\n","protected":false},"excerpt":{"rendered":"<p>Alt\u0131n renkli kablosuz masa lambas\u0131, zarif tasar\u0131m\u0131yla estetik ve fonksiyonelli\u011fi bir arada sunar. Kablolarla u\u011fra\u015fmak istemeyenler i\u00e7in \u00f6zel olarak geli\u015ftirilen bu lamba, masa \u00fcst\u00fcnde sade ve d\u00fczenli bir kullan\u0131m deneyimi ya\u015fat\u0131r. Kablosuz yap\u0131s\u0131 sayesinde yerle\u015ftirme \u00f6zg\u00fcrl\u00fc\u011f\u00fc sunarken, \u015f\u0131k g\u00f6r\u00fcn\u00fcm\u00fcyle bulundu\u011fu ortama sofistike bir hava katar.\u015earj edilebilir yap\u0131s\u0131, hem enerji tasarrufu sa\u011flar hem de \u00e7evre dostu&#8230;<\/p>\n","protected":false},"featured_media":111313,"comment_status":"open","ping_status":"closed","template":"","meta":{"_kad_post_transparent":"","_kad_post_title":"","_kad_post_layout":"","_kad_post_sidebar_id":"","_kad_post_content_style":"","_kad_post_vertical_padding":"","_kad_post_feature":"","_kad_post_feature_position":"","_kad_post_header":false,"_kad_post_footer":false,"_kad_post_classname":""},"product_brand":[],"product_cat":[15049],"product_tag":[],"class_list":{"0":"post-111314","1":"product","2":"type-product","3":"status-publish","4":"has-post-thumbnail","6":"product_cat-boya-tabancasi-boya-tabancasi","8":"first","9":"instock","10":"purchasable","11":"product-type-simple","12":"entry","13":"content-bg","14":"loop-entry"},"_links":{"self":[{"href":"https:\/\/www.hediyepazar.com\/index.php?rest_route=\/wp\/v2\/product\/111314","targetHints":{"allow":["GET"]}}],"collection":[{"href":"https:\/\/www.hediyepazar.com\/index.php?rest_route=\/wp\/v2\/product"}],"about":[{"href":"https:\/\/www.hediyepazar.com\/index.php?rest_route=\/wp\/v2\/types\/product"}],"replies":[{"embeddable":true,"href":"https:\/\/www.hediyepazar.com\/index.php?rest_route=%2Fwp%2Fv2%2Fcomments&post=111314"}],"wp:featuredmedia":[{"embeddable":true,"href":"https:\/\/www.hediyepazar.com\/index.php?rest_route=\/wp\/v2\/media\/111313"}],"wp:attachment":[{"href":"https:\/\/www.hediyepazar.com\/index.php?rest_route=%2Fwp%2Fv2%2Fmedia&parent=111314"}],"wp:term":[{"taxonomy":"product_brand","embeddable":true,"href":"https:\/\/www.hediyepazar.com\/index.php?rest_route=%2Fwp%2Fv2%2Fproduct_brand&post=111314"},{"taxonomy":"product_cat","embeddable":true,"href":"https:\/\/www.hediyepazar.com\/index.php?rest_route=%2Fwp%2Fv2%2Fproduct_cat&post=111314"},{"taxonomy":"product_tag","embeddable":true,"href":"https:\/\/www.hediyepazar.com\/index.php?rest_route=%2Fwp%2Fv2%2Fproduct_tag&post=111314"}],"curies":[{"name":"wp","href":"https:\/\/api.w.org\/{rel}","templated":true}]}}