{"id":111316,"date":"2026-05-05T07:03:02","date_gmt":"2026-05-05T10:03:02","guid":{"rendered":"https:\/\/www.hediyepazar.com\/?product=dekoratif-masa-lambasi-dokunmatik-renk-degistirebilen-gece-lambasi"},"modified":"2026-05-05T07:03:02","modified_gmt":"2026-05-05T10:03:02","slug":"dekoratif-masa-lambasi-dokunmatik-renk-degistirebilen-gece-lambasi","status":"publish","type":"product","link":"https:\/\/www.hediyepazar.com\/?product=dekoratif-masa-lambasi-dokunmatik-renk-degistirebilen-gece-lambasi","title":{"rendered":"Dekoratif Masa Lambas\u0131 Dokunmatik Renk De\u011fi\u015ftirebilen Gece Lambas\u0131"},"content":{"rendered":"<p>Alt\u0131n renkli kablosuz masa lambas\u0131, modern tasar\u0131m\u0131 ve fonksiyonel yap\u0131s\u0131yla \u00e7al\u0131\u015fma alanlar\u0131n\u0131za estetik bir dokunu\u015f katar. Kablo karma\u015fas\u0131na son veren kablosuz yap\u0131s\u0131 sayesinde, masa\u00fcst\u00fcn\u00fczde daha d\u00fczenli ve sade bir g\u00f6r\u00fcn\u00fcm elde etmenizi sa\u011flar. Bu \u00f6zellik, hem ev hem de ofis kullan\u0131m\u0131nda minimalizmi ve \u015f\u0131kl\u0131\u011f\u0131 bir araya getirir.\u015earj edilebilir bataryas\u0131 ile hem enerji tasarrufu sa\u011flar hem de \u00e7evre dostu bir kullan\u0131m sunar. Pratik \u015farj \u00f6zelli\u011fi sayesinde s\u00fcrekli pil de\u011fi\u015fimiyle u\u011fra\u015fman\u0131za gerek kalmadan uzun s\u00fcreli kullan\u0131m imkan\u0131 sunar. \u00d6zellikle masa \u00fcst\u00fc kullan\u0131mlar i\u00e7in tasarlanan bu \u00fcr\u00fcn, \u00e7al\u0131\u015fma alanlar\u0131nda odaklanmay\u0131 kolayla\u015ft\u0131ran dengeli ve yeterli bir ayd\u0131nlatma sa\u011flar.GU10 duy tipi ile uyumlu olmas\u0131 sayesinde, ampul de\u011fi\u015fimi son derece kolayd\u0131r ve kullan\u0131c\u0131ya uzun \u00f6m\u00fcrl\u00fc bir ayd\u0131nlatma deneyimi sunar. Dayan\u0131kl\u0131 metal g\u00f6vdesi, uzun s\u00fcreli kullan\u0131mda dahi ilk g\u00fcnk\u00fc sa\u011flaml\u0131\u011f\u0131n\u0131 korur. Kolay temizlenebilir y\u00fczeyi, hijyenik bir ortam sunarken g\u00fcnl\u00fck temizlik i\u015flerini de zahmetsiz hale getirir. Fonksiyonellik ve zarafeti bir arada arayanlar i\u00e7in ideal bir masa\u00fcst\u00fc ayd\u0131nlatma \u00e7\u00f6z\u00fcm\u00fcd\u00fcr.&nbsp;&nbsp;&nbsp;&nbsp;<\/p>\n","protected":false},"excerpt":{"rendered":"<p>Alt\u0131n renkli kablosuz masa lambas\u0131, modern tasar\u0131m\u0131 ve fonksiyonel yap\u0131s\u0131yla \u00e7al\u0131\u015fma alanlar\u0131n\u0131za estetik bir dokunu\u015f katar. Kablo karma\u015fas\u0131na son veren kablosuz yap\u0131s\u0131 sayesinde, masa\u00fcst\u00fcn\u00fczde daha d\u00fczenli ve sade bir g\u00f6r\u00fcn\u00fcm elde etmenizi sa\u011flar. Bu \u00f6zellik, hem ev hem de ofis kullan\u0131m\u0131nda minimalizmi ve \u015f\u0131kl\u0131\u011f\u0131 bir araya getirir.\u015earj edilebilir bataryas\u0131 ile hem enerji tasarrufu sa\u011flar hem&#8230;<\/p>\n","protected":false},"featured_media":111315,"comment_status":"open","ping_status":"closed","template":"","meta":{"_kad_post_transparent":"","_kad_post_title":"","_kad_post_layout":"","_kad_post_sidebar_id":"","_kad_post_content_style":"","_kad_post_vertical_padding":"","_kad_post_feature":"","_kad_post_feature_position":"","_kad_post_header":false,"_kad_post_footer":false,"_kad_post_classname":""},"product_brand":[],"product_cat":[15049],"product_tag":[],"class_list":{"0":"post-111316","1":"product","2":"type-product","3":"status-publish","4":"has-post-thumbnail","6":"product_cat-boya-tabancasi-boya-tabancasi","8":"first","9":"instock","10":"purchasable","11":"product-type-simple","12":"entry","13":"content-bg","14":"loop-entry"},"_links":{"self":[{"href":"https:\/\/www.hediyepazar.com\/index.php?rest_route=\/wp\/v2\/product\/111316","targetHints":{"allow":["GET"]}}],"collection":[{"href":"https:\/\/www.hediyepazar.com\/index.php?rest_route=\/wp\/v2\/product"}],"about":[{"href":"https:\/\/www.hediyepazar.com\/index.php?rest_route=\/wp\/v2\/types\/product"}],"replies":[{"embeddable":true,"href":"https:\/\/www.hediyepazar.com\/index.php?rest_route=%2Fwp%2Fv2%2Fcomments&post=111316"}],"wp:featuredmedia":[{"embeddable":true,"href":"https:\/\/www.hediyepazar.com\/index.php?rest_route=\/wp\/v2\/media\/111315"}],"wp:attachment":[{"href":"https:\/\/www.hediyepazar.com\/index.php?rest_route=%2Fwp%2Fv2%2Fmedia&parent=111316"}],"wp:term":[{"taxonomy":"product_brand","embeddable":true,"href":"https:\/\/www.hediyepazar.com\/index.php?rest_route=%2Fwp%2Fv2%2Fproduct_brand&post=111316"},{"taxonomy":"product_cat","embeddable":true,"href":"https:\/\/www.hediyepazar.com\/index.php?rest_route=%2Fwp%2Fv2%2Fproduct_cat&post=111316"},{"taxonomy":"product_tag","embeddable":true,"href":"https:\/\/www.hediyepazar.com\/index.php?rest_route=%2Fwp%2Fv2%2Fproduct_tag&post=111316"}],"curies":[{"name":"wp","href":"https:\/\/api.w.org\/{rel}","templated":true}]}}