{"id":111338,"date":"2026-05-05T07:07:57","date_gmt":"2026-05-05T10:07:57","guid":{"rendered":"https:\/\/www.hediyepazar.com\/?product=eyfel-kuleli-kum-saati-dekoratif-hediyelik-esya-retro-eyfel-kulesi"},"modified":"2026-05-05T07:07:57","modified_gmt":"2026-05-05T10:07:57","slug":"eyfel-kuleli-kum-saati-dekoratif-hediyelik-esya-retro-eyfel-kulesi","status":"publish","type":"product","link":"https:\/\/www.hediyepazar.com\/?product=eyfel-kuleli-kum-saati-dekoratif-hediyelik-esya-retro-eyfel-kulesi","title":{"rendered":"Eyfel Kuleli Kum Saati Dekoratif Hediyelik E\u015fya Retro Eyfel Kulesi"},"content":{"rendered":"<p>Zarif detaylar\u0131 ve \u015f\u0131k tasar\u0131m\u0131yla dikkat \u00e7eken bu kum saatli Eyfel Kulesi dekoru, masan\u0131zda hem i\u015flevsel hem de estetik bir par\u00e7a olarak yerini al\u0131r. Camdan \u00fcretilen kum saati, i\u00e7indeki beyaz kristal tanelerle sade ama etkileyici bir g\u00f6r\u00fcn\u00fcm sunar. Ah\u015fap ve plastik malzemelerin uyumlu birle\u015fimiyle tasarlanan bu \u00fcr\u00fcn, romantizmin simgesi Eyfel Kulesi\u2019ni yan\u0131nda ta\u015f\u0131yarak Paris\u2019in b\u00fcy\u00fcs\u00fcn\u00fc ya\u015fam alan\u0131n\u0131za getirir. 21 cm y\u00fcksekli\u011fi ve 15 cm uzunlu\u011fuyla ideal boyutlara sahip olan kum saatinin s\u00fcresi 30 saniyedir. Zaman\u0131 k\u0131sa aral\u0131klarla takip etmek veya sadece estetik bir atmosfer olu\u015fturmak i\u00e7in harika bir tercih olan bu par\u00e7a, hem ki\u015fisel kullan\u0131m hem de sevdiklerinize anlaml\u0131 bir hediye alternatifi olarak \u00f6ne \u00e7\u0131kar.&nbsp;&nbsp;&nbsp;&nbsp;&nbsp;&nbsp;&nbsp;&nbsp;&nbsp;&nbsp;<\/p>\n","protected":false},"excerpt":{"rendered":"<p>Zarif detaylar\u0131 ve \u015f\u0131k tasar\u0131m\u0131yla dikkat \u00e7eken bu kum saatli Eyfel Kulesi dekoru, masan\u0131zda hem i\u015flevsel hem de estetik bir par\u00e7a olarak yerini al\u0131r. Camdan \u00fcretilen kum saati, i\u00e7indeki beyaz kristal tanelerle sade ama etkileyici bir g\u00f6r\u00fcn\u00fcm sunar. Ah\u015fap ve plastik malzemelerin uyumlu birle\u015fimiyle tasarlanan bu \u00fcr\u00fcn, romantizmin simgesi Eyfel Kulesi\u2019ni yan\u0131nda ta\u015f\u0131yarak Paris\u2019in b\u00fcy\u00fcs\u00fcn\u00fc&#8230;<\/p>\n","protected":false},"featured_media":111337,"comment_status":"open","ping_status":"closed","template":"","meta":{"_kad_post_transparent":"","_kad_post_title":"","_kad_post_layout":"","_kad_post_sidebar_id":"","_kad_post_content_style":"","_kad_post_vertical_padding":"","_kad_post_feature":"","_kad_post_feature_position":"","_kad_post_header":false,"_kad_post_footer":false,"_kad_post_classname":""},"product_brand":[],"product_cat":[14942],"product_tag":[],"class_list":{"0":"post-111338","1":"product","2":"type-product","3":"status-publish","4":"has-post-thumbnail","6":"product_cat-kum-saati-kum-saati","8":"first","9":"instock","10":"purchasable","11":"product-type-simple","12":"entry","13":"content-bg","14":"loop-entry"},"_links":{"self":[{"href":"https:\/\/www.hediyepazar.com\/index.php?rest_route=\/wp\/v2\/product\/111338","targetHints":{"allow":["GET"]}}],"collection":[{"href":"https:\/\/www.hediyepazar.com\/index.php?rest_route=\/wp\/v2\/product"}],"about":[{"href":"https:\/\/www.hediyepazar.com\/index.php?rest_route=\/wp\/v2\/types\/product"}],"replies":[{"embeddable":true,"href":"https:\/\/www.hediyepazar.com\/index.php?rest_route=%2Fwp%2Fv2%2Fcomments&post=111338"}],"wp:featuredmedia":[{"embeddable":true,"href":"https:\/\/www.hediyepazar.com\/index.php?rest_route=\/wp\/v2\/media\/111337"}],"wp:attachment":[{"href":"https:\/\/www.hediyepazar.com\/index.php?rest_route=%2Fwp%2Fv2%2Fmedia&parent=111338"}],"wp:term":[{"taxonomy":"product_brand","embeddable":true,"href":"https:\/\/www.hediyepazar.com\/index.php?rest_route=%2Fwp%2Fv2%2Fproduct_brand&post=111338"},{"taxonomy":"product_cat","embeddable":true,"href":"https:\/\/www.hediyepazar.com\/index.php?rest_route=%2Fwp%2Fv2%2Fproduct_cat&post=111338"},{"taxonomy":"product_tag","embeddable":true,"href":"https:\/\/www.hediyepazar.com\/index.php?rest_route=%2Fwp%2Fv2%2Fproduct_tag&post=111338"}],"curies":[{"name":"wp","href":"https:\/\/api.w.org\/{rel}","templated":true}]}}