{"id":111382,"date":"2026-05-05T07:13:08","date_gmt":"2026-05-05T10:13:08","guid":{"rendered":"https:\/\/www.hediyepazar.com\/?product=solar-bahce-lambasi-uzaktan-kumandali-kamera-gorunumlu-hareket-sensorlu"},"modified":"2026-05-05T07:13:08","modified_gmt":"2026-05-05T10:13:08","slug":"solar-bahce-lambasi-uzaktan-kumandali-kamera-gorunumlu-hareket-sensorlu","status":"publish","type":"product","link":"https:\/\/www.hediyepazar.com\/?product=solar-bahce-lambasi-uzaktan-kumandali-kamera-gorunumlu-hareket-sensorlu","title":{"rendered":"Solar Bah\u00e7e Lambas\u0131 Uzaktan Kumandal\u0131 Kamera G\u00f6r\u00fcn\u00fcml\u00fc Hareket Sens\u00f6rl\u00fc"},"content":{"rendered":"<p>Bu g\u00fcne\u015f enerjili LED g\u00fcvenlik lambas\u0131, modern tasar\u0131m\u0131 ve enerji verimlili\u011fi ile d\u0131\u015f mekanlar\u0131n\u0131zda g\u00fcvenli\u011finizi ve ayd\u0131nlatman\u0131z\u0131 art\u0131rmak i\u00e7in idealdir. G\u00fcne\u015f paneli, g\u00fcnd\u00fczleri enerji depolayarak gece harekete duyarl\u0131 sens\u00f6r arac\u0131l\u0131\u011f\u0131yla devreye girer ve otomatik olarak g\u00fc\u00e7l\u00fc \u0131\u015f\u0131k yayar. Hareket sens\u00f6r\u00fc, 120\u00b0 alg\u0131lama a\u00e7\u0131s\u0131yla 5-8 metre mesafeye kadar hareketi tespit edebilir, bu da \u0131\u015f\u0131\u011f\u0131n yaln\u0131zca ihtiya\u00e7 duyuldu\u011funda a\u00e7\u0131lmas\u0131n\u0131 sa\u011flar ve enerji tasarrufu sa\u011flar.IP65 su ge\u00e7irmez \u00f6zelli\u011fi, bu lambay\u0131 t\u00fcm hava ko\u015fullar\u0131nda kullanabilece\u011finiz anlam\u0131na gelir; ya\u011fmur, kar ve r\u00fczgar gibi zorlu hava \u015fartlar\u0131na kar\u015f\u0131 dayan\u0131kl\u0131d\u0131r. \u015e\u0131k ve modern kamera tasar\u0131m\u0131, sadece ayd\u0131nlatma de\u011fil ayn\u0131 zamanda \u00e7evre g\u00fcvenli\u011finizi de sa\u011flar. Kablolu ba\u011flant\u0131 gerektirmeyen bu \u00fcr\u00fcn, basit montaj\u0131 ile her t\u00fcrl\u00fc d\u0131\u015f mekan alan\u0131na kolayca kurulabilir. Kumanda ile a\u00e7ma, kapama ve mod de\u011fi\u015ftirme gibi i\u015flemleri uzaktan ger\u00e7ekle\u015ftirebilirsiniz. Bu dayan\u0131kl\u0131 ABS plastik ve al\u00fcminyum yap\u0131s\u0131na sahip ayd\u0131nlatma, her t\u00fcrl\u00fc ortamda uzun s\u00fcreli kullan\u0131m sa\u011flar. \u00c7evre dostu enerji tasarrufu sa\u011flayan bu lamba, pratik ve g\u00fcvenli bir ayd\u0131nlatma \u00e7\u00f6z\u00fcm\u00fc arayanlar i\u00e7in m\u00fckemmel bir tercihtir.&nbsp;&nbsp;&nbsp;&nbsp;&nbsp;&nbsp;&nbsp;&nbsp;<\/p>\n","protected":false},"excerpt":{"rendered":"<p>Bu g\u00fcne\u015f enerjili LED g\u00fcvenlik lambas\u0131, modern tasar\u0131m\u0131 ve enerji verimlili\u011fi ile d\u0131\u015f mekanlar\u0131n\u0131zda g\u00fcvenli\u011finizi ve ayd\u0131nlatman\u0131z\u0131 art\u0131rmak i\u00e7in idealdir. G\u00fcne\u015f paneli, g\u00fcnd\u00fczleri enerji depolayarak gece harekete duyarl\u0131 sens\u00f6r arac\u0131l\u0131\u011f\u0131yla devreye girer ve otomatik olarak g\u00fc\u00e7l\u00fc \u0131\u015f\u0131k yayar. Hareket sens\u00f6r\u00fc, 120\u00b0 alg\u0131lama a\u00e7\u0131s\u0131yla 5-8 metre mesafeye kadar hareketi tespit edebilir, bu da \u0131\u015f\u0131\u011f\u0131n yaln\u0131zca ihtiya\u00e7&#8230;<\/p>\n","protected":false},"featured_media":111381,"comment_status":"open","ping_status":"closed","template":"","meta":{"_kad_post_transparent":"","_kad_post_title":"","_kad_post_layout":"","_kad_post_sidebar_id":"","_kad_post_content_style":"","_kad_post_vertical_padding":"","_kad_post_feature":"","_kad_post_feature_position":"","_kad_post_header":false,"_kad_post_footer":false,"_kad_post_classname":""},"product_brand":[],"product_cat":[14946],"product_tag":[],"class_list":{"0":"post-111382","1":"product","2":"type-product","3":"status-publish","4":"has-post-thumbnail","6":"product_cat-bahce-aydinlatmasi-bahce-aydinlatmasi","8":"first","9":"instock","10":"purchasable","11":"product-type-simple","12":"entry","13":"content-bg","14":"loop-entry"},"_links":{"self":[{"href":"https:\/\/www.hediyepazar.com\/index.php?rest_route=\/wp\/v2\/product\/111382","targetHints":{"allow":["GET"]}}],"collection":[{"href":"https:\/\/www.hediyepazar.com\/index.php?rest_route=\/wp\/v2\/product"}],"about":[{"href":"https:\/\/www.hediyepazar.com\/index.php?rest_route=\/wp\/v2\/types\/product"}],"replies":[{"embeddable":true,"href":"https:\/\/www.hediyepazar.com\/index.php?rest_route=%2Fwp%2Fv2%2Fcomments&post=111382"}],"wp:featuredmedia":[{"embeddable":true,"href":"https:\/\/www.hediyepazar.com\/index.php?rest_route=\/wp\/v2\/media\/111381"}],"wp:attachment":[{"href":"https:\/\/www.hediyepazar.com\/index.php?rest_route=%2Fwp%2Fv2%2Fmedia&parent=111382"}],"wp:term":[{"taxonomy":"product_brand","embeddable":true,"href":"https:\/\/www.hediyepazar.com\/index.php?rest_route=%2Fwp%2Fv2%2Fproduct_brand&post=111382"},{"taxonomy":"product_cat","embeddable":true,"href":"https:\/\/www.hediyepazar.com\/index.php?rest_route=%2Fwp%2Fv2%2Fproduct_cat&post=111382"},{"taxonomy":"product_tag","embeddable":true,"href":"https:\/\/www.hediyepazar.com\/index.php?rest_route=%2Fwp%2Fv2%2Fproduct_tag&post=111382"}],"curies":[{"name":"wp","href":"https:\/\/api.w.org\/{rel}","templated":true}]}}