{"id":111384,"date":"2026-05-05T07:13:14","date_gmt":"2026-05-05T10:13:14","guid":{"rendered":"https:\/\/www.hediyepazar.com\/?product=solar-bahce-aydinlatmasi-hareket-sensorlu-uzaktan-kumandali-kamera-gorunumlu"},"modified":"2026-05-05T07:13:14","modified_gmt":"2026-05-05T10:13:14","slug":"solar-bahce-aydinlatmasi-hareket-sensorlu-uzaktan-kumandali-kamera-gorunumlu","status":"publish","type":"product","link":"https:\/\/www.hediyepazar.com\/?product=solar-bahce-aydinlatmasi-hareket-sensorlu-uzaktan-kumandali-kamera-gorunumlu","title":{"rendered":"Solar Bah\u00e7e Ayd\u0131nlatmas\u0131 Hareket Sens\u00f6rl\u00fc Uzaktan Kumandal\u0131 Kamera G\u00f6r\u00fcn\u00fcml\u00fc"},"content":{"rendered":"<p>Bu g\u00fcne\u015f enerjili LED g\u00fcvenlik lambas\u0131, d\u0131\u015f mekanlar\u0131n\u0131zda hem g\u00fcvenlik hem de ayd\u0131nlatma ihtiyac\u0131n\u0131z\u0131 kar\u015f\u0131layan m\u00fckemmel bir \u00e7\u00f6z\u00fcmd\u00fcr. Y\u00fcksek verimli LED \u0131\u015f\u0131klar\u0131, \u00e7evrenize g\u00fc\u00e7l\u00fc bir \u0131\u015f\u0131k yayarak karanl\u0131k ortamlarda g\u00fcvenli\u011finizi art\u0131r\u0131r. G\u00fcnd\u00fcz g\u00fcne\u015f enerjisini depolayan polikristal silikon paneli, gece ise hareket alg\u0131land\u0131\u011f\u0131nda devreye girer ve otomatik olarak \u0131\u015f\u0131k yayar. Hareket sens\u00f6r\u00fc, 120\u00b0 alg\u0131lama a\u00e7\u0131s\u0131yla 5-8 metre mesafeden hareketi tespit ederek yaln\u0131zca ihtiya\u00e7 duyuldu\u011funda \u0131\u015f\u0131k sa\u011flar. Bu sayede hem enerji tasarrufu sa\u011flan\u0131r hem de \u00e7evreniz \u0131\u015f\u0131kla donat\u0131l\u0131r.Kamera g\u00f6r\u00fcn\u00fcm\u00fcne sahip \u015f\u0131k tasar\u0131m\u0131, bah\u00e7enizde veya garaj\u0131n\u0131zda g\u00fcvenlik hissiyat\u0131 yarat\u0131rken, IP65 su ge\u00e7irmez \u00f6zelli\u011fi sayesinde her t\u00fcrl\u00fc hava ko\u015fulunda dayan\u0131kl\u0131d\u0131r. Ya\u011fmur, kar veya \u015fiddetli r\u00fczgar gibi zorlu hava \u015fartlar\u0131na kar\u015f\u0131 korumal\u0131d\u0131r. Kumanda ile kontrol edilebilir olmas\u0131, kullan\u0131m kolayl\u0131\u011f\u0131 sa\u011flar; a\u00e7ma, kapama veya \u0131\u015f\u0131k modlar\u0131n\u0131 de\u011fi\u015ftirmek i\u00e7in uzaktan kumanda kullanabilirsiniz. Kablolu ba\u011flant\u0131 gerektirmeyen bu \u00fcr\u00fcn, duvar veya direk montaj\u0131 ile rahat\u00e7a kurulabilir. Dayan\u0131kl\u0131 ABS plastik ve al\u00fcminyum malzemeden \u00fcretilen \u00fcr\u00fcn, uzun \u00f6m\u00fcrl\u00fc ve \u00e7evre dostu bir \u00e7\u00f6z\u00fcm sunar. Hem pratik hem de estetik bir g\u00fcvenlik \u00e7\u00f6z\u00fcm\u00fc arayanlar i\u00e7in m\u00fckemmel bir tercihtir.&nbsp;&nbsp;&nbsp;&nbsp;&nbsp;<\/p>\n","protected":false},"excerpt":{"rendered":"<p>Bu g\u00fcne\u015f enerjili LED g\u00fcvenlik lambas\u0131, d\u0131\u015f mekanlar\u0131n\u0131zda hem g\u00fcvenlik hem de ayd\u0131nlatma ihtiyac\u0131n\u0131z\u0131 kar\u015f\u0131layan m\u00fckemmel bir \u00e7\u00f6z\u00fcmd\u00fcr. Y\u00fcksek verimli LED \u0131\u015f\u0131klar\u0131, \u00e7evrenize g\u00fc\u00e7l\u00fc bir \u0131\u015f\u0131k yayarak karanl\u0131k ortamlarda g\u00fcvenli\u011finizi art\u0131r\u0131r. G\u00fcnd\u00fcz g\u00fcne\u015f enerjisini depolayan polikristal silikon paneli, gece ise hareket alg\u0131land\u0131\u011f\u0131nda devreye girer ve otomatik olarak \u0131\u015f\u0131k yayar. Hareket sens\u00f6r\u00fc, 120\u00b0 alg\u0131lama a\u00e7\u0131s\u0131yla 5-8&#8230;<\/p>\n","protected":false},"featured_media":111383,"comment_status":"open","ping_status":"closed","template":"","meta":{"_kad_post_transparent":"","_kad_post_title":"","_kad_post_layout":"","_kad_post_sidebar_id":"","_kad_post_content_style":"","_kad_post_vertical_padding":"","_kad_post_feature":"","_kad_post_feature_position":"","_kad_post_header":false,"_kad_post_footer":false,"_kad_post_classname":""},"product_brand":[],"product_cat":[14946],"product_tag":[],"class_list":{"0":"post-111384","1":"product","2":"type-product","3":"status-publish","4":"has-post-thumbnail","6":"product_cat-bahce-aydinlatmasi-bahce-aydinlatmasi","8":"first","9":"instock","10":"purchasable","11":"product-type-simple","12":"entry","13":"content-bg","14":"loop-entry"},"_links":{"self":[{"href":"https:\/\/www.hediyepazar.com\/index.php?rest_route=\/wp\/v2\/product\/111384","targetHints":{"allow":["GET"]}}],"collection":[{"href":"https:\/\/www.hediyepazar.com\/index.php?rest_route=\/wp\/v2\/product"}],"about":[{"href":"https:\/\/www.hediyepazar.com\/index.php?rest_route=\/wp\/v2\/types\/product"}],"replies":[{"embeddable":true,"href":"https:\/\/www.hediyepazar.com\/index.php?rest_route=%2Fwp%2Fv2%2Fcomments&post=111384"}],"wp:featuredmedia":[{"embeddable":true,"href":"https:\/\/www.hediyepazar.com\/index.php?rest_route=\/wp\/v2\/media\/111383"}],"wp:attachment":[{"href":"https:\/\/www.hediyepazar.com\/index.php?rest_route=%2Fwp%2Fv2%2Fmedia&parent=111384"}],"wp:term":[{"taxonomy":"product_brand","embeddable":true,"href":"https:\/\/www.hediyepazar.com\/index.php?rest_route=%2Fwp%2Fv2%2Fproduct_brand&post=111384"},{"taxonomy":"product_cat","embeddable":true,"href":"https:\/\/www.hediyepazar.com\/index.php?rest_route=%2Fwp%2Fv2%2Fproduct_cat&post=111384"},{"taxonomy":"product_tag","embeddable":true,"href":"https:\/\/www.hediyepazar.com\/index.php?rest_route=%2Fwp%2Fv2%2Fproduct_tag&post=111384"}],"curies":[{"name":"wp","href":"https:\/\/api.w.org\/{rel}","templated":true}]}}