{"id":111386,"date":"2026-05-05T07:13:18","date_gmt":"2026-05-05T10:13:18","guid":{"rendered":"https:\/\/www.hediyepazar.com\/?product=led-lamba-gunes-paneli-destekli-uzaktan-kumandali-solar-led-lamba"},"modified":"2026-05-05T07:13:18","modified_gmt":"2026-05-05T10:13:18","slug":"led-lamba-gunes-paneli-destekli-uzaktan-kumandali-solar-led-lamba","status":"publish","type":"product","link":"https:\/\/www.hediyepazar.com\/?product=led-lamba-gunes-paneli-destekli-uzaktan-kumandali-solar-led-lamba","title":{"rendered":"LED Lamba-G\u00fcne\u015f Paneli Destekli Uzaktan Kumandal\u0131 Solar LED Lamba"},"content":{"rendered":"<p>Y\u00fcksek performansl\u0131 LED ayd\u0131nlatma ile donat\u0131lm\u0131\u015f bu solar g\u00fcvenlik lambas\u0131, hem fonksiyonelli\u011fi hem de estetik tasar\u0131m\u0131yla d\u0131\u015f mekanlar i\u00e7in ideal bir \u00e7\u00f6z\u00fcmd\u00fcr. Entegre hareket sens\u00f6r\u00fc sayesinde yaln\u0131zca alg\u0131lama yap\u0131ld\u0131\u011f\u0131nda \u00e7al\u0131\u015f\u0131r, b\u00f6ylece hem enerji tasarrufu sa\u011flar hem de \u00e7evrenizi gereksiz \u0131\u015f\u0131kla yormaz. G\u00fcnd\u00fcz boyunca g\u00fcne\u015f \u0131\u015f\u0131\u011f\u0131n\u0131 depolayan polikristal silikon paneli, geceye g\u00fc\u00e7l\u00fc bir ayd\u0131nlatma performans\u0131yla kar\u015f\u0131l\u0131k verir. Kablo ba\u011flant\u0131s\u0131 gerektirmedi\u011fi i\u00e7in montaj\u0131 olduk\u00e7a pratiktir; bah\u00e7eler, garaj giri\u015fleri, bina \u00e7evreleri ve depo alanlar\u0131 i\u00e7in h\u0131zl\u0131ca uygulanabilir.Kamera g\u00f6r\u00fcn\u00fcml\u00fc tasar\u0131m\u0131 ise g\u00fcvenli\u011fi \u00f6n planda tutanlar i\u00e7in ekstra bir cayd\u0131r\u0131c\u0131l\u0131k sa\u011flar. \u015e\u0131k yap\u0131s\u0131yla ortam\u0131n estetik b\u00fct\u00fcnl\u00fc\u011f\u00fcn\u00fc bozmazken, IP65 sertifikal\u0131 d\u0131\u015f y\u00fczeyi sayesinde ya\u011fmur, kar, r\u00fczgar gibi zorlu hava ko\u015fullar\u0131na kar\u015f\u0131 da maksimum dayan\u0131kl\u0131l\u0131k g\u00f6sterir. Uzaktan kumanda ile kontrol edilebilmesi sayesinde kullan\u0131m kolayl\u0131\u011f\u0131 sunan \u00fcr\u00fcn, farkl\u0131 ihtiya\u00e7lara g\u00f6re \u00fc\u00e7 farkl\u0131 ayd\u0131nlatma moduna sahiptir. ABS plastik ve al\u00fcminyumdan \u00fcretilen dayan\u0131kl\u0131 g\u00f6vdesi, uzun \u00f6m\u00fcrl\u00fc kullan\u0131m i\u00e7in idealdir. Hem \u00e7evre dostu hem de g\u00fcvenlik bilinciyle tasarlanm\u0131\u015f bu LED lamba, d\u0131\u015f mekanlar\u0131n\u0131zda g\u00fc\u00e7l\u00fc bir fark yarat\u0131r.&nbsp;&nbsp;&nbsp;<\/p>\n","protected":false},"excerpt":{"rendered":"<p>Y\u00fcksek performansl\u0131 LED ayd\u0131nlatma ile donat\u0131lm\u0131\u015f bu solar g\u00fcvenlik lambas\u0131, hem fonksiyonelli\u011fi hem de estetik tasar\u0131m\u0131yla d\u0131\u015f mekanlar i\u00e7in ideal bir \u00e7\u00f6z\u00fcmd\u00fcr. Entegre hareket sens\u00f6r\u00fc sayesinde yaln\u0131zca alg\u0131lama yap\u0131ld\u0131\u011f\u0131nda \u00e7al\u0131\u015f\u0131r, b\u00f6ylece hem enerji tasarrufu sa\u011flar hem de \u00e7evrenizi gereksiz \u0131\u015f\u0131kla yormaz. G\u00fcnd\u00fcz boyunca g\u00fcne\u015f \u0131\u015f\u0131\u011f\u0131n\u0131 depolayan polikristal silikon paneli, geceye g\u00fc\u00e7l\u00fc bir ayd\u0131nlatma performans\u0131yla kar\u015f\u0131l\u0131k&#8230;<\/p>\n","protected":false},"featured_media":111385,"comment_status":"open","ping_status":"closed","template":"","meta":{"_kad_post_transparent":"","_kad_post_title":"","_kad_post_layout":"","_kad_post_sidebar_id":"","_kad_post_content_style":"","_kad_post_vertical_padding":"","_kad_post_feature":"","_kad_post_feature_position":"","_kad_post_header":false,"_kad_post_footer":false,"_kad_post_classname":""},"product_brand":[],"product_cat":[14946],"product_tag":[],"class_list":{"0":"post-111386","1":"product","2":"type-product","3":"status-publish","4":"has-post-thumbnail","6":"product_cat-bahce-aydinlatmasi-bahce-aydinlatmasi","8":"first","9":"instock","10":"purchasable","11":"product-type-simple","12":"entry","13":"content-bg","14":"loop-entry"},"_links":{"self":[{"href":"https:\/\/www.hediyepazar.com\/index.php?rest_route=\/wp\/v2\/product\/111386","targetHints":{"allow":["GET"]}}],"collection":[{"href":"https:\/\/www.hediyepazar.com\/index.php?rest_route=\/wp\/v2\/product"}],"about":[{"href":"https:\/\/www.hediyepazar.com\/index.php?rest_route=\/wp\/v2\/types\/product"}],"replies":[{"embeddable":true,"href":"https:\/\/www.hediyepazar.com\/index.php?rest_route=%2Fwp%2Fv2%2Fcomments&post=111386"}],"wp:featuredmedia":[{"embeddable":true,"href":"https:\/\/www.hediyepazar.com\/index.php?rest_route=\/wp\/v2\/media\/111385"}],"wp:attachment":[{"href":"https:\/\/www.hediyepazar.com\/index.php?rest_route=%2Fwp%2Fv2%2Fmedia&parent=111386"}],"wp:term":[{"taxonomy":"product_brand","embeddable":true,"href":"https:\/\/www.hediyepazar.com\/index.php?rest_route=%2Fwp%2Fv2%2Fproduct_brand&post=111386"},{"taxonomy":"product_cat","embeddable":true,"href":"https:\/\/www.hediyepazar.com\/index.php?rest_route=%2Fwp%2Fv2%2Fproduct_cat&post=111386"},{"taxonomy":"product_tag","embeddable":true,"href":"https:\/\/www.hediyepazar.com\/index.php?rest_route=%2Fwp%2Fv2%2Fproduct_tag&post=111386"}],"curies":[{"name":"wp","href":"https:\/\/api.w.org\/{rel}","templated":true}]}}