{"id":111388,"date":"2026-05-05T07:13:57","date_gmt":"2026-05-05T10:13:57","guid":{"rendered":"https:\/\/www.hediyepazar.com\/?product=kendi-kendini-temizleyebilen-hijyenik-sac-fircasi-anti-statik-teknolojisi"},"modified":"2026-05-05T07:13:57","modified_gmt":"2026-05-05T10:13:57","slug":"kendi-kendini-temizleyebilen-hijyenik-sac-fircasi-anti-statik-teknolojisi","status":"publish","type":"product","link":"https:\/\/www.hediyepazar.com\/?product=kendi-kendini-temizleyebilen-hijyenik-sac-fircasi-anti-statik-teknolojisi","title":{"rendered":"Kendi kendini Temizleyebilen Hijyenik Sa\u00e7 F\u0131r\u00e7as\u0131 Anti-Statik Teknolojisi"},"content":{"rendered":"<p>Bu \u00e7ok y\u00f6nl\u00fc sa\u00e7 f\u0131r\u00e7as\u0131, sa\u00e7 bak\u0131m rutininizi bir ad\u0131m \u00f6teye ta\u015f\u0131yarak hem temizlik hem de konfor sunar. Sa\u00e7 derisini nazik\u00e7e tarayarak biriken kiri, ya\u011f\u0131 ve \u00f6l\u00fc deriyi ar\u0131nd\u0131r\u0131rken ayn\u0131 zamanda kan dola\u015f\u0131m\u0131n\u0131 destekleyerek sa\u00e7 k\u00f6klerinin g\u00fc\u00e7lenmesine katk\u0131da bulunur. Anti-statik \u00f6zelli\u011fi sayesinde sa\u00e7lardaki kabarmay\u0131 ve elektriklenmeyi \u00f6nler, b\u00f6ylece sa\u00e7lar\u0131n\u0131z her zaman daha d\u00fczg\u00fcn, bak\u0131ml\u0131 ve kolay \u015fekil alabilir bir yap\u0131da olur.Geni\u015f y\u00fczey alan\u0131na sahip \u00f6zel ba\u015fl\u0131\u011f\u0131 ile sa\u00e7 derisine do\u011frudan temas ederek masaj etkisi yarat\u0131r ve sa\u00e7 k\u00f6klerinin uyar\u0131lmas\u0131na yard\u0131mc\u0131 olur. \u00d6zellikle du\u015f s\u0131ras\u0131nda kullan\u0131labilen tasar\u0131m\u0131, \u015fampuanla birlikte uyguland\u0131\u011f\u0131nda daha etkili bir temizlik sa\u011flar. Kendi kendini temizleyen pratik yap\u0131s\u0131 sayesinde bak\u0131m sonras\u0131nda f\u0131r\u00e7ay\u0131 temizlemek zahmetli olmaktan \u00e7\u0131kar; her zaman hijyenik ve tertemiz bir kullan\u0131m vadeder. Estetik tasar\u0131m\u0131 ve fonksiyonel \u00f6zellikleriyle bu f\u0131r\u00e7a, hem sa\u00e7 bak\u0131m\u0131na \u00f6zen g\u00f6sterenler hem de profesyonel kullan\u0131m i\u00e7in ideal bir yard\u0131mc\u0131d\u0131r.<\/p>\n","protected":false},"excerpt":{"rendered":"<p>Bu \u00e7ok y\u00f6nl\u00fc sa\u00e7 f\u0131r\u00e7as\u0131, sa\u00e7 bak\u0131m rutininizi bir ad\u0131m \u00f6teye ta\u015f\u0131yarak hem temizlik hem de konfor sunar. Sa\u00e7 derisini nazik\u00e7e tarayarak biriken kiri, ya\u011f\u0131 ve \u00f6l\u00fc deriyi ar\u0131nd\u0131r\u0131rken ayn\u0131 zamanda kan dola\u015f\u0131m\u0131n\u0131 destekleyerek sa\u00e7 k\u00f6klerinin g\u00fc\u00e7lenmesine katk\u0131da bulunur. Anti-statik \u00f6zelli\u011fi sayesinde sa\u00e7lardaki kabarmay\u0131 ve elektriklenmeyi \u00f6nler, b\u00f6ylece sa\u00e7lar\u0131n\u0131z her zaman daha d\u00fczg\u00fcn, bak\u0131ml\u0131 ve&#8230;<\/p>\n","protected":false},"featured_media":111387,"comment_status":"open","ping_status":"closed","template":"","meta":{"_kad_post_transparent":"","_kad_post_title":"","_kad_post_layout":"","_kad_post_sidebar_id":"","_kad_post_content_style":"","_kad_post_vertical_padding":"","_kad_post_feature":"","_kad_post_feature_position":"","_kad_post_header":false,"_kad_post_footer":false,"_kad_post_classname":""},"product_brand":[],"product_cat":[14955],"product_tag":[],"class_list":{"0":"post-111388","1":"product","2":"type-product","3":"status-publish","4":"has-post-thumbnail","6":"product_cat-sac-fircasi-tarak-sac-fircasi-tarak","8":"first","9":"instock","10":"purchasable","11":"product-type-simple","12":"entry","13":"content-bg","14":"loop-entry"},"_links":{"self":[{"href":"https:\/\/www.hediyepazar.com\/index.php?rest_route=\/wp\/v2\/product\/111388","targetHints":{"allow":["GET"]}}],"collection":[{"href":"https:\/\/www.hediyepazar.com\/index.php?rest_route=\/wp\/v2\/product"}],"about":[{"href":"https:\/\/www.hediyepazar.com\/index.php?rest_route=\/wp\/v2\/types\/product"}],"replies":[{"embeddable":true,"href":"https:\/\/www.hediyepazar.com\/index.php?rest_route=%2Fwp%2Fv2%2Fcomments&post=111388"}],"wp:featuredmedia":[{"embeddable":true,"href":"https:\/\/www.hediyepazar.com\/index.php?rest_route=\/wp\/v2\/media\/111387"}],"wp:attachment":[{"href":"https:\/\/www.hediyepazar.com\/index.php?rest_route=%2Fwp%2Fv2%2Fmedia&parent=111388"}],"wp:term":[{"taxonomy":"product_brand","embeddable":true,"href":"https:\/\/www.hediyepazar.com\/index.php?rest_route=%2Fwp%2Fv2%2Fproduct_brand&post=111388"},{"taxonomy":"product_cat","embeddable":true,"href":"https:\/\/www.hediyepazar.com\/index.php?rest_route=%2Fwp%2Fv2%2Fproduct_cat&post=111388"},{"taxonomy":"product_tag","embeddable":true,"href":"https:\/\/www.hediyepazar.com\/index.php?rest_route=%2Fwp%2Fv2%2Fproduct_tag&post=111388"}],"curies":[{"name":"wp","href":"https:\/\/api.w.org\/{rel}","templated":true}]}}