{"id":111394,"date":"2026-05-05T07:14:14","date_gmt":"2026-05-05T10:14:14","guid":{"rendered":"https:\/\/www.hediyepazar.com\/?product=kablosuz-dijital-gostergeli-cagri-cevaplayabilen-tws-5-0-bluetooth-kulaklik"},"modified":"2026-05-05T07:14:14","modified_gmt":"2026-05-05T10:14:14","slug":"kablosuz-dijital-gostergeli-cagri-cevaplayabilen-tws-5-0-bluetooth-kulaklik","status":"publish","type":"product","link":"https:\/\/www.hediyepazar.com\/?product=kablosuz-dijital-gostergeli-cagri-cevaplayabilen-tws-5-0-bluetooth-kulaklik","title":{"rendered":"Kablosuz Dijital G\u00f6stergeli \u00c7a\u011fr\u0131 Cevaplayabilen TWS 5.0 Bluetooth Kulakl\u0131k"},"content":{"rendered":"<p>Yenilik\u00e7i teknolojisi ve kullan\u0131c\u0131 dostu tasar\u0131m\u0131yla dikkat \u00e7eken TWS A10s Bluetooth kulakl\u0131k, hem g\u00fcnl\u00fck kullan\u0131mda hem de uzun s\u00fcreli m\u00fczik dinleme ve g\u00f6r\u00fc\u015fme ihtiya\u00e7lar\u0131nda \u00fcst\u00fcn bir performans sunar. Bluetooth 5.0 ba\u011flant\u0131 teknolojisi ile donat\u0131lan bu model, daha kararl\u0131 ve daha h\u0131zl\u0131 veri aktar\u0131m\u0131 sa\u011flarken ayn\u0131 zamanda d\u00fc\u015f\u00fck enerji t\u00fcketimiyle uzun s\u00fcreli kullan\u0131m imk\u00e2n\u0131 tan\u0131r. Ger\u00e7ek kablosuz stereo (TWS) \u00f6zelli\u011fi sayesinde kulakl\u0131klar birbirinden ba\u011f\u0131ms\u0131z olarak \u00e7al\u0131\u015fabilir ve y\u00fcksek kaliteli stereo ses deneyimi sunar.Kompakt ve ergonomik yap\u0131s\u0131 kulak i\u00e7ine m\u00fckemmel uyum sa\u011flayarak uzun s\u00fcreli kullan\u0131mlarda bile rahats\u0131zl\u0131k hissi yaratmaz. Dokunmatik kontrol paneli sayesinde m\u00fczik \u00e7alma, duraklatma, arama yan\u0131tlama ya da sesli asistana eri\u015fim gibi i\u015flevler parmak ucunuzla kolayca ger\u00e7ekle\u015ftirilebilir. Her biri 40 mAh kapasiteye sahip olan kulakl\u0131klar, yakla\u015f\u0131k 4 saat boyunca kesintisiz kullan\u0131m sunarken, 1800 mAh kapasiteli \u015farj kutusu kulakl\u0131klar\u0131 ortalama 22 kez yeniden \u015farj edebilme kapasitesine sahiptir. Ayr\u0131ca bu \u015farj kutusu, USB \u00e7\u0131k\u0131\u015f\u0131 sayesinde acil durumlarda cep telefonlar\u0131n\u0131z\u0131 da \u015farj edebilme fonksiyonuna sahiptir.Geni\u015f uyumluluk yap\u0131s\u0131yla iOS, Android ve Windows i\u015fletim sistemine sahip cihazlarla kolayca e\u015fle\u015fir. 10 metreye kadar kapsama alan\u0131 sunarak kullan\u0131c\u0131n\u0131n hareket \u00f6zg\u00fcrl\u00fc\u011f\u00fcn\u00fc art\u0131r\u0131r. 120 saatlik bekleme s\u00fcresi ile uzun s\u00fcre \u015farj etmeden kullan\u0131labilir. Paket i\u00e7eri\u011finde kulakl\u0131klar, \u015farj kutusu, USB kablosu, kulak u\u00e7lar\u0131 ve kullan\u0131m k\u0131lavuzu yer al\u0131r. Geli\u015fmi\u015f \u00e7ipi sayesinde gecikmesiz ses iletimi sa\u011flayarak oyun ya da video izleme esnas\u0131nda y\u00fcksek senkronizasyon avantaj\u0131 sunar. Hem teknolojik \u00f6zellikleri hem de \u015f\u0131k tasar\u0131m\u0131yla TWS A10s, kablosuz kulakl\u0131k deneyimini bir \u00fcst seviyeye ta\u015f\u0131r.&nbsp;&nbsp;&nbsp;<\/p>\n","protected":false},"excerpt":{"rendered":"<p>Yenilik\u00e7i teknolojisi ve kullan\u0131c\u0131 dostu tasar\u0131m\u0131yla dikkat \u00e7eken TWS A10s Bluetooth kulakl\u0131k, hem g\u00fcnl\u00fck kullan\u0131mda hem de uzun s\u00fcreli m\u00fczik dinleme ve g\u00f6r\u00fc\u015fme ihtiya\u00e7lar\u0131nda \u00fcst\u00fcn bir performans sunar. Bluetooth 5.0 ba\u011flant\u0131 teknolojisi ile donat\u0131lan bu model, daha kararl\u0131 ve daha h\u0131zl\u0131 veri aktar\u0131m\u0131 sa\u011flarken ayn\u0131 zamanda d\u00fc\u015f\u00fck enerji t\u00fcketimiyle uzun s\u00fcreli kullan\u0131m imk\u00e2n\u0131 tan\u0131r. Ger\u00e7ek&#8230;<\/p>\n","protected":false},"featured_media":111393,"comment_status":"open","ping_status":"closed","template":"","meta":{"_kad_post_transparent":"","_kad_post_title":"","_kad_post_layout":"","_kad_post_sidebar_id":"","_kad_post_content_style":"","_kad_post_vertical_padding":"","_kad_post_feature":"","_kad_post_feature_position":"","_kad_post_header":false,"_kad_post_footer":false,"_kad_post_classname":""},"product_brand":[],"product_cat":[14957],"product_tag":[],"class_list":{"0":"post-111394","1":"product","2":"type-product","3":"status-publish","4":"has-post-thumbnail","6":"product_cat-kablosuz-kulaklik-kablosuz-kulaklik","8":"first","9":"instock","10":"purchasable","11":"product-type-simple","12":"entry","13":"content-bg","14":"loop-entry"},"_links":{"self":[{"href":"https:\/\/www.hediyepazar.com\/index.php?rest_route=\/wp\/v2\/product\/111394","targetHints":{"allow":["GET"]}}],"collection":[{"href":"https:\/\/www.hediyepazar.com\/index.php?rest_route=\/wp\/v2\/product"}],"about":[{"href":"https:\/\/www.hediyepazar.com\/index.php?rest_route=\/wp\/v2\/types\/product"}],"replies":[{"embeddable":true,"href":"https:\/\/www.hediyepazar.com\/index.php?rest_route=%2Fwp%2Fv2%2Fcomments&post=111394"}],"wp:featuredmedia":[{"embeddable":true,"href":"https:\/\/www.hediyepazar.com\/index.php?rest_route=\/wp\/v2\/media\/111393"}],"wp:attachment":[{"href":"https:\/\/www.hediyepazar.com\/index.php?rest_route=%2Fwp%2Fv2%2Fmedia&parent=111394"}],"wp:term":[{"taxonomy":"product_brand","embeddable":true,"href":"https:\/\/www.hediyepazar.com\/index.php?rest_route=%2Fwp%2Fv2%2Fproduct_brand&post=111394"},{"taxonomy":"product_cat","embeddable":true,"href":"https:\/\/www.hediyepazar.com\/index.php?rest_route=%2Fwp%2Fv2%2Fproduct_cat&post=111394"},{"taxonomy":"product_tag","embeddable":true,"href":"https:\/\/www.hediyepazar.com\/index.php?rest_route=%2Fwp%2Fv2%2Fproduct_tag&post=111394"}],"curies":[{"name":"wp","href":"https:\/\/api.w.org\/{rel}","templated":true}]}}