{"id":111398,"date":"2026-05-05T07:14:59","date_gmt":"2026-05-05T10:14:59","guid":{"rendered":"https:\/\/www.hediyepazar.com\/?product=kablosuz-bluetooth-kulaklik-android-ve-ios-uyumlu-led-gostergeli-powerbankli"},"modified":"2026-05-05T07:14:59","modified_gmt":"2026-05-05T10:14:59","slug":"kablosuz-bluetooth-kulaklik-android-ve-ios-uyumlu-led-gostergeli-powerbankli","status":"publish","type":"product","link":"https:\/\/www.hediyepazar.com\/?product=kablosuz-bluetooth-kulaklik-android-ve-ios-uyumlu-led-gostergeli-powerbankli","title":{"rendered":"Kablosuz Bluetooth Kulakl\u0131k Android ve \u0130OS Uyumlu Led G\u00f6stergeli Powerbankli"},"content":{"rendered":"<p>Geli\u015fmi\u015f teknoloji ve fonksiyonelli\u011fi bir arada sunan Earbuds Tws A10s Bluetooth kulakl\u0131k, g\u00fcnl\u00fck kullan\u0131mda maksimum konfor ve performans arayanlar i\u00e7in tasarlanm\u0131\u015ft\u0131r. Ger\u00e7ek kablosuz stereo \u00f6zelli\u011fi ile birlikte gelen bu kulakl\u0131k, Bluetooth 5.0 teknolojisi sayesinde cihazlara h\u0131zl\u0131 ve kararl\u0131 bir \u015fekilde ba\u011flanarak kesintisiz bir ses deneyimi sunar. Yeni nesil AB53Q6A \u00e7ipiyle donat\u0131lan model, hem iOS hem Android cihazlarla y\u00fcksek uyumluluk g\u00f6sterir ve Windows sistemleriyle de rahatl\u0131kla kullan\u0131labilir.Mini tasar\u0131m\u0131yla dikkat \u00e7eken A10s kulakl\u0131k, 40 mAh\u2019lik kulakl\u0131k bataryalar\u0131yla yakla\u015f\u0131k 4 saate kadar m\u00fczik dinleme ve arama yapma s\u00fcresi sa\u011flar. 1800 mAh kapasiteli \u015farj kutusu yaln\u0131zca kulakl\u0131klar\u0131 22 kez \u015farj edebilmekle kalmaz, ayn\u0131 zamanda acil durumlarda cep telefonunuzu da \u015farj edebilme \u00f6zelli\u011fine sahiptir. \u015earj kutusu \u00fczerindeki dijital ekran sayesinde pil seviyesini anl\u0131k olarak takip edebilir, ihtiya\u00e7 duydu\u011funuzda m\u00fcdahale edebilirsiniz.Kulakl\u0131klar otomatik olarak a\u00e7\u0131l\u0131r ve e\u015fle\u015fir; bu sayede kullan\u0131m kolayl\u0131\u011f\u0131 sa\u011flan\u0131r. Dokunmatik kontrol \u00f6zelli\u011fi ile m\u00fczi\u011fi duraklatmak, \u00e7a\u011fr\u0131 yan\u0131tlamak ya da par\u00e7alar\u0131 de\u011fi\u015ftirmek olduk\u00e7a pratik hale gelir. Yakla\u015f\u0131k 10 metreye kadar ba\u011flant\u0131 mesafesi sunan model, hareket \u00f6zg\u00fcrl\u00fc\u011f\u00fc isteyen kullan\u0131c\u0131lar i\u00e7in idealdir. Hafif yap\u0131s\u0131 ve kulak i\u00e7i formu sayesinde uzun s\u00fcreli kullan\u0131mlarda dahi rahats\u0131zl\u0131k vermez. Bekleme s\u00fcresi yakla\u015f\u0131k 120 saat olan bu kulakl\u0131k, hem g\u00fcnl\u00fck kullan\u0131m hem de seyahatler i\u00e7in ideal bir se\u00e7imdir. \u015earj kablosu, kulakl\u0131k ba\u015fl\u0131klar\u0131 ve kullan\u0131m k\u0131lavuzuyla birlikte gelen \u00fcr\u00fcn, kutu i\u00e7eri\u011fiyle eksiksizdir.&nbsp;&nbsp;&nbsp;&nbsp;&nbsp;&nbsp;<\/p>\n","protected":false},"excerpt":{"rendered":"<p>Geli\u015fmi\u015f teknoloji ve fonksiyonelli\u011fi bir arada sunan Earbuds Tws A10s Bluetooth kulakl\u0131k, g\u00fcnl\u00fck kullan\u0131mda maksimum konfor ve performans arayanlar i\u00e7in tasarlanm\u0131\u015ft\u0131r. Ger\u00e7ek kablosuz stereo \u00f6zelli\u011fi ile birlikte gelen bu kulakl\u0131k, Bluetooth 5.0 teknolojisi sayesinde cihazlara h\u0131zl\u0131 ve kararl\u0131 bir \u015fekilde ba\u011flanarak kesintisiz bir ses deneyimi sunar. Yeni nesil AB53Q6A \u00e7ipiyle donat\u0131lan model, hem iOS hem&#8230;<\/p>\n","protected":false},"featured_media":111397,"comment_status":"open","ping_status":"closed","template":"","meta":{"_kad_post_transparent":"","_kad_post_title":"","_kad_post_layout":"","_kad_post_sidebar_id":"","_kad_post_content_style":"","_kad_post_vertical_padding":"","_kad_post_feature":"","_kad_post_feature_position":"","_kad_post_header":false,"_kad_post_footer":false,"_kad_post_classname":""},"product_brand":[],"product_cat":[14957],"product_tag":[],"class_list":{"0":"post-111398","1":"product","2":"type-product","3":"status-publish","4":"has-post-thumbnail","6":"product_cat-kablosuz-kulaklik-kablosuz-kulaklik","8":"first","9":"instock","10":"purchasable","11":"product-type-simple","12":"entry","13":"content-bg","14":"loop-entry"},"_links":{"self":[{"href":"https:\/\/www.hediyepazar.com\/index.php?rest_route=\/wp\/v2\/product\/111398","targetHints":{"allow":["GET"]}}],"collection":[{"href":"https:\/\/www.hediyepazar.com\/index.php?rest_route=\/wp\/v2\/product"}],"about":[{"href":"https:\/\/www.hediyepazar.com\/index.php?rest_route=\/wp\/v2\/types\/product"}],"replies":[{"embeddable":true,"href":"https:\/\/www.hediyepazar.com\/index.php?rest_route=%2Fwp%2Fv2%2Fcomments&post=111398"}],"wp:featuredmedia":[{"embeddable":true,"href":"https:\/\/www.hediyepazar.com\/index.php?rest_route=\/wp\/v2\/media\/111397"}],"wp:attachment":[{"href":"https:\/\/www.hediyepazar.com\/index.php?rest_route=%2Fwp%2Fv2%2Fmedia&parent=111398"}],"wp:term":[{"taxonomy":"product_brand","embeddable":true,"href":"https:\/\/www.hediyepazar.com\/index.php?rest_route=%2Fwp%2Fv2%2Fproduct_brand&post=111398"},{"taxonomy":"product_cat","embeddable":true,"href":"https:\/\/www.hediyepazar.com\/index.php?rest_route=%2Fwp%2Fv2%2Fproduct_cat&post=111398"},{"taxonomy":"product_tag","embeddable":true,"href":"https:\/\/www.hediyepazar.com\/index.php?rest_route=%2Fwp%2Fv2%2Fproduct_tag&post=111398"}],"curies":[{"name":"wp","href":"https:\/\/api.w.org\/{rel}","templated":true}]}}