{"id":111400,"date":"2026-05-05T07:15:07","date_gmt":"2026-05-05T10:15:07","guid":{"rendered":"https:\/\/www.hediyepazar.com\/?product=bluetooth-kulaklik-tws-yuksek-ses-kaliteli-kesintisiz-dijital-gostergeli-kulaklik"},"modified":"2026-05-05T07:15:07","modified_gmt":"2026-05-05T10:15:07","slug":"bluetooth-kulaklik-tws-yuksek-ses-kaliteli-kesintisiz-dijital-gostergeli-kulaklik","status":"publish","type":"product","link":"https:\/\/www.hediyepazar.com\/?product=bluetooth-kulaklik-tws-yuksek-ses-kaliteli-kesintisiz-dijital-gostergeli-kulaklik","title":{"rendered":"Bluetooth Kulakl\u0131k TWS Y\u00fcksek Ses Kaliteli Kesintisiz Dijital G\u00f6stergeli Kulakl\u0131k"},"content":{"rendered":"<p>Modern tasar\u0131m\u0131 ve \u00fcst\u00fcn teknolojisiyle \u00f6ne \u00e7\u0131kan bu kulak i\u00e7i Bluetooth kulakl\u0131k, kullan\u0131c\u0131ya y\u00fcksek kaliteli bir ses deneyimi sunarken ayn\u0131 zamanda kullan\u0131m kolayl\u0131\u011f\u0131 sa\u011flar. Hafif yap\u0131s\u0131 ve ergonomik kulak i\u00e7i tasar\u0131m\u0131 sayesinde uzun s\u00fcreli kullan\u0131mlarda bile rahats\u0131zl\u0131k vermez. 300 mAh bataryas\u0131 ile 3 saate kadar kesintisiz kullan\u0131m imkan\u0131 tan\u0131yan model, g\u00fcnl\u00fck ihtiya\u00e7lar i\u00e7in yeterli bir performans sunar. Kablo karma\u015fas\u0131ndan uzak, \u00f6zg\u00fcrce m\u00fczik dinleme ve telefon g\u00f6r\u00fc\u015fmeleri yapma imkan\u0131 sa\u011flar.Bluetooth ba\u011flant\u0131s\u0131 sayesinde cihaz\u0131n\u0131za h\u0131zl\u0131 ve g\u00fc\u00e7l\u00fc bir \u015fekilde ba\u011flanarak ses iletiminde kopmalar\u0131n \u00f6n\u00fcne ge\u00e7er. Dokunmatik kontrol paneli sayesinde m\u00fczik ge\u00e7i\u015fleri, duraklatma, \u00e7a\u011fr\u0131 yan\u0131tlama gibi i\u015flemler tek dokunu\u015fla kolayca ger\u00e7ekle\u015ftirilebilir. 10 metreye kadar kablosuz ba\u011flant\u0131 mesafesi ile cihaz\u0131n\u0131za yak\u0131n olma zorunlulu\u011fu ortadan kalkar. Bu sayede hareket \u00f6zg\u00fcrl\u00fc\u011f\u00fc sa\u011flar ve \u00f6zellikle spor yaparken veya d\u0131\u015far\u0131da aktifken ideal bir kullan\u0131m sunar.IPX4 suya dayan\u0131kl\u0131l\u0131k \u00f6zelli\u011fi ile ya\u011fmurlu havalarda ya da terlemeye kar\u015f\u0131 diren\u00e7 g\u00f6stererek dayan\u0131kl\u0131l\u0131\u011f\u0131n\u0131 art\u0131r\u0131r. 3D ses teknolojisiyle donat\u0131lm\u0131\u015f olan kulakl\u0131k, d\u0131\u015f g\u00fcr\u00fclt\u00fcy\u00fc azaltarak daha net ve g\u00fc\u00e7l\u00fc bir ses kalitesi sa\u011flar. T\u00fcm cihazlarla uyumlu \u00e7al\u0131\u015fmas\u0131, onu farkl\u0131 telefon modelleri ve di\u011fer Bluetooth destekli elektronik cihazlarla kolayca entegre edilebilir k\u0131lar. \u015e\u0131k ve i\u015flevsel bir Bluetooth kulakl\u0131k arayanlar i\u00e7in bu model, beklentileri kar\u015f\u0131layacak g\u00fc\u00e7l\u00fc bir alternatiftir.&nbsp;&nbsp;&nbsp;&nbsp;&nbsp;<\/p>\n","protected":false},"excerpt":{"rendered":"<p>Modern tasar\u0131m\u0131 ve \u00fcst\u00fcn teknolojisiyle \u00f6ne \u00e7\u0131kan bu kulak i\u00e7i Bluetooth kulakl\u0131k, kullan\u0131c\u0131ya y\u00fcksek kaliteli bir ses deneyimi sunarken ayn\u0131 zamanda kullan\u0131m kolayl\u0131\u011f\u0131 sa\u011flar. Hafif yap\u0131s\u0131 ve ergonomik kulak i\u00e7i tasar\u0131m\u0131 sayesinde uzun s\u00fcreli kullan\u0131mlarda bile rahats\u0131zl\u0131k vermez. 300 mAh bataryas\u0131 ile 3 saate kadar kesintisiz kullan\u0131m imkan\u0131 tan\u0131yan model, g\u00fcnl\u00fck ihtiya\u00e7lar i\u00e7in yeterli bir&#8230;<\/p>\n","protected":false},"featured_media":111399,"comment_status":"open","ping_status":"closed","template":"","meta":{"_kad_post_transparent":"","_kad_post_title":"","_kad_post_layout":"","_kad_post_sidebar_id":"","_kad_post_content_style":"","_kad_post_vertical_padding":"","_kad_post_feature":"","_kad_post_feature_position":"","_kad_post_header":false,"_kad_post_footer":false,"_kad_post_classname":""},"product_brand":[],"product_cat":[14957],"product_tag":[],"class_list":{"0":"post-111400","1":"product","2":"type-product","3":"status-publish","4":"has-post-thumbnail","6":"product_cat-kablosuz-kulaklik-kablosuz-kulaklik","8":"first","9":"instock","10":"purchasable","11":"product-type-simple","12":"entry","13":"content-bg","14":"loop-entry"},"_links":{"self":[{"href":"https:\/\/www.hediyepazar.com\/index.php?rest_route=\/wp\/v2\/product\/111400","targetHints":{"allow":["GET"]}}],"collection":[{"href":"https:\/\/www.hediyepazar.com\/index.php?rest_route=\/wp\/v2\/product"}],"about":[{"href":"https:\/\/www.hediyepazar.com\/index.php?rest_route=\/wp\/v2\/types\/product"}],"replies":[{"embeddable":true,"href":"https:\/\/www.hediyepazar.com\/index.php?rest_route=%2Fwp%2Fv2%2Fcomments&post=111400"}],"wp:featuredmedia":[{"embeddable":true,"href":"https:\/\/www.hediyepazar.com\/index.php?rest_route=\/wp\/v2\/media\/111399"}],"wp:attachment":[{"href":"https:\/\/www.hediyepazar.com\/index.php?rest_route=%2Fwp%2Fv2%2Fmedia&parent=111400"}],"wp:term":[{"taxonomy":"product_brand","embeddable":true,"href":"https:\/\/www.hediyepazar.com\/index.php?rest_route=%2Fwp%2Fv2%2Fproduct_brand&post=111400"},{"taxonomy":"product_cat","embeddable":true,"href":"https:\/\/www.hediyepazar.com\/index.php?rest_route=%2Fwp%2Fv2%2Fproduct_cat&post=111400"},{"taxonomy":"product_tag","embeddable":true,"href":"https:\/\/www.hediyepazar.com\/index.php?rest_route=%2Fwp%2Fv2%2Fproduct_tag&post=111400"}],"curies":[{"name":"wp","href":"https:\/\/api.w.org\/{rel}","templated":true}]}}