{"id":111410,"date":"2026-05-05T07:17:10","date_gmt":"2026-05-05T10:17:10","guid":{"rendered":"https:\/\/www.hediyepazar.com\/?product=4k-wireless-cift-kollu-kumandali-oyun-projeksiyonu-retro-video-oyunu"},"modified":"2026-05-05T07:17:10","modified_gmt":"2026-05-05T10:17:10","slug":"4k-wireless-cift-kollu-kumandali-oyun-projeksiyonu-retro-video-oyunu","status":"publish","type":"product","link":"https:\/\/www.hediyepazar.com\/?product=4k-wireless-cift-kollu-kumandali-oyun-projeksiyonu-retro-video-oyunu","title":{"rendered":"4K Wireless \u00c7ift Kollu Kumandal\u0131 Oyun Projeksiyonu Retro Video Oyunu"},"content":{"rendered":"<p>Ta\u015f\u0131nabilir yap\u0131s\u0131yla her ortamda kolayca kullan\u0131labilen bu kompakt projekt\u00f6r, sundu\u011fu geli\u015fmi\u015f \u00f6zelliklerle hem e\u011flence hem de i\u015f ihtiya\u00e7lar\u0131n\u0131 kar\u015f\u0131lamaya y\u00f6nelik olarak tasarlanm\u0131\u015ft\u0131r. 200 ANSI l\u00fcmen parlakl\u0131k de\u011feriyle karanl\u0131k ve yar\u0131 karanl\u0131k ortamlarda net g\u00f6r\u00fcnt\u00fcler sunarken, 10000:1 kontrast oran\u0131 sayesinde renkler daha canl\u0131 ve detaylar daha belirgin hale gelir. LCD LED ekran teknolojisi ile desteklenen bu cihaz, daha uzun \u00f6m\u00fcrl\u00fc kullan\u0131m ve daha az enerji t\u00fcketimi sa\u011flar. Android 11 i\u015fletim sistemi ile entegre gelen projekt\u00f6r, uygulamalar\u0131 do\u011frudan \u00e7al\u0131\u015ft\u0131rabilir; 1 GB RAM ve 8 GB dahili haf\u0131zas\u0131 ile temel i\u015flemler i\u00e7in yeterli performans sunar. Dahili HIFI stereo hoparl\u00f6rler sayesinde harici ses sistemine ihtiya\u00e7 duymadan kaliteli ses deneyimi ya\u015fanabilir. Ayn\u0131 zamanda cihaz, i\u00e7erisinde 10.000 adet oyunla birlikte gelerek oyun severlere geni\u015f bir e\u011flence ar\u015fivi sunar. Kompakt ambalaj boyutu (25x18x23 cm) ve cep tipi ta\u015f\u0131nabilirlik \u00f6zelli\u011fi ile ister evde ister d\u0131\u015f mekanlarda kolayca yan\u0131n\u0131zda ta\u015f\u0131yabilirsiniz. Bu \u00e7ok y\u00f6nl\u00fc projekt\u00f6r, internet ba\u011flant\u0131 deste\u011fiyle dijital i\u00e7eriklere eri\u015fimi de zahmetsiz hale getiriyor.&nbsp;&nbsp;&nbsp;&nbsp;&nbsp;&nbsp;&nbsp;&nbsp;&nbsp;&nbsp;<\/p>\n","protected":false},"excerpt":{"rendered":"<p>Ta\u015f\u0131nabilir yap\u0131s\u0131yla her ortamda kolayca kullan\u0131labilen bu kompakt projekt\u00f6r, sundu\u011fu geli\u015fmi\u015f \u00f6zelliklerle hem e\u011flence hem de i\u015f ihtiya\u00e7lar\u0131n\u0131 kar\u015f\u0131lamaya y\u00f6nelik olarak tasarlanm\u0131\u015ft\u0131r. 200 ANSI l\u00fcmen parlakl\u0131k de\u011feriyle karanl\u0131k ve yar\u0131 karanl\u0131k ortamlarda net g\u00f6r\u00fcnt\u00fcler sunarken, 10000:1 kontrast oran\u0131 sayesinde renkler daha canl\u0131 ve detaylar daha belirgin hale gelir. LCD LED ekran teknolojisi ile desteklenen bu&#8230;<\/p>\n","protected":false},"featured_media":111409,"comment_status":"open","ping_status":"closed","template":"","meta":{"_kad_post_transparent":"","_kad_post_title":"","_kad_post_layout":"","_kad_post_sidebar_id":"","_kad_post_content_style":"","_kad_post_vertical_padding":"","_kad_post_feature":"","_kad_post_feature_position":"","_kad_post_header":false,"_kad_post_footer":false,"_kad_post_classname":""},"product_brand":[],"product_cat":[14961],"product_tag":[],"class_list":{"0":"post-111410","1":"product","2":"type-product","3":"status-publish","4":"has-post-thumbnail","6":"product_cat-oyun-konsolu-oyun-konsolu","8":"first","9":"instock","10":"purchasable","11":"product-type-simple","12":"entry","13":"content-bg","14":"loop-entry"},"_links":{"self":[{"href":"https:\/\/www.hediyepazar.com\/index.php?rest_route=\/wp\/v2\/product\/111410","targetHints":{"allow":["GET"]}}],"collection":[{"href":"https:\/\/www.hediyepazar.com\/index.php?rest_route=\/wp\/v2\/product"}],"about":[{"href":"https:\/\/www.hediyepazar.com\/index.php?rest_route=\/wp\/v2\/types\/product"}],"replies":[{"embeddable":true,"href":"https:\/\/www.hediyepazar.com\/index.php?rest_route=%2Fwp%2Fv2%2Fcomments&post=111410"}],"wp:featuredmedia":[{"embeddable":true,"href":"https:\/\/www.hediyepazar.com\/index.php?rest_route=\/wp\/v2\/media\/111409"}],"wp:attachment":[{"href":"https:\/\/www.hediyepazar.com\/index.php?rest_route=%2Fwp%2Fv2%2Fmedia&parent=111410"}],"wp:term":[{"taxonomy":"product_brand","embeddable":true,"href":"https:\/\/www.hediyepazar.com\/index.php?rest_route=%2Fwp%2Fv2%2Fproduct_brand&post=111410"},{"taxonomy":"product_cat","embeddable":true,"href":"https:\/\/www.hediyepazar.com\/index.php?rest_route=%2Fwp%2Fv2%2Fproduct_cat&post=111410"},{"taxonomy":"product_tag","embeddable":true,"href":"https:\/\/www.hediyepazar.com\/index.php?rest_route=%2Fwp%2Fv2%2Fproduct_tag&post=111410"}],"curies":[{"name":"wp","href":"https:\/\/api.w.org\/{rel}","templated":true}]}}