{"id":111420,"date":"2026-05-05T07:19:27","date_gmt":"2026-05-05T10:19:27","guid":{"rendered":"https:\/\/www.hediyepazar.com\/?product=uzaktan-kumandali-el-orta-parmak-led-arac-camina-ozel"},"modified":"2026-05-05T07:19:27","modified_gmt":"2026-05-05T10:19:27","slug":"uzaktan-kumandali-el-orta-parmak-led-arac-camina-ozel","status":"publish","type":"product","link":"https:\/\/www.hediyepazar.com\/?product=uzaktan-kumandali-el-orta-parmak-led-arac-camina-ozel","title":{"rendered":"Uzaktan Kumandal\u0131 El Orta Parmak Led Ara\u00e7 Cam\u0131na \u00d6zel"},"content":{"rendered":"<p>Bu LED ayd\u0131nlatma sistemi, uzaktan kumanda \u00f6zelli\u011fi sayesinde araban\u0131z\u0131n i\u00e7indeki LED \u0131\u015f\u0131klar\u0131 kolayca a\u00e7\u0131p kapatman\u0131za olanak tan\u0131r. \u00dc\u00e7 farkl\u0131 mod se\u00e7ene\u011fi ile ayd\u0131nlatman\u0131z\u0131 ki\u015fiselle\u015ftirerek, gece s\u00fcr\u00fc\u015flerinizde ihtiyac\u0131n\u0131z olan konforu sa\u011flar. T\u00fcrkiye men\u015feli olan bu \u00fcr\u00fcn, yerel \u00fcretim kalitesini yans\u0131t\u0131rken, uluslararas\u0131 standartlara uygunlu\u011fu ile de dikkat \u00e7eker. Gece yolculuklar\u0131n\u0131zda rahatl\u0131kla kullanabilece\u011finiz bu LED \u0131\u015f\u0131k, arac\u0131n\u0131za \u015f\u0131kl\u0131k ve fonksiyonellik katacakt\u0131r.&nbsp;&nbsp;&nbsp;&nbsp;<\/p>\n","protected":false},"excerpt":{"rendered":"<p>Bu LED ayd\u0131nlatma sistemi, uzaktan kumanda \u00f6zelli\u011fi sayesinde araban\u0131z\u0131n i\u00e7indeki LED \u0131\u015f\u0131klar\u0131 kolayca a\u00e7\u0131p kapatman\u0131za olanak tan\u0131r. \u00dc\u00e7 farkl\u0131 mod se\u00e7ene\u011fi ile ayd\u0131nlatman\u0131z\u0131 ki\u015fiselle\u015ftirerek, gece s\u00fcr\u00fc\u015flerinizde ihtiyac\u0131n\u0131z olan konforu sa\u011flar. T\u00fcrkiye men\u015feli olan bu \u00fcr\u00fcn, yerel \u00fcretim kalitesini yans\u0131t\u0131rken, uluslararas\u0131 standartlara uygunlu\u011fu ile de dikkat \u00e7eker. Gece yolculuklar\u0131n\u0131zda rahatl\u0131kla kullanabilece\u011finiz bu LED \u0131\u015f\u0131k, arac\u0131n\u0131za \u015f\u0131kl\u0131k&#8230;<\/p>\n","protected":false},"featured_media":0,"comment_status":"open","ping_status":"closed","template":"","meta":{"_kad_post_transparent":"","_kad_post_title":"","_kad_post_layout":"","_kad_post_sidebar_id":"","_kad_post_content_style":"","_kad_post_vertical_padding":"","_kad_post_feature":"","_kad_post_feature_position":"","_kad_post_header":false,"_kad_post_footer":false,"_kad_post_classname":""},"product_brand":[],"product_cat":[14933],"product_tag":[],"class_list":{"0":"post-111420","1":"product","2":"type-product","3":"status-publish","5":"product_cat-led-isik-led-isik","7":"first","8":"instock","9":"purchasable","10":"product-type-simple","11":"entry","12":"content-bg","13":"loop-entry"},"_links":{"self":[{"href":"https:\/\/www.hediyepazar.com\/index.php?rest_route=\/wp\/v2\/product\/111420","targetHints":{"allow":["GET"]}}],"collection":[{"href":"https:\/\/www.hediyepazar.com\/index.php?rest_route=\/wp\/v2\/product"}],"about":[{"href":"https:\/\/www.hediyepazar.com\/index.php?rest_route=\/wp\/v2\/types\/product"}],"replies":[{"embeddable":true,"href":"https:\/\/www.hediyepazar.com\/index.php?rest_route=%2Fwp%2Fv2%2Fcomments&post=111420"}],"wp:attachment":[{"href":"https:\/\/www.hediyepazar.com\/index.php?rest_route=%2Fwp%2Fv2%2Fmedia&parent=111420"}],"wp:term":[{"taxonomy":"product_brand","embeddable":true,"href":"https:\/\/www.hediyepazar.com\/index.php?rest_route=%2Fwp%2Fv2%2Fproduct_brand&post=111420"},{"taxonomy":"product_cat","embeddable":true,"href":"https:\/\/www.hediyepazar.com\/index.php?rest_route=%2Fwp%2Fv2%2Fproduct_cat&post=111420"},{"taxonomy":"product_tag","embeddable":true,"href":"https:\/\/www.hediyepazar.com\/index.php?rest_route=%2Fwp%2Fv2%2Fproduct_tag&post=111420"}],"curies":[{"name":"wp","href":"https:\/\/api.w.org\/{rel}","templated":true}]}}