{"id":111428,"date":"2026-05-05T07:22:07","date_gmt":"2026-05-05T10:22:07","guid":{"rendered":"https:\/\/www.hediyepazar.com\/?product=yeni-nesil-android-ve-ios-uyumlu-siyah-profesyonel-oyuncu-kulakligi"},"modified":"2026-05-05T07:22:07","modified_gmt":"2026-05-05T10:22:07","slug":"yeni-nesil-android-ve-ios-uyumlu-siyah-profesyonel-oyuncu-kulakligi","status":"publish","type":"product","link":"https:\/\/www.hediyepazar.com\/?product=yeni-nesil-android-ve-ios-uyumlu-siyah-profesyonel-oyuncu-kulakligi","title":{"rendered":"Yeni Nesil Android ve \u0130OS Uyumlu Siyah Profesyonel Oyuncu Kulakl\u0131\u011f\u0131"},"content":{"rendered":"<p>G30 Siyah Profesyonel Oyuncu Kulakl\u0131\u011f\u0131, oyun deneyiminizi bir \u00fcst seviyeye ta\u015f\u0131yacak \u015fekilde tasarlanm\u0131\u015ft\u0131r. Ergonomik yap\u0131s\u0131, kula\u011f\u0131n\u0131za m\u00fckemmel uyum sa\u011flar ve uzun s\u00fcreli kullan\u0131mlarda dahi rahatl\u0131k sunar. Bluetooth 5.2 ba\u011flant\u0131 teknolojisi ile 15 metreye kadar stabil bir ba\u011flant\u0131 sa\u011flar, b\u00f6ylece gecikme veya kopma ya\u015famadan sorunsuz bir \u015fekilde oyun oynayabilirsiniz. Kulakl\u0131k, oyun, m\u00fczik ve konu\u015fma olmak \u00fczere \u00fc\u00e7 farkl\u0131 modu destekler, bu da her t\u00fcrl\u00fc ihtiyac\u0131n\u0131za g\u00f6re \u00f6zelle\u015ftirilebilir kullan\u0131m sunar. RGB \u0131\u015f\u0131kland\u0131rmas\u0131, oyun atmosferini desteklerken, HD mikrofon g\u00fcr\u00fclt\u00fc \u00f6nleyici \u00f6zelli\u011fiyle temiz ve net ileti\u015fim sa\u011flar. 400 mAh batarya kapasitesine sahip olan G30, sadece 1.5 saatlik \u015farj s\u00fcresi ile 6 saate kadar kesintisiz kullan\u0131m imkan\u0131 tan\u0131r. 150 saat bekleme s\u00fcresi ile batarya verimlili\u011fi sunar. Ayr\u0131ca, hafif ya\u011fmurda bile kullan\u0131ma uygun olan suya dayan\u0131kl\u0131 yap\u0131s\u0131 sayesinde her ortamda rahatl\u0131kla kullan\u0131labilir. Bu kulakl\u0131k, oyun d\u00fcnyas\u0131nda ve g\u00fcnl\u00fck ya\u015famda kesintisiz ve kaliteli bir ses deneyimi sunar.<\/p>\n","protected":false},"excerpt":{"rendered":"<p>G30 Siyah Profesyonel Oyuncu Kulakl\u0131\u011f\u0131, oyun deneyiminizi bir \u00fcst seviyeye ta\u015f\u0131yacak \u015fekilde tasarlanm\u0131\u015ft\u0131r. Ergonomik yap\u0131s\u0131, kula\u011f\u0131n\u0131za m\u00fckemmel uyum sa\u011flar ve uzun s\u00fcreli kullan\u0131mlarda dahi rahatl\u0131k sunar. Bluetooth 5.2 ba\u011flant\u0131 teknolojisi ile 15 metreye kadar stabil bir ba\u011flant\u0131 sa\u011flar, b\u00f6ylece gecikme veya kopma ya\u015famadan sorunsuz bir \u015fekilde oyun oynayabilirsiniz. Kulakl\u0131k, oyun, m\u00fczik ve konu\u015fma olmak \u00fczere&#8230;<\/p>\n","protected":false},"featured_media":111427,"comment_status":"open","ping_status":"closed","template":"","meta":{"_kad_post_transparent":"","_kad_post_title":"","_kad_post_layout":"","_kad_post_sidebar_id":"","_kad_post_content_style":"","_kad_post_vertical_padding":"","_kad_post_feature":"","_kad_post_feature_position":"","_kad_post_header":false,"_kad_post_footer":false,"_kad_post_classname":""},"product_brand":[],"product_cat":[14957],"product_tag":[],"class_list":{"0":"post-111428","1":"product","2":"type-product","3":"status-publish","4":"has-post-thumbnail","6":"product_cat-kablosuz-kulaklik-kablosuz-kulaklik","8":"first","9":"instock","10":"purchasable","11":"product-type-simple","12":"entry","13":"content-bg","14":"loop-entry"},"_links":{"self":[{"href":"https:\/\/www.hediyepazar.com\/index.php?rest_route=\/wp\/v2\/product\/111428","targetHints":{"allow":["GET"]}}],"collection":[{"href":"https:\/\/www.hediyepazar.com\/index.php?rest_route=\/wp\/v2\/product"}],"about":[{"href":"https:\/\/www.hediyepazar.com\/index.php?rest_route=\/wp\/v2\/types\/product"}],"replies":[{"embeddable":true,"href":"https:\/\/www.hediyepazar.com\/index.php?rest_route=%2Fwp%2Fv2%2Fcomments&post=111428"}],"wp:featuredmedia":[{"embeddable":true,"href":"https:\/\/www.hediyepazar.com\/index.php?rest_route=\/wp\/v2\/media\/111427"}],"wp:attachment":[{"href":"https:\/\/www.hediyepazar.com\/index.php?rest_route=%2Fwp%2Fv2%2Fmedia&parent=111428"}],"wp:term":[{"taxonomy":"product_brand","embeddable":true,"href":"https:\/\/www.hediyepazar.com\/index.php?rest_route=%2Fwp%2Fv2%2Fproduct_brand&post=111428"},{"taxonomy":"product_cat","embeddable":true,"href":"https:\/\/www.hediyepazar.com\/index.php?rest_route=%2Fwp%2Fv2%2Fproduct_cat&post=111428"},{"taxonomy":"product_tag","embeddable":true,"href":"https:\/\/www.hediyepazar.com\/index.php?rest_route=%2Fwp%2Fv2%2Fproduct_tag&post=111428"}],"curies":[{"name":"wp","href":"https:\/\/api.w.org\/{rel}","templated":true}]}}