{"id":111440,"date":"2026-05-05T07:24:16","date_gmt":"2026-05-05T10:24:16","guid":{"rendered":"https:\/\/www.hediyepazar.com\/?product=kamp-lambasi-solar-sarjli-kizakli-kamp-feneri-led-lamba-isildak"},"modified":"2026-05-05T07:24:16","modified_gmt":"2026-05-05T10:24:16","slug":"kamp-lambasi-solar-sarjli-kizakli-kamp-feneri-led-lamba-isildak","status":"publish","type":"product","link":"https:\/\/www.hediyepazar.com\/?product=kamp-lambasi-solar-sarjli-kizakli-kamp-feneri-led-lamba-isildak","title":{"rendered":"Kamp Lambas\u0131 Solar \u015earjl\u0131 K\u0131zakl\u0131 Kamp Feneri Led Lamba I\u015f\u0131ldak"},"content":{"rendered":"<p>G\u00fcne\u015f Enerjili \u015earjl\u0131 Kamp Lambas\u0131 \u2013 Do\u011fada Ayd\u0131nl\u0131\u011f\u0131n Yeni YoluKamp yaparken ya da do\u011fa y\u00fcr\u00fcy\u00fc\u015flerinde yan\u0131n\u0131zda g\u00fcvenilir ve \u00e7evre dostu bir ayd\u0131nlatma arac\u0131 ar\u0131yorsan\u0131z, bu g\u00fcne\u015f enerjili kamp lambas\u0131 ihtiya\u00e7lar\u0131n\u0131za m\u00fckemmel \u015fekilde yan\u0131t verir. G\u00fcne\u015f \u0131\u015f\u0131\u011f\u0131ndan \u015farj olabilen sistemi sayesinde enerjiye eri\u015fiminizin k\u0131s\u0131tl\u0131 oldu\u011fu ortamlarda bile s\u00fcrekli kullan\u0131m imk\u00e2n\u0131 sa\u011flar. Pili biten klasik lambalar\u0131n aksine, bu \u00fcr\u00fcn \u015farjl\u0131 \u00e7al\u0131\u015fma sistemiyle sizi yolda b\u0131rakmaz ve ekstra pil ta\u015f\u0131ma gereksinimini ortadan kald\u0131r\u0131r.Kutu i\u00e7eri\u011finde pil bulunmamas\u0131, hem \u00fcr\u00fcn\u00fcn daha hafif olmas\u0131na olanak tan\u0131r hem de ta\u015f\u0131ma kolayl\u0131\u011f\u0131 sunar. \u00d6zellikle uzun do\u011fa y\u00fcr\u00fcy\u00fc\u015fleri veya kamp yolculuklar\u0131nda hafiflik b\u00fcy\u00fck avantaj sa\u011flar. Ayn\u0131 zamanda kompakt yap\u0131s\u0131 sayesinde \u00e7antan\u0131zda az yer kaplar, h\u0131zl\u0131ca kurulup kullan\u0131labilir.Lamban\u0131n dikkat \u00e7eken \u00f6zelliklerinden biri de k\u0131zak sistemi ile donat\u0131lm\u0131\u015f olmas\u0131d\u0131r. Bu sistem, hareket h\u00e2lindeyken bile lamban\u0131n sabit bir \u015fekilde durmas\u0131n\u0131 sa\u011flar; b\u00f6ylece \u00e7ad\u0131r i\u00e7inde veya hareketli zeminlerde bile ayd\u0131nlatman\u0131zda kesinti ya\u015famazs\u0131n\u0131z. Geceleri g\u00fcvenli ve dengeli bir \u0131\u015f\u0131k sa\u011flayarak, kamp alan\u0131n\u0131z\u0131 verimli \u015fekilde ayd\u0131nlat\u0131r.Temel \u00d6zellikler: \tG\u00fcne\u015f \u0131\u015f\u0131\u011f\u0131ndan do\u011frudan \u015farj olabilen sistem \t\u015earjl\u0131, kablosuz kullan\u0131m \u00f6zelli\u011fi \tKutuda pil bulunmaz \u2013 hafif ve ta\u015f\u0131nabilir yap\u0131 \tSabit duru\u015f sa\u011flayan k\u0131zak mekanizmas\u0131 \tUzun \u00f6m\u00fcrl\u00fc, parlak LED ayd\u0131nlatma \tKamp, do\u011fa y\u00fcr\u00fcy\u00fc\u015f\u00fc ve acil durumlar i\u00e7in ideal<\/p>\n","protected":false},"excerpt":{"rendered":"<p>G\u00fcne\u015f Enerjili \u015earjl\u0131 Kamp Lambas\u0131 \u2013 Do\u011fada Ayd\u0131nl\u0131\u011f\u0131n Yeni YoluKamp yaparken ya da do\u011fa y\u00fcr\u00fcy\u00fc\u015flerinde yan\u0131n\u0131zda g\u00fcvenilir ve \u00e7evre dostu bir ayd\u0131nlatma arac\u0131 ar\u0131yorsan\u0131z, bu g\u00fcne\u015f enerjili kamp lambas\u0131 ihtiya\u00e7lar\u0131n\u0131za m\u00fckemmel \u015fekilde yan\u0131t verir. G\u00fcne\u015f \u0131\u015f\u0131\u011f\u0131ndan \u015farj olabilen sistemi sayesinde enerjiye eri\u015fiminizin k\u0131s\u0131tl\u0131 oldu\u011fu ortamlarda bile s\u00fcrekli kullan\u0131m imk\u00e2n\u0131 sa\u011flar. Pili biten klasik lambalar\u0131n aksine,&#8230;<\/p>\n","protected":false},"featured_media":111439,"comment_status":"open","ping_status":"closed","template":"","meta":{"_kad_post_transparent":"","_kad_post_title":"","_kad_post_layout":"","_kad_post_sidebar_id":"","_kad_post_content_style":"","_kad_post_vertical_padding":"","_kad_post_feature":"","_kad_post_feature_position":"","_kad_post_header":false,"_kad_post_footer":false,"_kad_post_classname":""},"product_brand":[],"product_cat":[14977],"product_tag":[],"class_list":{"0":"post-111440","1":"product","2":"type-product","3":"status-publish","4":"has-post-thumbnail","6":"product_cat-kamp-lambasi-kamp-lambasi","8":"first","9":"instock","10":"purchasable","11":"product-type-simple","12":"entry","13":"content-bg","14":"loop-entry"},"_links":{"self":[{"href":"https:\/\/www.hediyepazar.com\/index.php?rest_route=\/wp\/v2\/product\/111440","targetHints":{"allow":["GET"]}}],"collection":[{"href":"https:\/\/www.hediyepazar.com\/index.php?rest_route=\/wp\/v2\/product"}],"about":[{"href":"https:\/\/www.hediyepazar.com\/index.php?rest_route=\/wp\/v2\/types\/product"}],"replies":[{"embeddable":true,"href":"https:\/\/www.hediyepazar.com\/index.php?rest_route=%2Fwp%2Fv2%2Fcomments&post=111440"}],"wp:featuredmedia":[{"embeddable":true,"href":"https:\/\/www.hediyepazar.com\/index.php?rest_route=\/wp\/v2\/media\/111439"}],"wp:attachment":[{"href":"https:\/\/www.hediyepazar.com\/index.php?rest_route=%2Fwp%2Fv2%2Fmedia&parent=111440"}],"wp:term":[{"taxonomy":"product_brand","embeddable":true,"href":"https:\/\/www.hediyepazar.com\/index.php?rest_route=%2Fwp%2Fv2%2Fproduct_brand&post=111440"},{"taxonomy":"product_cat","embeddable":true,"href":"https:\/\/www.hediyepazar.com\/index.php?rest_route=%2Fwp%2Fv2%2Fproduct_cat&post=111440"},{"taxonomy":"product_tag","embeddable":true,"href":"https:\/\/www.hediyepazar.com\/index.php?rest_route=%2Fwp%2Fv2%2Fproduct_tag&post=111440"}],"curies":[{"name":"wp","href":"https:\/\/api.w.org\/{rel}","templated":true}]}}