{"id":111468,"date":"2026-05-05T07:29:50","date_gmt":"2026-05-05T10:29:50","guid":{"rendered":"https:\/\/www.hediyepazar.com\/?product=yapiskanli-3lu-spot-led-isik-lamba-montajsiz-pilli-uzaktan-kumandali"},"modified":"2026-05-05T07:29:50","modified_gmt":"2026-05-05T10:29:50","slug":"yapiskanli-3lu-spot-led-isik-lamba-montajsiz-pilli-uzaktan-kumandali","status":"publish","type":"product","link":"https:\/\/www.hediyepazar.com\/?product=yapiskanli-3lu-spot-led-isik-lamba-montajsiz-pilli-uzaktan-kumandali","title":{"rendered":"Yap\u0131\u015fkanl\u0131 3&#8217;l\u00fc Spot Led I\u015f\u0131k Lamba Montajs\u0131z Pilli Uzaktan Kumandal\u0131"},"content":{"rendered":"<p>Kumandal\u0131 Kablosuz LED Spot I\u015f\u0131k Seti \u2013 3&#8217;l\u00fc Paket | Ayarlanabilir Parlakl\u0131k, Zamanlay\u0131c\u0131, Kolay KurulumEvinizde ayd\u0131nlatma ihtiya\u00e7lar\u0131n\u0131za pratik ve estetik bir \u00e7\u00f6z\u00fcm ar\u0131yorsan\u0131z, bu kablosuz LED spot \u0131\u015f\u0131k seti tam size g\u00f6re. Modern tasar\u0131m\u0131 ve i\u015flevsel \u00f6zellikleriyle dikkat \u00e7eken bu \u00fcr\u00fcn; banyo, mutfak, gard\u0131rop, merdiven alt\u0131, kitapl\u0131k ve daha bir\u00e7ok noktada ideal bir yard\u0131mc\u0131 olarak \u00f6ne \u00e7\u0131kar. Minimal boyutlar\u0131 sayesinde fazla yer kaplamaz, ancak COB LED teknolojisi sayesinde etkili ve yeterli bir ayd\u0131nlatma sa\u011flar.Set i\u00e7erisinde yer alan 3 adet spot lamba, pille \u00e7al\u0131\u015ft\u0131\u011f\u0131ndan kablo karma\u015fas\u0131 yaratmaz ve elektrik ba\u011flant\u0131s\u0131 olmayan alanlarda da rahatl\u0131kla kullan\u0131labilir. Her biri 3 adet AAA pil ile \u00e7al\u0131\u015f\u0131r (piller pakete dahil de\u011fildir). Uzaktan kontrol imkan\u0131 sunan ak\u0131ll\u0131 kumandas\u0131yla \u0131\u015f\u0131klar\u0131n parlakl\u0131\u011f\u0131n\u0131 diledi\u011finiz seviyeye getirebilir, a\u00e7ma-kapama i\u015flemlerini mesafe fark etmeksizin ger\u00e7ekle\u015ftirebilir ve 30 dakikal\u0131k zamanlay\u0131c\u0131 kurarak \u0131\u015f\u0131klar\u0131n otomatik olarak kapanmas\u0131n\u0131 sa\u011flayabilirsiniz. Ayr\u0131ca her spotun \u00fczerinde bulunan tu\u015flarla manuel kullan\u0131m da m\u00fcmk\u00fcnd\u00fcr.Kumanday\u0131 s\u00fcrekli el alt\u0131nda tutmak isteyen kullan\u0131c\u0131lar i\u00e7in \u00f6zel bir duvar aparat\u0131 da set i\u00e7erisinde yer al\u0131r. Bu aparat\u0131 diledi\u011finiz d\u00fcz y\u00fczeye sabitleyerek kumandan\u0131z\u0131 kaybetme riskini ortadan kald\u0131rabilirsiniz. Montaj i\u015flemi son derece basittir; g\u00fc\u00e7l\u00fc \u00e7ift tarafl\u0131 yap\u0131\u015fkan bantlar sayesinde vidalama veya delme i\u015flemlerine gerek kalmadan \u00fcr\u00fcnleri kolayca monte edebilirsiniz.Ev dekorasyonuna zarif bir dokunu\u015f katan bu LED spot seti, kullan\u0131c\u0131 dostu \u00f6zellikleri ve y\u00fcksek performans\u0131yla ya\u015fam alanlar\u0131n\u0131za hem estetik hem de fonksiyonel bir katk\u0131 sunar.<\/p>\n","protected":false},"excerpt":{"rendered":"<p>Kumandal\u0131 Kablosuz LED Spot I\u015f\u0131k Seti \u2013 3&#8217;l\u00fc Paket | Ayarlanabilir Parlakl\u0131k, Zamanlay\u0131c\u0131, Kolay KurulumEvinizde ayd\u0131nlatma ihtiya\u00e7lar\u0131n\u0131za pratik ve estetik bir \u00e7\u00f6z\u00fcm ar\u0131yorsan\u0131z, bu kablosuz LED spot \u0131\u015f\u0131k seti tam size g\u00f6re. Modern tasar\u0131m\u0131 ve i\u015flevsel \u00f6zellikleriyle dikkat \u00e7eken bu \u00fcr\u00fcn; banyo, mutfak, gard\u0131rop, merdiven alt\u0131, kitapl\u0131k ve daha bir\u00e7ok noktada ideal bir yard\u0131mc\u0131 olarak&#8230;<\/p>\n","protected":false},"featured_media":111467,"comment_status":"open","ping_status":"closed","template":"","meta":{"_kad_post_transparent":"","_kad_post_title":"","_kad_post_layout":"","_kad_post_sidebar_id":"","_kad_post_content_style":"","_kad_post_vertical_padding":"","_kad_post_feature":"","_kad_post_feature_position":"","_kad_post_header":false,"_kad_post_footer":false,"_kad_post_classname":""},"product_brand":[],"product_cat":[14933],"product_tag":[],"class_list":{"0":"post-111468","1":"product","2":"type-product","3":"status-publish","4":"has-post-thumbnail","6":"product_cat-led-isik-led-isik","8":"first","9":"instock","10":"purchasable","11":"product-type-simple","12":"entry","13":"content-bg","14":"loop-entry"},"_links":{"self":[{"href":"https:\/\/www.hediyepazar.com\/index.php?rest_route=\/wp\/v2\/product\/111468","targetHints":{"allow":["GET"]}}],"collection":[{"href":"https:\/\/www.hediyepazar.com\/index.php?rest_route=\/wp\/v2\/product"}],"about":[{"href":"https:\/\/www.hediyepazar.com\/index.php?rest_route=\/wp\/v2\/types\/product"}],"replies":[{"embeddable":true,"href":"https:\/\/www.hediyepazar.com\/index.php?rest_route=%2Fwp%2Fv2%2Fcomments&post=111468"}],"wp:featuredmedia":[{"embeddable":true,"href":"https:\/\/www.hediyepazar.com\/index.php?rest_route=\/wp\/v2\/media\/111467"}],"wp:attachment":[{"href":"https:\/\/www.hediyepazar.com\/index.php?rest_route=%2Fwp%2Fv2%2Fmedia&parent=111468"}],"wp:term":[{"taxonomy":"product_brand","embeddable":true,"href":"https:\/\/www.hediyepazar.com\/index.php?rest_route=%2Fwp%2Fv2%2Fproduct_brand&post=111468"},{"taxonomy":"product_cat","embeddable":true,"href":"https:\/\/www.hediyepazar.com\/index.php?rest_route=%2Fwp%2Fv2%2Fproduct_cat&post=111468"},{"taxonomy":"product_tag","embeddable":true,"href":"https:\/\/www.hediyepazar.com\/index.php?rest_route=%2Fwp%2Fv2%2Fproduct_tag&post=111468"}],"curies":[{"name":"wp","href":"https:\/\/api.w.org\/{rel}","templated":true}]}}