{"id":111504,"date":"2026-05-05T07:33:58","date_gmt":"2026-05-05T10:33:58","guid":{"rendered":"https:\/\/www.hediyepazar.com\/?product=kablosuz-bluetooth-hoparlor-telefon-koyma-ozelligi-yuksek-ses-kaliteli"},"modified":"2026-05-05T07:33:58","modified_gmt":"2026-05-05T10:33:58","slug":"kablosuz-bluetooth-hoparlor-telefon-koyma-ozelligi-yuksek-ses-kaliteli","status":"publish","type":"product","link":"https:\/\/www.hediyepazar.com\/?product=kablosuz-bluetooth-hoparlor-telefon-koyma-ozelligi-yuksek-ses-kaliteli","title":{"rendered":"Kablosuz Bluetooth Hoparl\u00f6r Telefon Koyma \u00d6zelli\u011fi Y\u00fcksek Ses Kaliteli"},"content":{"rendered":"<p>Bu \u00fcr\u00fcn, 2 y\u0131l ithalat\u00e7\u0131 garantisi ile kullan\u0131c\u0131lar\u0131na g\u00fcvenli bir kullan\u0131m sunar. Olas\u0131 teknik sorunlar veya ar\u0131zalar durumunda, garanti s\u00fcresi boyunca endi\u015fe etmenize gerek kalmaz. \u00dcr\u00fcn, y\u00fcksek kalite ve g\u00fcvenlik \u00f6nlemleri ile \u00fcretilmi\u015ftir, bu sayede uzun s\u00fcreli ve sorunsuz bir deneyim elde edebilirsiniz.Kesintisiz M\u00fczik DeneyimiBu \u00fcr\u00fcn, 5 ila 10 saat aras\u0131nda kesintisiz m\u00fczik dinleme imkan\u0131 sunar. Uzun s\u00fcreli etkinliklerde veya d\u0131\u015f mekan aktivitelerinde, m\u00fczik keyfinizi b\u00f6lmeden devam edebilirsiniz. Sundu\u011fu g\u00fc\u00e7l\u00fc batarya kapasitesi ile uzun s\u00fcre boyunca m\u00fczik dinleme \u00f6zg\u00fcrl\u00fc\u011f\u00fc sa\u011flar. Hem g\u00fcnl\u00fck kullan\u0131mda hem de \u00f6zel etkinliklerde rahatl\u0131kla kullanabilece\u011finiz m\u00fckemmel bir \u00e7\u00f6z\u00fcmd\u00fcr.Kablosuz Ba\u011flant\u0131 \u00d6zelli\u011fi ile \u00d6zg\u00fcrl\u00fckKablosuz ba\u011flant\u0131 \u00f6zelli\u011fi, kablo karma\u015fas\u0131ndan kurtulman\u0131z\u0131 sa\u011flar. Art\u0131k cihaz\u0131n\u0131z\u0131 \u015farj etmek veya m\u00fczik dinlerken kabloya ba\u011fl\u0131 kalman\u0131za gerek yok. Bu \u00f6zellik, hareket \u00f6zg\u00fcrl\u00fc\u011f\u00fc sunarak m\u00fczi\u011finizi rahat\u00e7a dinlemenizi sa\u011flar. \u0130ster evde, ister d\u0131\u015far\u0131da, ister ofiste olun, kablosuz ba\u011flant\u0131 sayesinde her ko\u015fulda rahat\u00e7a m\u00fczik keyfini ya\u015fayabilirsiniz.<\/p>\n","protected":false},"excerpt":{"rendered":"<p>Bu \u00fcr\u00fcn, 2 y\u0131l ithalat\u00e7\u0131 garantisi ile kullan\u0131c\u0131lar\u0131na g\u00fcvenli bir kullan\u0131m sunar. Olas\u0131 teknik sorunlar veya ar\u0131zalar durumunda, garanti s\u00fcresi boyunca endi\u015fe etmenize gerek kalmaz. \u00dcr\u00fcn, y\u00fcksek kalite ve g\u00fcvenlik \u00f6nlemleri ile \u00fcretilmi\u015ftir, bu sayede uzun s\u00fcreli ve sorunsuz bir deneyim elde edebilirsiniz.Kesintisiz M\u00fczik DeneyimiBu \u00fcr\u00fcn, 5 ila 10 saat aras\u0131nda kesintisiz m\u00fczik dinleme imkan\u0131&#8230;<\/p>\n","protected":false},"featured_media":111503,"comment_status":"open","ping_status":"closed","template":"","meta":{"_kad_post_transparent":"","_kad_post_title":"","_kad_post_layout":"","_kad_post_sidebar_id":"","_kad_post_content_style":"","_kad_post_vertical_padding":"","_kad_post_feature":"","_kad_post_feature_position":"","_kad_post_header":false,"_kad_post_footer":false,"_kad_post_classname":""},"product_brand":[],"product_cat":[14937],"product_tag":[],"class_list":{"0":"post-111504","1":"product","2":"type-product","3":"status-publish","4":"has-post-thumbnail","6":"product_cat-powerbank-powerbank-2","8":"first","9":"instock","10":"purchasable","11":"product-type-simple","12":"entry","13":"content-bg","14":"loop-entry"},"_links":{"self":[{"href":"https:\/\/www.hediyepazar.com\/index.php?rest_route=\/wp\/v2\/product\/111504","targetHints":{"allow":["GET"]}}],"collection":[{"href":"https:\/\/www.hediyepazar.com\/index.php?rest_route=\/wp\/v2\/product"}],"about":[{"href":"https:\/\/www.hediyepazar.com\/index.php?rest_route=\/wp\/v2\/types\/product"}],"replies":[{"embeddable":true,"href":"https:\/\/www.hediyepazar.com\/index.php?rest_route=%2Fwp%2Fv2%2Fcomments&post=111504"}],"wp:featuredmedia":[{"embeddable":true,"href":"https:\/\/www.hediyepazar.com\/index.php?rest_route=\/wp\/v2\/media\/111503"}],"wp:attachment":[{"href":"https:\/\/www.hediyepazar.com\/index.php?rest_route=%2Fwp%2Fv2%2Fmedia&parent=111504"}],"wp:term":[{"taxonomy":"product_brand","embeddable":true,"href":"https:\/\/www.hediyepazar.com\/index.php?rest_route=%2Fwp%2Fv2%2Fproduct_brand&post=111504"},{"taxonomy":"product_cat","embeddable":true,"href":"https:\/\/www.hediyepazar.com\/index.php?rest_route=%2Fwp%2Fv2%2Fproduct_cat&post=111504"},{"taxonomy":"product_tag","embeddable":true,"href":"https:\/\/www.hediyepazar.com\/index.php?rest_route=%2Fwp%2Fv2%2Fproduct_tag&post=111504"}],"curies":[{"name":"wp","href":"https:\/\/api.w.org\/{rel}","templated":true}]}}