{"id":111530,"date":"2026-05-05T07:37:14","date_gmt":"2026-05-05T10:37:14","guid":{"rendered":"https:\/\/www.hediyepazar.com\/?product=mbps-wifi-alici-kablosuz-wifi-adaptoru-cift-band-cift-antenli"},"modified":"2026-05-05T07:37:14","modified_gmt":"2026-05-05T10:37:14","slug":"mbps-wifi-alici-kablosuz-wifi-adaptoru-cift-band-cift-antenli","status":"publish","type":"product","link":"https:\/\/www.hediyepazar.com\/?product=mbps-wifi-alici-kablosuz-wifi-adaptoru-cift-band-cift-antenli","title":{"rendered":"Mbps Wifi Al\u0131c\u0131 Kablosuz Wifi Adapt\u00f6r\u00fc \u00c7ift Band \u00c7ift Antenli"},"content":{"rendered":"<p>Y\u00fcksek h\u0131zda veri aktar\u0131m\u0131 ve sorunsuz ba\u011flant\u0131 arayan kullan\u0131c\u0131lar i\u00e7in tasarlanan bu kablosuz adapt\u00f6r, USB 3.0 teknolojisi ile modern cihazlarla tam uyum i\u00e7inde \u00e7al\u0131\u015f\u0131r. USB \u00fczerinden sa\u011flanan g\u00fc\u00e7l\u00fc ba\u011flant\u0131 sayesinde internete daha h\u0131zl\u0131 eri\u015febilir, kesintisiz bir online deneyim ya\u015fayabilirsiniz. \u00d6zellikle video konferans, online oyunlar ve b\u00fcy\u00fck dosya transferlerinde performans kayb\u0131 olmadan i\u015flem yapman\u0131za olanak tan\u0131r.Cihaz, Bluetooth \u00f6zelli\u011fine sahip olmamakla birlikte, en yeni kablosuz ba\u011flant\u0131 protokollerinden biri olan 5GHz AC deste\u011fiyle daha g\u00fc\u00e7l\u00fc, istikrarl\u0131 ve parazitten uzak bir internet ba\u011flant\u0131s\u0131 sunar. Geni\u015f frekans aral\u0131\u011f\u0131 sayesinde a\u011f trafi\u011finden etkilenmeden sorunsuz bir ba\u011flant\u0131 kurabilirsiniz. Kablosuz a\u011f yap\u0131s\u0131 sayesinde, farkl\u0131 cihazlar\u0131 bir arada \u00e7al\u0131\u015ft\u0131r\u0131rken karma\u015f\u0131k kablo d\u00fczenlerinden de kurtulmu\u015f olursunuz.Sinyal g\u00fcc\u00fcn\u00fc art\u0131ran entegre anten teknolojisiyle donat\u0131lan bu \u00fcr\u00fcn, \u00f6zellikle geni\u015f mekanlarda bile g\u00fc\u00e7l\u00fc sinyal al\u0131m\u0131n\u0131 destekler. Duvardan, mesafeden veya di\u011fer sinyal engelleyicilerden minimum etkilenerek istikrarl\u0131 bir ba\u011flant\u0131 sa\u011flar. Bu \u00f6zellik, adapt\u00f6r\u00fc b\u00fcy\u00fck evlerde ya da \u00e7ok katl\u0131 ofislerde kullan\u0131m i\u00e7in ideal hale getirir.Kompakt ve hafif yap\u0131s\u0131 sayesinde her yere kolayl\u0131kla ta\u015f\u0131nabilen bu kablosuz adapt\u00f6r, seyahatlerde de rahatl\u0131kla kullan\u0131labilir. Laptop \u00e7antas\u0131na veya cebinize s\u0131\u011facak kadar k\u00fc\u00e7\u00fck olmas\u0131, her an elinizin alt\u0131nda internet eri\u015fimi sa\u011flamas\u0131na olanak tan\u0131r.Cihaz, 2 y\u0131l ithalat\u00e7\u0131 garantisi ile birlikte gelir ve teknik aksakl\u0131k durumlar\u0131nda kullan\u0131c\u0131ya g\u00fcven verir. Dayan\u0131kl\u0131 yap\u0131s\u0131 ve y\u00fcksek kaliteli bile\u015fenleri sayesinde uzun \u00f6m\u00fcrl\u00fc bir kullan\u0131m sunar.Kablo karma\u015fas\u0131n\u0131 ortadan kald\u0131ran, ta\u015f\u0131nabilirli\u011fiyle dikkat \u00e7eken ve y\u00fcksek ba\u011flant\u0131 performans\u0131 sunan bu adapt\u00f6r, hem ev hem de profesyonel kullan\u0131c\u0131lar i\u00e7in vazge\u00e7ilmez bir yard\u0131mc\u0131d\u0131r.&nbsp;<\/p>\n","protected":false},"excerpt":{"rendered":"<p>Y\u00fcksek h\u0131zda veri aktar\u0131m\u0131 ve sorunsuz ba\u011flant\u0131 arayan kullan\u0131c\u0131lar i\u00e7in tasarlanan bu kablosuz adapt\u00f6r, USB 3.0 teknolojisi ile modern cihazlarla tam uyum i\u00e7inde \u00e7al\u0131\u015f\u0131r. USB \u00fczerinden sa\u011flanan g\u00fc\u00e7l\u00fc ba\u011flant\u0131 sayesinde internete daha h\u0131zl\u0131 eri\u015febilir, kesintisiz bir online deneyim ya\u015fayabilirsiniz. \u00d6zellikle video konferans, online oyunlar ve b\u00fcy\u00fck dosya transferlerinde performans kayb\u0131 olmadan i\u015flem yapman\u0131za olanak tan\u0131r.Cihaz,&#8230;<\/p>\n","protected":false},"featured_media":111529,"comment_status":"open","ping_status":"closed","template":"","meta":{"_kad_post_transparent":"","_kad_post_title":"","_kad_post_layout":"","_kad_post_sidebar_id":"","_kad_post_content_style":"","_kad_post_vertical_padding":"","_kad_post_feature":"","_kad_post_feature_position":"","_kad_post_header":false,"_kad_post_footer":false,"_kad_post_classname":""},"product_brand":[],"product_cat":[14989],"product_tag":[],"class_list":{"0":"post-111530","1":"product","2":"type-product","3":"status-publish","4":"has-post-thumbnail","6":"product_cat-wireless-adaptor-wireless-adaptor","8":"first","9":"instock","10":"purchasable","11":"product-type-simple","12":"entry","13":"content-bg","14":"loop-entry"},"_links":{"self":[{"href":"https:\/\/www.hediyepazar.com\/index.php?rest_route=\/wp\/v2\/product\/111530","targetHints":{"allow":["GET"]}}],"collection":[{"href":"https:\/\/www.hediyepazar.com\/index.php?rest_route=\/wp\/v2\/product"}],"about":[{"href":"https:\/\/www.hediyepazar.com\/index.php?rest_route=\/wp\/v2\/types\/product"}],"replies":[{"embeddable":true,"href":"https:\/\/www.hediyepazar.com\/index.php?rest_route=%2Fwp%2Fv2%2Fcomments&post=111530"}],"wp:featuredmedia":[{"embeddable":true,"href":"https:\/\/www.hediyepazar.com\/index.php?rest_route=\/wp\/v2\/media\/111529"}],"wp:attachment":[{"href":"https:\/\/www.hediyepazar.com\/index.php?rest_route=%2Fwp%2Fv2%2Fmedia&parent=111530"}],"wp:term":[{"taxonomy":"product_brand","embeddable":true,"href":"https:\/\/www.hediyepazar.com\/index.php?rest_route=%2Fwp%2Fv2%2Fproduct_brand&post=111530"},{"taxonomy":"product_cat","embeddable":true,"href":"https:\/\/www.hediyepazar.com\/index.php?rest_route=%2Fwp%2Fv2%2Fproduct_cat&post=111530"},{"taxonomy":"product_tag","embeddable":true,"href":"https:\/\/www.hediyepazar.com\/index.php?rest_route=%2Fwp%2Fv2%2Fproduct_tag&post=111530"}],"curies":[{"name":"wp","href":"https:\/\/api.w.org\/{rel}","templated":true}]}}