{"id":111540,"date":"2026-05-05T07:39:05","date_gmt":"2026-05-05T10:39:05","guid":{"rendered":"https:\/\/www.hediyepazar.com\/?product=kamp-lambasi-gunes-enerjili-solar-5-kanatli-katlanir-lamba-karavan"},"modified":"2026-05-05T07:39:05","modified_gmt":"2026-05-05T10:39:05","slug":"kamp-lambasi-gunes-enerjili-solar-5-kanatli-katlanir-lamba-karavan","status":"publish","type":"product","link":"https:\/\/www.hediyepazar.com\/?product=kamp-lambasi-gunes-enerjili-solar-5-kanatli-katlanir-lamba-karavan","title":{"rendered":"Kamp Lambas\u0131 G\u00fcne\u015f Enerjili Solar 5 Kanatl\u0131 Katlan\u0131r Lamba Karavan"},"content":{"rendered":"<p>Solar G\u00fcne\u015f Enerjisi ve USB \u015earjl\u0131 5 Kanatl\u0131 Ta\u015f\u0131nabilir Lamba \u2013 \u00c7ok Fonksiyonlu ve Pratik Ayd\u0131nlatma \u00c7\u00f6z\u00fcm\u00fcHer t\u00fcrl\u00fc a\u00e7\u0131k hava etkinli\u011finde, acil durumlarda veya g\u00fcnl\u00fck ya\u015famda ihtiya\u00e7 duydu\u011funuz her an pratik bir ayd\u0131nlatma \u00e7\u00f6z\u00fcm\u00fc sunan Solar G\u00fcne\u015f Enerjisi ve USB \u015earjl\u0131 5 Kanatl\u0131 Lamba, g\u00fc\u00e7l\u00fc ayd\u0131nlatma kapasitesi ve ta\u015f\u0131nabilir yap\u0131s\u0131yla fark yarat\u0131r. Hem g\u00fcne\u015f enerjisiyle hem de USB ile \u015farj edilebilir \u00f6zelli\u011fi sayesinde her ko\u015fulda g\u00fcvenilir bir \u0131\u015f\u0131k kayna\u011f\u0131 sa\u011flar.\u00dczerindeki ask\u0131 aparat\u0131 ile bu pratik lamba, \u00e7ad\u0131rdan a\u011faca, araban\u0131n i\u00e7inde ya da evinizin \u00e7e\u015fitli alanlar\u0131nda kolayl\u0131kla kullan\u0131labilir. Katlanabilir tasar\u0131m\u0131, \u0131\u015f\u0131k a\u00e7\u0131s\u0131n\u0131 istedi\u011finiz gibi ayarlaman\u0131z\u0131 sa\u011flayarak, geni\u015f bir alan\u0131 etkili \u015fekilde ayd\u0131nlatman\u0131za olanak tan\u0131r. Bu \u00f6zellik, \u00f6zellikle d\u0131\u015f mekan aktiviteleri ve acil durumlar i\u00e7in son derece kullan\u0131\u015fl\u0131d\u0131r.Solar panel sayesinde do\u011fa dostu bir enerji kayna\u011f\u0131 sunan bu lamba, 5.5V polikristal silikon g\u00fcne\u015f paneli ile \u015farj edilebilirken, USB kablosu ile de \u015farj edilerek her iki se\u00e7ene\u011fi de esnek \u015fekilde kullanman\u0131z\u0131 sa\u011flar. Bu, size her ko\u015fulda enerji sa\u011flaman\u0131n yan\u0131 s\u0131ra \u00e7evreye duyarl\u0131 bir kullan\u0131m deneyimi sunar.45 LED \u0131\u015f\u0131k kayna\u011f\u0131, 6 farkl\u0131 \u0131\u015f\u0131k moduyla ortam\u0131n\u0131za uygun \u0131\u015f\u0131k d\u00fczeyini ayarlaman\u0131z\u0131 sa\u011flar. Hem g\u00fc\u00e7l\u00fc \u0131\u015f\u0131k modlar\u0131nda hem de d\u00fc\u015f\u00fck \u0131\u015f\u0131k ihtiya\u00e7lar\u0131n\u0131zda kullanabilece\u011finiz 5 farkl\u0131 \u0131\u015f\u0131k modu ile \u00e7ok y\u00f6nl\u00fc kullan\u0131m sa\u011flar. Su ge\u00e7irmez IP65 \u00f6zelli\u011fi, d\u0131\u015f mekan ko\u015fullar\u0131na kar\u015f\u0131 dayan\u0131kl\u0131d\u0131r ve suya dayan\u0131kl\u0131 yap\u0131s\u0131yla ya\u011fmurlu havalarda bile g\u00fcvenle kullan\u0131labilir.Teknik \u00d6zellikler:G\u00fcne\u015f Paneli: 5.5V polikristal silikon g\u00fcne\u015f paneliPil: 18650 lityum pil, 2400mAhI\u015f\u0131k Kayna\u011f\u0131: 45 LED\u00c7al\u0131\u015fma S\u00fcresi: 6-8 saat\u015earj S\u00fcresi: Solar \u015farj i\u00e7in 8 saat \/ USB \u015farj ile 6 saat\u015earj Y\u00f6ntemi: Solar \u015farj (DC 3.5V) \/ USB \u015farj (voltaj 4.5V)Su Ge\u00e7irmezlik: IP65Renk S\u0131cakl\u0131\u011f\u0131: 6500K\u00dcr\u00fcn Boyutu: 14 cm * 11.5 cmPaket \u0130\u00e7eri\u011fi:1 Adet 5 Kanatl\u0131 Solar Pratik LambaBu ta\u015f\u0131nabilir solar lamba, hem acil durumlarda hem de kamp, y\u00fcr\u00fcy\u00fc\u015f gibi a\u00e7\u0131k hava etkinliklerinde her zaman yan\u0131n\u0131zda bulundurabilece\u011finiz, dayan\u0131kl\u0131 ve verimli bir ayd\u0131nlatma arac\u0131d\u0131r. Kolay \u015farj edilebilir ve pratik kullan\u0131m\u0131 ile ihtiya\u00e7 duydu\u011funuz her an size ayd\u0131nl\u0131k sa\u011flar.&nbsp;&nbsp;<\/p>\n","protected":false},"excerpt":{"rendered":"<p>Solar G\u00fcne\u015f Enerjisi ve USB \u015earjl\u0131 5 Kanatl\u0131 Ta\u015f\u0131nabilir Lamba \u2013 \u00c7ok Fonksiyonlu ve Pratik Ayd\u0131nlatma \u00c7\u00f6z\u00fcm\u00fcHer t\u00fcrl\u00fc a\u00e7\u0131k hava etkinli\u011finde, acil durumlarda veya g\u00fcnl\u00fck ya\u015famda ihtiya\u00e7 duydu\u011funuz her an pratik bir ayd\u0131nlatma \u00e7\u00f6z\u00fcm\u00fc sunan Solar G\u00fcne\u015f Enerjisi ve USB \u015earjl\u0131 5 Kanatl\u0131 Lamba, g\u00fc\u00e7l\u00fc ayd\u0131nlatma kapasitesi ve ta\u015f\u0131nabilir yap\u0131s\u0131yla fark yarat\u0131r. Hem g\u00fcne\u015f enerjisiyle&#8230;<\/p>\n","protected":false},"featured_media":111539,"comment_status":"open","ping_status":"closed","template":"","meta":{"_kad_post_transparent":"","_kad_post_title":"","_kad_post_layout":"","_kad_post_sidebar_id":"","_kad_post_content_style":"","_kad_post_vertical_padding":"","_kad_post_feature":"","_kad_post_feature_position":"","_kad_post_header":false,"_kad_post_footer":false,"_kad_post_classname":""},"product_brand":[],"product_cat":[14977],"product_tag":[],"class_list":{"0":"post-111540","1":"product","2":"type-product","3":"status-publish","4":"has-post-thumbnail","6":"product_cat-kamp-lambasi-kamp-lambasi","8":"first","9":"instock","10":"purchasable","11":"product-type-simple","12":"entry","13":"content-bg","14":"loop-entry"},"_links":{"self":[{"href":"https:\/\/www.hediyepazar.com\/index.php?rest_route=\/wp\/v2\/product\/111540","targetHints":{"allow":["GET"]}}],"collection":[{"href":"https:\/\/www.hediyepazar.com\/index.php?rest_route=\/wp\/v2\/product"}],"about":[{"href":"https:\/\/www.hediyepazar.com\/index.php?rest_route=\/wp\/v2\/types\/product"}],"replies":[{"embeddable":true,"href":"https:\/\/www.hediyepazar.com\/index.php?rest_route=%2Fwp%2Fv2%2Fcomments&post=111540"}],"wp:featuredmedia":[{"embeddable":true,"href":"https:\/\/www.hediyepazar.com\/index.php?rest_route=\/wp\/v2\/media\/111539"}],"wp:attachment":[{"href":"https:\/\/www.hediyepazar.com\/index.php?rest_route=%2Fwp%2Fv2%2Fmedia&parent=111540"}],"wp:term":[{"taxonomy":"product_brand","embeddable":true,"href":"https:\/\/www.hediyepazar.com\/index.php?rest_route=%2Fwp%2Fv2%2Fproduct_brand&post=111540"},{"taxonomy":"product_cat","embeddable":true,"href":"https:\/\/www.hediyepazar.com\/index.php?rest_route=%2Fwp%2Fv2%2Fproduct_cat&post=111540"},{"taxonomy":"product_tag","embeddable":true,"href":"https:\/\/www.hediyepazar.com\/index.php?rest_route=%2Fwp%2Fv2%2Fproduct_tag&post=111540"}],"curies":[{"name":"wp","href":"https:\/\/api.w.org\/{rel}","templated":true}]}}