{"id":111542,"date":"2026-05-05T07:39:14","date_gmt":"2026-05-05T10:39:14","guid":{"rendered":"https:\/\/www.hediyepazar.com\/?product=ledli-fisli-led-dekor-lambasi-5m-rgb-yilbasi-agaci-isigi"},"modified":"2026-05-05T07:39:14","modified_gmt":"2026-05-05T10:39:14","slug":"ledli-fisli-led-dekor-lambasi-5m-rgb-yilbasi-agaci-isigi","status":"publish","type":"product","link":"https:\/\/www.hediyepazar.com\/?product=ledli-fisli-led-dekor-lambasi-5m-rgb-yilbasi-agaci-isigi","title":{"rendered":"Ledli Fi\u015fli Led Dekor Lambas\u0131 5M RGB Y\u0131lba\u015f\u0131 A\u011fac\u0131 I\u015f\u0131\u011f\u0131"},"content":{"rendered":"<p>Siyah Kablolu 50 Ampull\u00fc 5 Metre LED I\u015f\u0131k \u2013 \u00c7ok Fonksiyonlu, Modern ve Enerji Verimli Ayd\u0131nlatmaEv dekorasyonunda veya \u00f6zel etkinliklerde etkileyici bir atmosfer yaratmak i\u00e7in m\u00fckemmel bir se\u00e7enek olan Siyah Kablolu 50 Ampull\u00fc 5 Metre LED I\u015f\u0131k, hem estetik hem de fonksiyonel \u00f6zellikleri ile dikkat \u00e7eker. LED teknolojisi sayesinde, enerji t\u00fcketimini minimumda tutarak maksimum ayd\u0131nlatma g\u00fcc\u00fc sunar. 5 metre uzunlu\u011fundaki kablo, geni\u015f alanlara yay\u0131lan ayd\u0131nlatma sa\u011flar ve bu sayede b\u00fcy\u00fck alanlarda da etkili bir kullan\u0131m sunar.50 adet LED ampul, parlak ve net \u0131\u015f\u0131k yayarak, ortam\u0131n\u0131za daha canl\u0131 ve enerjik bir hava katar. Ayr\u0131ca, bu ampuller daha uzun \u00f6m\u00fcrl\u00fc ve enerji tasarruflu olup, uzun vadede ekonomik fayda sa\u011flar. LED \u0131\u015f\u0131klar, geleneksel ampullere g\u00f6re \u00e7ok daha verimli \u00e7al\u0131\u015f\u0131r, b\u00f6ylece enerji faturalar\u0131n\u0131z\u0131 d\u00fc\u015f\u00fcr\u00fcr.Bu \u00e7ok fonksiyonlu \u0131\u015f\u0131k, 8 farkl\u0131 mod se\u00e7ene\u011fi sunar. \u0130ster sabit \u0131\u015f\u0131k, ister yava\u015f\u00e7a s\u00f6nme, h\u0131zl\u0131 yan\u0131p s\u00f6nme, bir ampul yanarken di\u011ferinin s\u00f6nmesi gibi farkl\u0131 efektlerle g\u00f6rsel \u015fovlar yaratabilirsiniz. T\u00fcm bu fonksiyonlar aras\u0131nda ge\u00e7i\u015f yapmak i\u00e7in tek bir tu\u015f kullanarak istedi\u011finiz modu kolayca se\u00e7ebilir ve tek tu\u015fla sabitleme fonksiyonu ile \u0131\u015f\u0131k ayarlar\u0131n\u0131z\u0131 sabitleyebilirsiniz.T\u00fcrk priz sistemine uygun soket tasar\u0131m\u0131, \u00fcr\u00fcn\u00fc evde veya d\u0131\u015f mekanlarda g\u00fcvenli bir \u015fekilde kullanman\u0131z\u0131 sa\u011flar. Kablonun dayan\u0131kl\u0131 yap\u0131s\u0131 ise zorlu hava ko\u015fullar\u0131nda bile uzun s\u00fcreli kullan\u0131m\u0131 garanti eder. Hem i\u00e7 mekanlarda hem de d\u0131\u015f mekanlarda kullan\u0131m i\u00e7in uygun olan bu LED \u0131\u015f\u0131k, bah\u00e7elerde, teraslarda, partilerde, d\u00fc\u011f\u00fcnlerde veya ev dekorasyonunda rahatl\u0131kla tercih edilebilir.Bu Siyah Kablolu 50 Ampull\u00fc 5 Metre LED I\u015f\u0131k, hem g\u00f6rsel hem de fonksiyonel a\u00e7\u0131dan beklentilerinizi kar\u015f\u0131layacak, etkinliklerinizi ve ya\u015fam alanlar\u0131n\u0131z\u0131 ayd\u0131nlatacak pratik bir \u00e7\u00f6z\u00fcm sunar.&nbsp;&nbsp;<\/p>\n","protected":false},"excerpt":{"rendered":"<p>Siyah Kablolu 50 Ampull\u00fc 5 Metre LED I\u015f\u0131k \u2013 \u00c7ok Fonksiyonlu, Modern ve Enerji Verimli Ayd\u0131nlatmaEv dekorasyonunda veya \u00f6zel etkinliklerde etkileyici bir atmosfer yaratmak i\u00e7in m\u00fckemmel bir se\u00e7enek olan Siyah Kablolu 50 Ampull\u00fc 5 Metre LED I\u015f\u0131k, hem estetik hem de fonksiyonel \u00f6zellikleri ile dikkat \u00e7eker. LED teknolojisi sayesinde, enerji t\u00fcketimini minimumda tutarak maksimum ayd\u0131nlatma&#8230;<\/p>\n","protected":false},"featured_media":111541,"comment_status":"open","ping_status":"closed","template":"","meta":{"_kad_post_transparent":"","_kad_post_title":"","_kad_post_layout":"","_kad_post_sidebar_id":"","_kad_post_content_style":"","_kad_post_vertical_padding":"","_kad_post_feature":"","_kad_post_feature_position":"","_kad_post_header":false,"_kad_post_footer":false,"_kad_post_classname":""},"product_brand":[],"product_cat":[14933],"product_tag":[],"class_list":{"0":"post-111542","1":"product","2":"type-product","3":"status-publish","4":"has-post-thumbnail","6":"product_cat-led-isik-led-isik","8":"first","9":"instock","10":"purchasable","11":"product-type-simple","12":"entry","13":"content-bg","14":"loop-entry"},"_links":{"self":[{"href":"https:\/\/www.hediyepazar.com\/index.php?rest_route=\/wp\/v2\/product\/111542","targetHints":{"allow":["GET"]}}],"collection":[{"href":"https:\/\/www.hediyepazar.com\/index.php?rest_route=\/wp\/v2\/product"}],"about":[{"href":"https:\/\/www.hediyepazar.com\/index.php?rest_route=\/wp\/v2\/types\/product"}],"replies":[{"embeddable":true,"href":"https:\/\/www.hediyepazar.com\/index.php?rest_route=%2Fwp%2Fv2%2Fcomments&post=111542"}],"wp:featuredmedia":[{"embeddable":true,"href":"https:\/\/www.hediyepazar.com\/index.php?rest_route=\/wp\/v2\/media\/111541"}],"wp:attachment":[{"href":"https:\/\/www.hediyepazar.com\/index.php?rest_route=%2Fwp%2Fv2%2Fmedia&parent=111542"}],"wp:term":[{"taxonomy":"product_brand","embeddable":true,"href":"https:\/\/www.hediyepazar.com\/index.php?rest_route=%2Fwp%2Fv2%2Fproduct_brand&post=111542"},{"taxonomy":"product_cat","embeddable":true,"href":"https:\/\/www.hediyepazar.com\/index.php?rest_route=%2Fwp%2Fv2%2Fproduct_cat&post=111542"},{"taxonomy":"product_tag","embeddable":true,"href":"https:\/\/www.hediyepazar.com\/index.php?rest_route=%2Fwp%2Fv2%2Fproduct_tag&post=111542"}],"curies":[{"name":"wp","href":"https:\/\/api.w.org\/{rel}","templated":true}]}}