{"id":111546,"date":"2026-05-05T07:41:58","date_gmt":"2026-05-05T10:41:58","guid":{"rendered":"https:\/\/www.hediyepazar.com\/?product=uzun-menzilli-sarjli-el-feneri-uzun-omurlu-led-isik-lamba"},"modified":"2026-05-05T07:41:58","modified_gmt":"2026-05-05T10:41:58","slug":"uzun-menzilli-sarjli-el-feneri-uzun-omurlu-led-isik-lamba","status":"publish","type":"product","link":"https:\/\/www.hediyepazar.com\/?product=uzun-menzilli-sarjli-el-feneri-uzun-omurlu-led-isik-lamba","title":{"rendered":"Uzun Menzilli \u015earjl\u0131 El Feneri Uzun \u00d6m\u00fcrl\u00fc Led I\u015f\u0131k Lamba"},"content":{"rendered":"<p>Mini COB LED USB \u015earjl\u0131 Anahtarl\u0131k Tipi El Feneri \u2013 Kompakt Tasar\u0131m, B\u00fcy\u00fck Ayd\u0131nlatma G\u00fcc\u00fcK\u00fc\u00e7\u00fck ama son derece etkili bir ayd\u0131nlatma \u00e7\u00f6z\u00fcm\u00fc arayanlar i\u00e7in tasarlanan Mini COB LED USB \u015earjl\u0131 Anahtarl\u0131k Tipi El Feneri, kompakt yap\u0131s\u0131na ra\u011fmen g\u00fc\u00e7l\u00fc \u0131\u015f\u0131k performans\u0131 sunar. Anahtarl\u0131k olarak kolayl\u0131kla ta\u015f\u0131nabilen bu minik fener, acil durumlarda veya karanl\u0131k ortamlarda pratik bir \u015fekilde devreye girer. G\u00fcnl\u00fck kullan\u0131m i\u00e7in ideal oldu\u011fu kadar kamp, y\u00fcr\u00fcy\u00fc\u015f, tamirat i\u015fleri gibi a\u00e7\u0131k hava aktiviteleri i\u00e7in de vazge\u00e7ilmezdir.COB LED teknolojisi sayesinde olduk\u00e7a geni\u015f bir alan\u0131 ayd\u0131nlatabilirken, 250 l\u00fcmen\u2019e kadar ula\u015fan \u0131\u015f\u0131k g\u00fcc\u00fc ile net ve parlak bir g\u00f6r\u00fc\u015f sa\u011flar. USB \u015farj \u00f6zelli\u011fi ile kolayca enerji kazan\u0131r; pil ta\u015f\u0131ma zorunlulu\u011funu ortadan kald\u0131rarak \u00e7evre dostu bir alternatif sunar. Tam dolu batarya ile 3-4 saate kadar kesintisiz ayd\u0131nlatma sa\u011flar ve USB kablosu ile h\u0131zl\u0131 \u015fekilde yeniden \u015farj edilebilir.Manyetik taban\u0131 sayesinde metal y\u00fczeylere sabitlenebilir ve eller serbest \u00e7al\u0131\u015fma kolayl\u0131\u011f\u0131 sunar. Ayr\u0131ca, i\u00e7eri\u011finde yer alan karabina tipi klips sayesinde anahtarl\u0131\u011f\u0131n\u0131za, \u00e7antan\u0131za veya kemerinize kolayca tak\u0131labilir. \u0130ster gece y\u00fcr\u00fcy\u00fc\u015f\u00fcnde ister elektrik kesintisinde yan\u0131n\u0131zda olmas\u0131 gereken kompakt bir yard\u0131mc\u0131d\u0131r.Dayan\u0131kl\u0131 g\u00f6vde yap\u0131s\u0131, darbelere kar\u015f\u0131 diren\u00e7li olup uzun \u00f6m\u00fcrl\u00fc kullan\u0131m vadeder. Farkl\u0131 ayd\u0131nlatma modlar\u0131 sayesinde \u0131\u015f\u0131k yo\u011funlu\u011fu ihtiyaca g\u00f6re ayarlanabilir: y\u00fcksek parlakl\u0131k, d\u00fc\u015f\u00fck parlakl\u0131k ve fla\u015f modu ile \u00e7e\u015fitli senaryolara uyum sa\u011flar.Her an elinizin alt\u0131nda bulunabilecek, hafif ve dayan\u0131kl\u0131 bu mini el feneri; pratikli\u011fi, \u015f\u0131k tasar\u0131m\u0131 ve g\u00fc\u00e7l\u00fc performans\u0131 ile g\u00fcnl\u00fck ya\u015fam\u0131n\u0131zda fark yaratacak.&nbsp;&nbsp;<\/p>\n","protected":false},"excerpt":{"rendered":"<p>Mini COB LED USB \u015earjl\u0131 Anahtarl\u0131k Tipi El Feneri \u2013 Kompakt Tasar\u0131m, B\u00fcy\u00fck Ayd\u0131nlatma G\u00fcc\u00fcK\u00fc\u00e7\u00fck ama son derece etkili bir ayd\u0131nlatma \u00e7\u00f6z\u00fcm\u00fc arayanlar i\u00e7in tasarlanan Mini COB LED USB \u015earjl\u0131 Anahtarl\u0131k Tipi El Feneri, kompakt yap\u0131s\u0131na ra\u011fmen g\u00fc\u00e7l\u00fc \u0131\u015f\u0131k performans\u0131 sunar. Anahtarl\u0131k olarak kolayl\u0131kla ta\u015f\u0131nabilen bu minik fener, acil durumlarda veya karanl\u0131k ortamlarda pratik bir&#8230;<\/p>\n","protected":false},"featured_media":111545,"comment_status":"open","ping_status":"closed","template":"","meta":{"_kad_post_transparent":"","_kad_post_title":"","_kad_post_layout":"","_kad_post_sidebar_id":"","_kad_post_content_style":"","_kad_post_vertical_padding":"","_kad_post_feature":"","_kad_post_feature_position":"","_kad_post_header":false,"_kad_post_footer":false,"_kad_post_classname":""},"product_brand":[],"product_cat":[14979],"product_tag":[],"class_list":{"0":"post-111546","1":"product","2":"type-product","3":"status-publish","4":"has-post-thumbnail","6":"product_cat-kafa-lambasi-kafa-lambasi","8":"first","9":"instock","10":"purchasable","11":"product-type-simple","12":"entry","13":"content-bg","14":"loop-entry"},"_links":{"self":[{"href":"https:\/\/www.hediyepazar.com\/index.php?rest_route=\/wp\/v2\/product\/111546","targetHints":{"allow":["GET"]}}],"collection":[{"href":"https:\/\/www.hediyepazar.com\/index.php?rest_route=\/wp\/v2\/product"}],"about":[{"href":"https:\/\/www.hediyepazar.com\/index.php?rest_route=\/wp\/v2\/types\/product"}],"replies":[{"embeddable":true,"href":"https:\/\/www.hediyepazar.com\/index.php?rest_route=%2Fwp%2Fv2%2Fcomments&post=111546"}],"wp:featuredmedia":[{"embeddable":true,"href":"https:\/\/www.hediyepazar.com\/index.php?rest_route=\/wp\/v2\/media\/111545"}],"wp:attachment":[{"href":"https:\/\/www.hediyepazar.com\/index.php?rest_route=%2Fwp%2Fv2%2Fmedia&parent=111546"}],"wp:term":[{"taxonomy":"product_brand","embeddable":true,"href":"https:\/\/www.hediyepazar.com\/index.php?rest_route=%2Fwp%2Fv2%2Fproduct_brand&post=111546"},{"taxonomy":"product_cat","embeddable":true,"href":"https:\/\/www.hediyepazar.com\/index.php?rest_route=%2Fwp%2Fv2%2Fproduct_cat&post=111546"},{"taxonomy":"product_tag","embeddable":true,"href":"https:\/\/www.hediyepazar.com\/index.php?rest_route=%2Fwp%2Fv2%2Fproduct_tag&post=111546"}],"curies":[{"name":"wp","href":"https:\/\/api.w.org\/{rel}","templated":true}]}}