{"id":111572,"date":"2026-05-05T07:44:12","date_gmt":"2026-05-05T10:44:12","guid":{"rendered":"https:\/\/www.hediyepazar.com\/?product=telefon-sogutucu-fan-guclu-motor-radyator-cep-telefon-sogutma"},"modified":"2026-05-05T07:44:12","modified_gmt":"2026-05-05T10:44:12","slug":"telefon-sogutucu-fan-guclu-motor-radyator-cep-telefon-sogutma","status":"publish","type":"product","link":"https:\/\/www.hediyepazar.com\/?product=telefon-sogutucu-fan-guclu-motor-radyator-cep-telefon-sogutma","title":{"rendered":"Telefon So\u011futucu Fan G\u00fc\u00e7l\u00fc Motor Radyat\u00f6r Cep Telefon So\u011futma"},"content":{"rendered":"<p>Yo\u011fun kullan\u0131m s\u0131ras\u0131nda \u0131s\u0131nan telefonlar, performans kay\u0131plar\u0131na ve donan\u0131m sorunlar\u0131na neden olabilir. Bu sorunu \u00f6nlemek i\u00e7in tasarlanan bu ta\u015f\u0131nabilir telefon so\u011futucu fan, g\u00fc\u00e7l\u00fc hava sirk\u00fclasyonu sayesinde cihaz\u0131n\u0131z\u0131n \u0131s\u0131s\u0131n\u0131 dengede tutar. \u00d6zellikle mobil oyunlar, canl\u0131 yay\u0131nlar, video d\u00fczenleme gibi yo\u011fun i\u015flem g\u00fcc\u00fc gerektiren kullan\u0131m senaryolar\u0131nda devreye girerek cihaz\u0131n\u0131z\u0131n maksimum verimle \u00e7al\u0131\u015fmas\u0131n\u0131 sa\u011flar.Kolay monte edilebilen tasar\u0131m\u0131 sayesinde telefonunuza saniyeler i\u00e7inde takabilir ve kullanmaya ba\u015flayabilirsiniz. Sessiz \u00e7al\u0131\u015fan fan motoru, dikkat da\u011f\u0131tmadan g\u00f6revini yerine getirirken; ergonomik yap\u0131s\u0131 da oyun veya izleme deneyiminizi sekteye u\u011fratmaz. Hem \u015farj olurken hem de kullan\u0131mdayken cihaza ekstra y\u00fck bindirmeden serin tutarak pil \u00f6mr\u00fcn\u00fc dolayl\u0131 olarak korur.Mobil performans\u0131n\u0131 \u00f6nemseyen, oyunlardan kopmak istemeyen ya da yaln\u0131zca cihaz\u0131n\u0131n sa\u011fl\u0131\u011f\u0131n\u0131 d\u00fc\u015f\u00fcnen kullan\u0131c\u0131lar i\u00e7in bu so\u011futucu fan pratik, etkili ve modern bir \u00e7\u00f6z\u00fcmd\u00fcr. Is\u0131nma sorunlar\u0131n\u0131 geride b\u0131rakmak isteyen herkesin \u00e7antas\u0131nda mutlaka yer almas\u0131 gereken bir aksesuard\u0131r.&nbsp;&nbsp;&nbsp;&nbsp;&nbsp;&nbsp;&nbsp;&nbsp;&nbsp;&nbsp;&nbsp;&nbsp;&nbsp;<\/p>\n","protected":false},"excerpt":{"rendered":"<p>Yo\u011fun kullan\u0131m s\u0131ras\u0131nda \u0131s\u0131nan telefonlar, performans kay\u0131plar\u0131na ve donan\u0131m sorunlar\u0131na neden olabilir. Bu sorunu \u00f6nlemek i\u00e7in tasarlanan bu ta\u015f\u0131nabilir telefon so\u011futucu fan, g\u00fc\u00e7l\u00fc hava sirk\u00fclasyonu sayesinde cihaz\u0131n\u0131z\u0131n \u0131s\u0131s\u0131n\u0131 dengede tutar. \u00d6zellikle mobil oyunlar, canl\u0131 yay\u0131nlar, video d\u00fczenleme gibi yo\u011fun i\u015flem g\u00fcc\u00fc gerektiren kullan\u0131m senaryolar\u0131nda devreye girerek cihaz\u0131n\u0131z\u0131n maksimum verimle \u00e7al\u0131\u015fmas\u0131n\u0131 sa\u011flar.Kolay monte edilebilen tasar\u0131m\u0131 sayesinde&#8230;<\/p>\n","protected":false},"featured_media":111571,"comment_status":"open","ping_status":"closed","template":"","meta":{"_kad_post_transparent":"","_kad_post_title":"","_kad_post_layout":"","_kad_post_sidebar_id":"","_kad_post_content_style":"","_kad_post_vertical_padding":"","_kad_post_feature":"","_kad_post_feature_position":"","_kad_post_header":false,"_kad_post_footer":false,"_kad_post_classname":""},"product_brand":[],"product_cat":[14991],"product_tag":[],"class_list":{"0":"post-111572","1":"product","2":"type-product","3":"status-publish","4":"has-post-thumbnail","6":"product_cat-mobil-oyun-aksesuar-mobil-oyun-aksesuar","8":"first","9":"instock","10":"purchasable","11":"product-type-simple","12":"entry","13":"content-bg","14":"loop-entry"},"_links":{"self":[{"href":"https:\/\/www.hediyepazar.com\/index.php?rest_route=\/wp\/v2\/product\/111572","targetHints":{"allow":["GET"]}}],"collection":[{"href":"https:\/\/www.hediyepazar.com\/index.php?rest_route=\/wp\/v2\/product"}],"about":[{"href":"https:\/\/www.hediyepazar.com\/index.php?rest_route=\/wp\/v2\/types\/product"}],"replies":[{"embeddable":true,"href":"https:\/\/www.hediyepazar.com\/index.php?rest_route=%2Fwp%2Fv2%2Fcomments&post=111572"}],"wp:featuredmedia":[{"embeddable":true,"href":"https:\/\/www.hediyepazar.com\/index.php?rest_route=\/wp\/v2\/media\/111571"}],"wp:attachment":[{"href":"https:\/\/www.hediyepazar.com\/index.php?rest_route=%2Fwp%2Fv2%2Fmedia&parent=111572"}],"wp:term":[{"taxonomy":"product_brand","embeddable":true,"href":"https:\/\/www.hediyepazar.com\/index.php?rest_route=%2Fwp%2Fv2%2Fproduct_brand&post=111572"},{"taxonomy":"product_cat","embeddable":true,"href":"https:\/\/www.hediyepazar.com\/index.php?rest_route=%2Fwp%2Fv2%2Fproduct_cat&post=111572"},{"taxonomy":"product_tag","embeddable":true,"href":"https:\/\/www.hediyepazar.com\/index.php?rest_route=%2Fwp%2Fv2%2Fproduct_tag&post=111572"}],"curies":[{"name":"wp","href":"https:\/\/api.w.org\/{rel}","templated":true}]}}