{"id":111574,"date":"2026-05-05T07:44:15","date_gmt":"2026-05-05T10:44:15","guid":{"rendered":"https:\/\/www.hediyepazar.com\/?product=telefon-sogutucu-cep-telefon-sogutma-fani-radyator"},"modified":"2026-05-05T07:44:15","modified_gmt":"2026-05-05T10:44:15","slug":"telefon-sogutucu-cep-telefon-sogutma-fani-radyator","status":"publish","type":"product","link":"https:\/\/www.hediyepazar.com\/?product=telefon-sogutucu-cep-telefon-sogutma-fani-radyator","title":{"rendered":"Telefon So\u011futucu Cep Telefon So\u011futma Fan\u0131 Radyat\u00f6r"},"content":{"rendered":"<p>Telefon so\u011futucu fan, mobil cihazlar\u0131n yo\u011fun kullan\u0131m esnas\u0131nda kar\u015f\u0131la\u015ft\u0131\u011f\u0131 \u0131s\u0131nma problemlerine kar\u015f\u0131 geli\u015ftirilen pratik ve etkili bir \u00e7\u00f6z\u00fcmd\u00fcr. \u00d6zellikle oyun oynarken, video d\u00fczenlerken ya da uzun s\u00fcreli internet kullan\u0131m\u0131 gibi donan\u0131m\u0131 zorlayan i\u015flemler s\u0131ras\u0131nda cihazlar normalden daha fazla \u0131s\u0131nabilir. Bu durum hem performans kayb\u0131na hem de donan\u0131m \u00f6mr\u00fcn\u00fcn k\u0131salmas\u0131na neden olabilir. \u0130\u015fte bu noktada devreye giren bu ta\u015f\u0131nabilir so\u011futucu fan, g\u00fc\u00e7l\u00fc motor sistemi sayesinde cihaz\u0131n\u0131z\u0131n y\u00fczey s\u0131cakl\u0131\u011f\u0131n\u0131 h\u0131zl\u0131 bir \u015fekilde d\u00fc\u015f\u00fcrerek a\u015f\u0131r\u0131 \u0131s\u0131nmay\u0131 \u00f6nler.Kompakt yap\u0131s\u0131 ve kolay tak-\u00e7\u0131kar \u00f6zelli\u011fi sayesinde hem iOS hem de Android cihazlarla uyumlu olarak kullan\u0131labilir. Fan\u0131n ergonomik tasar\u0131m\u0131, telefonunuzun kullan\u0131m konforunu bozmazken; sessiz \u00e7al\u0131\u015fma prensibi sayesinde de oyun keyfinizi ya da izleme deneyiminizi b\u00f6lmez. Ayn\u0131 zamanda performans d\u00fc\u015f\u00fc\u015flerini minimize ederek cihaz\u0131n daha verimli \u00e7al\u0131\u015fmas\u0131na katk\u0131 sa\u011flar. \u00d6zellikle y\u00fcksek grafik performans\u0131 isteyen mobil oyunlar oynarken cihaz\u0131n stabil kalmas\u0131na yard\u0131mc\u0131 olur ve oyun s\u0131ras\u0131nda olu\u015fabilecek tak\u0131lma veya gecikme sorunlar\u0131n\u0131 \u00f6nler.Cihaz\u0131n\u0131z\u0131n donan\u0131m\u0131n\u0131 korumak, oyun ve i\u00e7erik keyfini kesintisiz s\u00fcrd\u00fcrmek istiyorsan\u0131z, bu so\u011futucu fan g\u00fcnl\u00fck kullan\u0131mda vazge\u00e7ilmez bir yard\u0131mc\u0131ya d\u00f6n\u00fc\u015febilir. Hafif, ta\u015f\u0131nabilir ve etkili bir \u00e7\u00f6z\u00fcm arayanlar i\u00e7in ideal bir aksesuard\u0131r.&nbsp;&nbsp;&nbsp;&nbsp;&nbsp;&nbsp;&nbsp;&nbsp;&nbsp;&nbsp;&nbsp;&nbsp;&nbsp;<\/p>\n","protected":false},"excerpt":{"rendered":"<p>Telefon so\u011futucu fan, mobil cihazlar\u0131n yo\u011fun kullan\u0131m esnas\u0131nda kar\u015f\u0131la\u015ft\u0131\u011f\u0131 \u0131s\u0131nma problemlerine kar\u015f\u0131 geli\u015ftirilen pratik ve etkili bir \u00e7\u00f6z\u00fcmd\u00fcr. \u00d6zellikle oyun oynarken, video d\u00fczenlerken ya da uzun s\u00fcreli internet kullan\u0131m\u0131 gibi donan\u0131m\u0131 zorlayan i\u015flemler s\u0131ras\u0131nda cihazlar normalden daha fazla \u0131s\u0131nabilir. Bu durum hem performans kayb\u0131na hem de donan\u0131m \u00f6mr\u00fcn\u00fcn k\u0131salmas\u0131na neden olabilir. \u0130\u015fte bu noktada devreye&#8230;<\/p>\n","protected":false},"featured_media":111573,"comment_status":"open","ping_status":"closed","template":"","meta":{"_kad_post_transparent":"","_kad_post_title":"","_kad_post_layout":"","_kad_post_sidebar_id":"","_kad_post_content_style":"","_kad_post_vertical_padding":"","_kad_post_feature":"","_kad_post_feature_position":"","_kad_post_header":false,"_kad_post_footer":false,"_kad_post_classname":""},"product_brand":[],"product_cat":[14991],"product_tag":[],"class_list":{"0":"post-111574","1":"product","2":"type-product","3":"status-publish","4":"has-post-thumbnail","6":"product_cat-mobil-oyun-aksesuar-mobil-oyun-aksesuar","8":"first","9":"instock","10":"purchasable","11":"product-type-simple","12":"entry","13":"content-bg","14":"loop-entry"},"_links":{"self":[{"href":"https:\/\/www.hediyepazar.com\/index.php?rest_route=\/wp\/v2\/product\/111574","targetHints":{"allow":["GET"]}}],"collection":[{"href":"https:\/\/www.hediyepazar.com\/index.php?rest_route=\/wp\/v2\/product"}],"about":[{"href":"https:\/\/www.hediyepazar.com\/index.php?rest_route=\/wp\/v2\/types\/product"}],"replies":[{"embeddable":true,"href":"https:\/\/www.hediyepazar.com\/index.php?rest_route=%2Fwp%2Fv2%2Fcomments&post=111574"}],"wp:featuredmedia":[{"embeddable":true,"href":"https:\/\/www.hediyepazar.com\/index.php?rest_route=\/wp\/v2\/media\/111573"}],"wp:attachment":[{"href":"https:\/\/www.hediyepazar.com\/index.php?rest_route=%2Fwp%2Fv2%2Fmedia&parent=111574"}],"wp:term":[{"taxonomy":"product_brand","embeddable":true,"href":"https:\/\/www.hediyepazar.com\/index.php?rest_route=%2Fwp%2Fv2%2Fproduct_brand&post=111574"},{"taxonomy":"product_cat","embeddable":true,"href":"https:\/\/www.hediyepazar.com\/index.php?rest_route=%2Fwp%2Fv2%2Fproduct_cat&post=111574"},{"taxonomy":"product_tag","embeddable":true,"href":"https:\/\/www.hediyepazar.com\/index.php?rest_route=%2Fwp%2Fv2%2Fproduct_tag&post=111574"}],"curies":[{"name":"wp","href":"https:\/\/api.w.org\/{rel}","templated":true}]}}