{"id":111582,"date":"2026-05-05T07:46:12","date_gmt":"2026-05-05T10:46:12","guid":{"rendered":"https:\/\/www.hediyepazar.com\/?product=elektronik-akilli-kulluk-hava-temizleyici-kokusuz-kul-tablasi-anti-duman"},"modified":"2026-05-05T07:46:12","modified_gmt":"2026-05-05T10:46:12","slug":"elektronik-akilli-kulluk-hava-temizleyici-kokusuz-kul-tablasi-anti-duman","status":"publish","type":"product","link":"https:\/\/www.hediyepazar.com\/?product=elektronik-akilli-kulluk-hava-temizleyici-kokusuz-kul-tablasi-anti-duman","title":{"rendered":"Elektronik Ak\u0131ll\u0131 K\u00fcll\u00fck Hava Temizleyici Kokusuz K\u00fcl Tablas\u0131 Anti-Duman"},"content":{"rendered":"<p>Kompakt yap\u0131s\u0131 ve g\u00fc\u00e7l\u00fc performans\u0131yla \u00f6ne \u00e7\u0131kan bu duman filtreli k\u00fcll\u00fck, bulundu\u011funuz ortam\u0131n havas\u0131n\u0131 etkili \u015fekilde temizleyerek sigara duman\u0131n\u0131n zararl\u0131 etkilerini en aza indirir. Geli\u015fmi\u015f hava filtreleme sistemi sayesinde \u00f6zellikle kapal\u0131 mekanlarda sigara i\u00e7enlerin ve i\u00e7meyenlerin daha konforlu bir deneyim ya\u015famas\u0131n\u0131 sa\u011flar. Negatif oksijen iyonlar\u0131 salarak ortam havas\u0131n\u0131 tazeleyen cihaz, duman\u0131 ve kokuyu filtreleyip solunan havay\u0131 daha temiz hale getirir.Evde, ofiste, otel odas\u0131nda ya da restoran gibi farkl\u0131 ortamlarda kolayca kullan\u0131labilir. \u015e\u0131k ve sade tasar\u0131m\u0131yla dekoratif olarak da rahats\u0131z etmez. Kullan\u0131m\u0131 olduk\u00e7a basittir; tek tu\u015fla h\u0131zl\u0131ca \u00e7al\u0131\u015ft\u0131rabilir, ihtiyaca g\u00f6re h\u0131z modunu ayarlayabilirsiniz. B\u00f6ylece cihaz\u0131 kendi ortam\u0131n\u0131za en uygun \u015fekilde kullanabilirsiniz.Yaln\u0131zca 7.5&#215;13.2 cm boyutlar\u0131nda ve 270 gram a\u011f\u0131rl\u0131\u011f\u0131nda olan bu \u00fcr\u00fcn, ta\u015f\u0131nabilirli\u011fiyle de dikkat \u00e7eker. 2 adet kalem pil (3V) ile \u00e7al\u0131\u015farak pratik bir kullan\u0131m sunar ve priz ba\u011f\u0131ml\u0131l\u0131\u011f\u0131n\u0131 ortadan kald\u0131r\u0131r. Masan\u0131zda, sehpan\u0131zda ya da araban\u0131zda rahatl\u0131kla kullanabilece\u011finiz bu duman filtreli k\u00fcll\u00fck, hem sa\u011fl\u0131\u011f\u0131n\u0131z\u0131 korumaya yard\u0131mc\u0131 olur hem de \u00e7evrenizdekilere daha konforlu bir ortam sunar.&nbsp;&nbsp;&nbsp;&nbsp;&nbsp;&nbsp;<\/p>\n","protected":false},"excerpt":{"rendered":"<p>Kompakt yap\u0131s\u0131 ve g\u00fc\u00e7l\u00fc performans\u0131yla \u00f6ne \u00e7\u0131kan bu duman filtreli k\u00fcll\u00fck, bulundu\u011funuz ortam\u0131n havas\u0131n\u0131 etkili \u015fekilde temizleyerek sigara duman\u0131n\u0131n zararl\u0131 etkilerini en aza indirir. Geli\u015fmi\u015f hava filtreleme sistemi sayesinde \u00f6zellikle kapal\u0131 mekanlarda sigara i\u00e7enlerin ve i\u00e7meyenlerin daha konforlu bir deneyim ya\u015famas\u0131n\u0131 sa\u011flar. Negatif oksijen iyonlar\u0131 salarak ortam havas\u0131n\u0131 tazeleyen cihaz, duman\u0131 ve kokuyu filtreleyip solunan&#8230;<\/p>\n","protected":false},"featured_media":111581,"comment_status":"open","ping_status":"closed","template":"","meta":{"_kad_post_transparent":"","_kad_post_title":"","_kad_post_layout":"","_kad_post_sidebar_id":"","_kad_post_content_style":"","_kad_post_vertical_padding":"","_kad_post_feature":"","_kad_post_feature_position":"","_kad_post_header":false,"_kad_post_footer":false,"_kad_post_classname":""},"product_brand":[],"product_cat":[14995],"product_tag":[],"class_list":{"0":"post-111582","1":"product","2":"type-product","3":"status-publish","4":"has-post-thumbnail","6":"product_cat-kulluk-kulluk-2","8":"first","9":"instock","10":"purchasable","11":"product-type-simple","12":"entry","13":"content-bg","14":"loop-entry"},"_links":{"self":[{"href":"https:\/\/www.hediyepazar.com\/index.php?rest_route=\/wp\/v2\/product\/111582","targetHints":{"allow":["GET"]}}],"collection":[{"href":"https:\/\/www.hediyepazar.com\/index.php?rest_route=\/wp\/v2\/product"}],"about":[{"href":"https:\/\/www.hediyepazar.com\/index.php?rest_route=\/wp\/v2\/types\/product"}],"replies":[{"embeddable":true,"href":"https:\/\/www.hediyepazar.com\/index.php?rest_route=%2Fwp%2Fv2%2Fcomments&post=111582"}],"wp:featuredmedia":[{"embeddable":true,"href":"https:\/\/www.hediyepazar.com\/index.php?rest_route=\/wp\/v2\/media\/111581"}],"wp:attachment":[{"href":"https:\/\/www.hediyepazar.com\/index.php?rest_route=%2Fwp%2Fv2%2Fmedia&parent=111582"}],"wp:term":[{"taxonomy":"product_brand","embeddable":true,"href":"https:\/\/www.hediyepazar.com\/index.php?rest_route=%2Fwp%2Fv2%2Fproduct_brand&post=111582"},{"taxonomy":"product_cat","embeddable":true,"href":"https:\/\/www.hediyepazar.com\/index.php?rest_route=%2Fwp%2Fv2%2Fproduct_cat&post=111582"},{"taxonomy":"product_tag","embeddable":true,"href":"https:\/\/www.hediyepazar.com\/index.php?rest_route=%2Fwp%2Fv2%2Fproduct_tag&post=111582"}],"curies":[{"name":"wp","href":"https:\/\/api.w.org\/{rel}","templated":true}]}}