{"id":111584,"date":"2026-05-05T07:46:17","date_gmt":"2026-05-05T10:46:17","guid":{"rendered":"https:\/\/www.hediyepazar.com\/?product=akilli-kokusuz-kulluk-dumani-icine-ceken-kul-tablasi-hava-temizleyici"},"modified":"2026-05-05T07:46:17","modified_gmt":"2026-05-05T10:46:17","slug":"akilli-kokusuz-kulluk-dumani-icine-ceken-kul-tablasi-hava-temizleyici","status":"publish","type":"product","link":"https:\/\/www.hediyepazar.com\/?product=akilli-kokusuz-kulluk-dumani-icine-ceken-kul-tablasi-hava-temizleyici","title":{"rendered":"Ak\u0131ll\u0131 Kokusuz K\u00fcll\u00fck Duman\u0131 \u0130\u00e7ine \u00c7eken K\u00fcl Tablas\u0131 Hava Temizleyici"},"content":{"rendered":"<p>Yenilik\u00e7i tasar\u0131m\u0131yla dikkat \u00e7eken bu duman filtreli k\u00fcll\u00fck, yaln\u0131zca bir sigara aksesuar\u0131 de\u011fil, ayn\u0131 zamanda ortam havas\u0131n\u0131 iyile\u015ftiren fonksiyonel bir cihaz olarak \u00f6ne \u00e7\u0131kar. Hava temizleyici \u00f6zelli\u011fi sayesinde sigara duman\u0131n\u0131n yayd\u0131\u011f\u0131 k\u00f6t\u00fc kokular\u0131 ve zararl\u0131 partik\u00fclleri filtreleyerek bulundu\u011funuz alan\u0131n havas\u0131n\u0131 ferahlat\u0131r. B\u00f6ylece sigara i\u00e7meyen ki\u015filerin rahats\u0131zl\u0131\u011f\u0131 azal\u0131rken, i\u00e7ilen ortamlar \u00e7ok daha ya\u015fanabilir hale gelir.Ev, ofis, restoran veya otel gibi farkl\u0131 mekanlarda kolayca kullan\u0131labilen bu \u00fcr\u00fcn, kompakt yap\u0131s\u0131 ve sade tasar\u0131m\u0131yla her yere uyum sa\u011flar. Sadece tek tu\u015fla \u00e7al\u0131\u015ft\u0131r\u0131labilen mekanizmas\u0131 kullan\u0131m kolayl\u0131\u011f\u0131 sunarken, h\u0131z ayar\u0131 fonksiyonu sayesinde ihtiyaca g\u00f6re performans ayarlanabilir.Negatif oksijen iyonlar\u0131 sal\u0131n\u0131m\u0131 ile hava kalitesini iyile\u015ftiren cihaz, ortamdaki duman\u0131 ve kokuyu da\u011f\u0131tmadan i\u00e7ine \u00e7ekerek etkili bir filtreleme sa\u011flar. 7.5&#215;13.2 cm boyutlar\u0131ndaki bu cihaz sadece 270 gram a\u011f\u0131rl\u0131\u011f\u0131ndad\u0131r ve 2 adet kalem pil ile (3V) \u00e7al\u0131\u015farak kablosuz \u00f6zg\u00fcrl\u00fck sunar.Minimalist g\u00f6r\u00fcn\u00fcm\u00fcn\u00fcn ard\u0131nda g\u00fc\u00e7l\u00fc bir hava temizleme sistemi bar\u0131nd\u0131ran bu \u00fcr\u00fcn, hem i\u015flevselli\u011fi hem de zarif duru\u015fuyla dikkat \u00e7eker. Daha sa\u011fl\u0131kl\u0131 bir ortam yaratmak isteyenler i\u00e7in ideal bir \u00e7\u00f6z\u00fcmd\u00fcr.&nbsp;&nbsp;&nbsp;&nbsp;&nbsp;&nbsp;&nbsp;&nbsp;<\/p>\n","protected":false},"excerpt":{"rendered":"<p>Yenilik\u00e7i tasar\u0131m\u0131yla dikkat \u00e7eken bu duman filtreli k\u00fcll\u00fck, yaln\u0131zca bir sigara aksesuar\u0131 de\u011fil, ayn\u0131 zamanda ortam havas\u0131n\u0131 iyile\u015ftiren fonksiyonel bir cihaz olarak \u00f6ne \u00e7\u0131kar. Hava temizleyici \u00f6zelli\u011fi sayesinde sigara duman\u0131n\u0131n yayd\u0131\u011f\u0131 k\u00f6t\u00fc kokular\u0131 ve zararl\u0131 partik\u00fclleri filtreleyerek bulundu\u011funuz alan\u0131n havas\u0131n\u0131 ferahlat\u0131r. B\u00f6ylece sigara i\u00e7meyen ki\u015filerin rahats\u0131zl\u0131\u011f\u0131 azal\u0131rken, i\u00e7ilen ortamlar \u00e7ok daha ya\u015fanabilir hale gelir.Ev, ofis,&#8230;<\/p>\n","protected":false},"featured_media":111583,"comment_status":"open","ping_status":"closed","template":"","meta":{"_kad_post_transparent":"","_kad_post_title":"","_kad_post_layout":"","_kad_post_sidebar_id":"","_kad_post_content_style":"","_kad_post_vertical_padding":"","_kad_post_feature":"","_kad_post_feature_position":"","_kad_post_header":false,"_kad_post_footer":false,"_kad_post_classname":""},"product_brand":[],"product_cat":[14995],"product_tag":[],"class_list":{"0":"post-111584","1":"product","2":"type-product","3":"status-publish","4":"has-post-thumbnail","6":"product_cat-kulluk-kulluk-2","8":"first","9":"instock","10":"purchasable","11":"product-type-simple","12":"entry","13":"content-bg","14":"loop-entry"},"_links":{"self":[{"href":"https:\/\/www.hediyepazar.com\/index.php?rest_route=\/wp\/v2\/product\/111584","targetHints":{"allow":["GET"]}}],"collection":[{"href":"https:\/\/www.hediyepazar.com\/index.php?rest_route=\/wp\/v2\/product"}],"about":[{"href":"https:\/\/www.hediyepazar.com\/index.php?rest_route=\/wp\/v2\/types\/product"}],"replies":[{"embeddable":true,"href":"https:\/\/www.hediyepazar.com\/index.php?rest_route=%2Fwp%2Fv2%2Fcomments&post=111584"}],"wp:featuredmedia":[{"embeddable":true,"href":"https:\/\/www.hediyepazar.com\/index.php?rest_route=\/wp\/v2\/media\/111583"}],"wp:attachment":[{"href":"https:\/\/www.hediyepazar.com\/index.php?rest_route=%2Fwp%2Fv2%2Fmedia&parent=111584"}],"wp:term":[{"taxonomy":"product_brand","embeddable":true,"href":"https:\/\/www.hediyepazar.com\/index.php?rest_route=%2Fwp%2Fv2%2Fproduct_brand&post=111584"},{"taxonomy":"product_cat","embeddable":true,"href":"https:\/\/www.hediyepazar.com\/index.php?rest_route=%2Fwp%2Fv2%2Fproduct_cat&post=111584"},{"taxonomy":"product_tag","embeddable":true,"href":"https:\/\/www.hediyepazar.com\/index.php?rest_route=%2Fwp%2Fv2%2Fproduct_tag&post=111584"}],"curies":[{"name":"wp","href":"https:\/\/api.w.org\/{rel}","templated":true}]}}