{"id":111586,"date":"2026-05-05T07:46:23","date_gmt":"2026-05-05T10:46:23","guid":{"rendered":"https:\/\/www.hediyepazar.com\/?product=kul-tablasi-hava-temizleyici-arac-akilli-kulluk-duman-temizleyici"},"modified":"2026-05-05T07:46:23","modified_gmt":"2026-05-05T10:46:23","slug":"kul-tablasi-hava-temizleyici-arac-akilli-kulluk-duman-temizleyici","status":"publish","type":"product","link":"https:\/\/www.hediyepazar.com\/?product=kul-tablasi-hava-temizleyici-arac-akilli-kulluk-duman-temizleyici","title":{"rendered":"K\u00fcl Tablas\u0131 Hava Temizleyici Ara\u00e7 Ak\u0131ll\u0131 K\u00fcll\u00fck Duman Temizleyici"},"content":{"rendered":"<p>Multifonksiyonel hava temizleyici duman filtreli k\u00fcll\u00fck, zarif tasar\u0131m\u0131 ve etkili performans\u0131yla hem sigara duman\u0131n\u0131 filtreler hem de bulundu\u011funuz ortam\u0131n havas\u0131n\u0131 tazeleyerek daha sa\u011fl\u0131kl\u0131 bir solunum alan\u0131 sunar. \u00d6zellikle ev, ofis, otel, restoran gibi kapal\u0131 alanlarda sigara i\u00e7ilen ortamlarda ideal bir kullan\u0131m sunan bu \u00fcr\u00fcn, klasik k\u00fcll\u00fck i\u015flevinin \u00f6tesine ge\u00e7erek havadaki zararl\u0131 partik\u00fclleri azalt\u0131r ve ortam\u0131 daha ferah hale getirir.Cihaz, negatif oksijen iyonlar\u0131 \u00fcreterek havadaki sigara duman\u0131n\u0131 ve di\u011fer k\u00f6t\u00fc kokular\u0131 etkili \u015fekilde filtreler. Tek tu\u015fla kolayca \u00e7al\u0131\u015ft\u0131r\u0131labilir olu\u015fu sayesinde her ya\u015ftan kullan\u0131c\u0131 i\u00e7in pratik bir deneyim sunar. Ayr\u0131ca h\u0131z modunun ayarlanabilir olmas\u0131, farkl\u0131 yo\u011funluklardaki duman seviyelerine kar\u015f\u0131 etkili bir \u00e7\u00f6z\u00fcm sa\u011flar.7.5&#215;13.2 cm boyutlar\u0131nda olan bu kompakt \u00fcr\u00fcn, sadece 270 gram a\u011f\u0131rl\u0131\u011f\u0131ndad\u0131r ve 2 adet kalem pil (3V) ile \u00e7al\u0131\u015farak kablo karma\u015fas\u0131ndan uzak, ta\u015f\u0131nabilir ve enerji dostu bir kullan\u0131m sunar. Minimalist yap\u0131s\u0131 sayesinde masa \u00fcst\u00fcnde fazla yer kaplamazken, \u015f\u0131k g\u00f6r\u00fcn\u00fcm\u00fcyle her dekorasyona kolayca uyum sa\u011flar.Sigaradan kaynakl\u0131 havadaki kirlili\u011fi azaltmak isteyenler, sevdiklerinin sa\u011fl\u0131\u011f\u0131n\u0131 \u00f6nemseyenler veya bulundu\u011fu ortamda daha temiz bir hava solumak isteyenler i\u00e7in bu hava temizleyici k\u00fcll\u00fck, hem i\u015flevselli\u011fi hem de estetik yap\u0131s\u0131yla ideal bir tercihtir.&nbsp;&nbsp;&nbsp;&nbsp;&nbsp;&nbsp;&nbsp;<\/p>\n","protected":false},"excerpt":{"rendered":"<p>Multifonksiyonel hava temizleyici duman filtreli k\u00fcll\u00fck, zarif tasar\u0131m\u0131 ve etkili performans\u0131yla hem sigara duman\u0131n\u0131 filtreler hem de bulundu\u011funuz ortam\u0131n havas\u0131n\u0131 tazeleyerek daha sa\u011fl\u0131kl\u0131 bir solunum alan\u0131 sunar. \u00d6zellikle ev, ofis, otel, restoran gibi kapal\u0131 alanlarda sigara i\u00e7ilen ortamlarda ideal bir kullan\u0131m sunan bu \u00fcr\u00fcn, klasik k\u00fcll\u00fck i\u015flevinin \u00f6tesine ge\u00e7erek havadaki zararl\u0131 partik\u00fclleri azalt\u0131r ve ortam\u0131&#8230;<\/p>\n","protected":false},"featured_media":111585,"comment_status":"open","ping_status":"closed","template":"","meta":{"_kad_post_transparent":"","_kad_post_title":"","_kad_post_layout":"","_kad_post_sidebar_id":"","_kad_post_content_style":"","_kad_post_vertical_padding":"","_kad_post_feature":"","_kad_post_feature_position":"","_kad_post_header":false,"_kad_post_footer":false,"_kad_post_classname":""},"product_brand":[],"product_cat":[14995],"product_tag":[],"class_list":{"0":"post-111586","1":"product","2":"type-product","3":"status-publish","4":"has-post-thumbnail","6":"product_cat-kulluk-kulluk-2","8":"first","9":"instock","10":"purchasable","11":"product-type-simple","12":"entry","13":"content-bg","14":"loop-entry"},"_links":{"self":[{"href":"https:\/\/www.hediyepazar.com\/index.php?rest_route=\/wp\/v2\/product\/111586","targetHints":{"allow":["GET"]}}],"collection":[{"href":"https:\/\/www.hediyepazar.com\/index.php?rest_route=\/wp\/v2\/product"}],"about":[{"href":"https:\/\/www.hediyepazar.com\/index.php?rest_route=\/wp\/v2\/types\/product"}],"replies":[{"embeddable":true,"href":"https:\/\/www.hediyepazar.com\/index.php?rest_route=%2Fwp%2Fv2%2Fcomments&post=111586"}],"wp:featuredmedia":[{"embeddable":true,"href":"https:\/\/www.hediyepazar.com\/index.php?rest_route=\/wp\/v2\/media\/111585"}],"wp:attachment":[{"href":"https:\/\/www.hediyepazar.com\/index.php?rest_route=%2Fwp%2Fv2%2Fmedia&parent=111586"}],"wp:term":[{"taxonomy":"product_brand","embeddable":true,"href":"https:\/\/www.hediyepazar.com\/index.php?rest_route=%2Fwp%2Fv2%2Fproduct_brand&post=111586"},{"taxonomy":"product_cat","embeddable":true,"href":"https:\/\/www.hediyepazar.com\/index.php?rest_route=%2Fwp%2Fv2%2Fproduct_cat&post=111586"},{"taxonomy":"product_tag","embeddable":true,"href":"https:\/\/www.hediyepazar.com\/index.php?rest_route=%2Fwp%2Fv2%2Fproduct_tag&post=111586"}],"curies":[{"name":"wp","href":"https:\/\/api.w.org\/{rel}","templated":true}]}}