{"id":111613,"date":"2026-05-05T07:50:08","date_gmt":"2026-05-05T10:50:08","guid":{"rendered":"https:\/\/www.hediyepazar.com\/?product=kilitli-gizli-kasa-sozluk-kumbara-kitap-sozluk-gorunumlu-18cm"},"modified":"2026-05-05T07:50:08","modified_gmt":"2026-05-05T10:50:08","slug":"kilitli-gizli-kasa-sozluk-kumbara-kitap-sozluk-gorunumlu-18cm","status":"publish","type":"product","link":"https:\/\/www.hediyepazar.com\/?product=kilitli-gizli-kasa-sozluk-kumbara-kitap-sozluk-gorunumlu-18cm","title":{"rendered":"Kilitli Gizli Kasa S\u00f6zl\u00fck Kumbara Kitap S\u00f6zl\u00fck G\u00f6r\u00fcn\u00fcml\u00fc 18cm"},"content":{"rendered":"<p>Gizlili\u011fi ve g\u00fcvenli\u011fi \u015f\u0131k bir tasar\u0131mla birle\u015ftiren S\u00f6zl\u00fck G\u00f6r\u00fcn\u00fcml\u00fc Lacivert Kitap Kasa, g\u00fcnl\u00fck ya\u015fam\u0131n\u0131zda de\u011ferli e\u015fyalar\u0131n\u0131z\u0131 saklaman\u0131n en zekice yollar\u0131ndan biri. Ger\u00e7ek bir \u0130ngilizce s\u00f6zl\u00fck kitab\u0131 gibi tasarlanm\u0131\u015f d\u0131\u015f y\u00fczeyi sayesinde, kitapl\u0131kta veya masada s\u0131radan bir kitap gibi durur. Bu \u00f6zelli\u011fiyle, \u00f6zellikle h\u0131rs\u0131zl\u0131k gibi istenmeyen durumlara kar\u015f\u0131 kusursuz bir kamuflaj g\u00f6revi g\u00f6r\u00fcr. \u0130\u00e7 k\u0131sm\u0131nda yer alan dayan\u0131kl\u0131 metal kasa, tak\u0131lar, nakit para, \u00f6nemli evraklar ya da dijital haf\u0131za cihazlar\u0131 gibi ki\u015fisel ve de\u011ferli e\u015fyalar\u0131n\u0131z\u0131 g\u00fcvenle muhafaza etmenizi sa\u011flar.Kitab\u0131n d\u0131\u015f kaplamas\u0131 kaliteli karton malzemeden olup ger\u00e7ek kitap cildi dokusuna sahiptir. \u0130\u00e7erisine gizlenmi\u015f olan metal kasa ise 1 mm kal\u0131nl\u0131\u011f\u0131ndad\u0131r ve sa\u011flam yap\u0131s\u0131yla uzun s\u00fcreli kullan\u0131m sunar. \u00dcr\u00fcnle birlikte gelen iki anahtar sayesinde yaln\u0131zca siz eri\u015fim sa\u011flayabilirsiniz. Her kitab\u0131n anahtar mekanizmas\u0131 birbirinden farkl\u0131 oldu\u011fu i\u00e7in, ba\u015fka bir kitap kasan\u0131n anahtar\u0131yla a\u00e7\u0131lmas\u0131 m\u00fcmk\u00fcn de\u011fildir. Bu \u00f6zellik, g\u00fcvenlik d\u00fczeyini art\u0131rarak i\u00e7inizin daha da rahat olmas\u0131n\u0131 sa\u011flar. Kompakt boyutlar\u0131yla da dikkat \u00e7eken \u00fcr\u00fcn; 18 cm uzunluk, 11.5 cm geni\u015flik ve 5.5 cm derinli\u011fe sahiptir. Bu \u00f6l\u00e7\u00fcler, g\u00fcnl\u00fck kullan\u0131mda ihtiya\u00e7 duyabilece\u011finiz hemen her k\u00fc\u00e7\u00fck ve de\u011ferli e\u015fya i\u00e7in yeterli alan sunar.Gerek evinizde, gerek ofisinizde ya da seyahatlerinizde yan\u0131n\u0131zda ta\u015f\u0131yabilece\u011finiz bu gizli kasa, pratikli\u011fi ve fonksiyonelli\u011fi ile \u00f6ne \u00e7\u0131karken, ayn\u0131 zamanda bulundu\u011fu ortama zarif bir dokunu\u015f da katar. K\u00fct\u00fcphane raflar\u0131nda di\u011fer kitaplar aras\u0131nda dikkat \u00e7ekmeden kaybolur, b\u00f6ylece de\u011ferli e\u015fyalar\u0131n\u0131z\u0131 g\u00f6z \u00f6n\u00fcnde ama g\u00fcvende tutman\u0131n en ak\u0131ll\u0131ca yolunu sunar. Estetik g\u00f6r\u00fcn\u00fcml\u00fc, sa\u011flam yap\u0131l\u0131 ve zekice tasarlanm\u0131\u015f bu \u00fcr\u00fcn, gizlilikten \u00f6d\u00fcn vermeden e\u015fyalar\u0131n\u0131z\u0131 g\u00fcvenle saklaman\u0131z i\u00e7in ideal bir \u00e7\u00f6z\u00fcmd\u00fcr.&nbsp;&nbsp;<\/p>\n","protected":false},"excerpt":{"rendered":"<p>Gizlili\u011fi ve g\u00fcvenli\u011fi \u015f\u0131k bir tasar\u0131mla birle\u015ftiren S\u00f6zl\u00fck G\u00f6r\u00fcn\u00fcml\u00fc Lacivert Kitap Kasa, g\u00fcnl\u00fck ya\u015fam\u0131n\u0131zda de\u011ferli e\u015fyalar\u0131n\u0131z\u0131 saklaman\u0131n en zekice yollar\u0131ndan biri. Ger\u00e7ek bir \u0130ngilizce s\u00f6zl\u00fck kitab\u0131 gibi tasarlanm\u0131\u015f d\u0131\u015f y\u00fczeyi sayesinde, kitapl\u0131kta veya masada s\u0131radan bir kitap gibi durur. Bu \u00f6zelli\u011fiyle, \u00f6zellikle h\u0131rs\u0131zl\u0131k gibi istenmeyen durumlara kar\u015f\u0131 kusursuz bir kamuflaj g\u00f6revi g\u00f6r\u00fcr. \u0130\u00e7 k\u0131sm\u0131nda yer&#8230;<\/p>\n","protected":false},"featured_media":111612,"comment_status":"open","ping_status":"closed","template":"","meta":{"_kad_post_transparent":"","_kad_post_title":"","_kad_post_layout":"","_kad_post_sidebar_id":"","_kad_post_content_style":"","_kad_post_vertical_padding":"","_kad_post_feature":"","_kad_post_feature_position":"","_kad_post_header":false,"_kad_post_footer":false,"_kad_post_classname":""},"product_brand":[],"product_cat":[14975],"product_tag":[],"class_list":{"0":"post-111613","1":"product","2":"type-product","3":"status-publish","4":"has-post-thumbnail","6":"product_cat-sarj-aletleri-sarj-aletleri","8":"first","9":"instock","10":"purchasable","11":"product-type-simple","12":"entry","13":"content-bg","14":"loop-entry"},"_links":{"self":[{"href":"https:\/\/www.hediyepazar.com\/index.php?rest_route=\/wp\/v2\/product\/111613","targetHints":{"allow":["GET"]}}],"collection":[{"href":"https:\/\/www.hediyepazar.com\/index.php?rest_route=\/wp\/v2\/product"}],"about":[{"href":"https:\/\/www.hediyepazar.com\/index.php?rest_route=\/wp\/v2\/types\/product"}],"replies":[{"embeddable":true,"href":"https:\/\/www.hediyepazar.com\/index.php?rest_route=%2Fwp%2Fv2%2Fcomments&post=111613"}],"wp:featuredmedia":[{"embeddable":true,"href":"https:\/\/www.hediyepazar.com\/index.php?rest_route=\/wp\/v2\/media\/111612"}],"wp:attachment":[{"href":"https:\/\/www.hediyepazar.com\/index.php?rest_route=%2Fwp%2Fv2%2Fmedia&parent=111613"}],"wp:term":[{"taxonomy":"product_brand","embeddable":true,"href":"https:\/\/www.hediyepazar.com\/index.php?rest_route=%2Fwp%2Fv2%2Fproduct_brand&post=111613"},{"taxonomy":"product_cat","embeddable":true,"href":"https:\/\/www.hediyepazar.com\/index.php?rest_route=%2Fwp%2Fv2%2Fproduct_cat&post=111613"},{"taxonomy":"product_tag","embeddable":true,"href":"https:\/\/www.hediyepazar.com\/index.php?rest_route=%2Fwp%2Fv2%2Fproduct_tag&post=111613"}],"curies":[{"name":"wp","href":"https:\/\/api.w.org\/{rel}","templated":true}]}}