{"id":111615,"date":"2026-05-05T07:50:15","date_gmt":"2026-05-05T10:50:15","guid":{"rendered":"https:\/\/www.hediyepazar.com\/?product=kitap-gorunumlu-gizli-kasa-buyuk-boy-anahtarli-kilitli-para-kasasi"},"modified":"2026-05-05T07:50:15","modified_gmt":"2026-05-05T10:50:15","slug":"kitap-gorunumlu-gizli-kasa-buyuk-boy-anahtarli-kilitli-para-kasasi","status":"publish","type":"product","link":"https:\/\/www.hediyepazar.com\/?product=kitap-gorunumlu-gizli-kasa-buyuk-boy-anahtarli-kilitli-para-kasasi","title":{"rendered":"Kitap G\u00f6r\u00fcn\u00fcml\u00fc Gizli Kasa B\u00fcy\u00fck Boy Anahtarl\u0131 Kilitli Para Kasas\u0131"},"content":{"rendered":"<p>G\u00f6r\u00fcn\u00fc\u015fte s\u0131radan bir kitap, asl\u0131nda ise de\u011ferli e\u015fyalar\u0131n\u0131z\u0131 g\u00fcvenle saklayabilece\u011finiz zekice tasarlanm\u0131\u015f bir gizli kasa: S\u00f6zl\u00fck G\u00f6r\u00fcn\u00fcml\u00fc 18 cm Metal Kasa, lacivert rengi ve ger\u00e7ek kitap detaylar\u0131n\u0131 yans\u0131tan cilt tasar\u0131m\u0131yla hem i\u015flevsel hem de son derece estetik bir \u00fcr\u00fcnd\u00fcr. \u0130ngilizce s\u00f6zl\u00fck bi\u00e7iminde haz\u0131rlanm\u0131\u015f d\u0131\u015f y\u00fczeyi, herhangi bir kitapl\u0131kta fark edilmeden durabilir; b\u00f6ylece evinizde, ofisinizde ya da \u00e7antan\u0131zda ta\u015f\u0131d\u0131\u011f\u0131n\u0131z ortamda de\u011ferli e\u015fyalar\u0131n\u0131z davetsiz misafirlerin dikkatinden kolayca ka\u00e7ar. Kitap \u015feklindeki bu gizli kasa, d\u0131\u015far\u0131dan bak\u0131ld\u0131\u011f\u0131nda ger\u00e7ek bir kitap hissi veren kaliteli karton cilt kaplamas\u0131yla, s\u0131radan bir s\u00f6zl\u00fckten ay\u0131rt edilemeyecek kadar do\u011fal bir g\u00f6r\u00fcn\u00fcme sahiptir. \u0130\u00e7 k\u0131sm\u0131nda ise 1 mm kal\u0131nl\u0131\u011f\u0131ndaki sa\u011flam metal g\u00f6vdesiyle, k\u00fc\u00e7\u00fck ama etkili bir g\u00fcvenlik \u00e7\u00f6z\u00fcm\u00fc sunar.Toplamda 18 cm uzunlu\u011fa, 11.5 cm geni\u015fli\u011fe ve 5.5 cm derinli\u011fe sahip olan bu kasa, tak\u0131lar, nakit para, \u00f6nemli belgeler ya da k\u00fc\u00e7\u00fck elektronik e\u015fyalar gibi \u00f6zel e\u015fyalar\u0131n\u0131z i\u00e7in yeterli saklama alan\u0131n\u0131 sunar. Kasa ile birlikte gelen 2 adet anahtar sayesinde yaln\u0131zca sizin eri\u015febilece\u011finiz bir koruma sunar ve her kitab\u0131n anahtar sistemi birbirinden farkl\u0131 oldu\u011fundan, ba\u015fka bir kitap kasan\u0131n anahtar\u0131yla a\u00e7\u0131lmas\u0131 m\u00fcmk\u00fcn de\u011fildir. Bu da g\u00fcvenli\u011finizi bir \u00fcst seviyeye \u00e7\u0131kar\u0131r. \u00d6zellikle h\u0131rs\u0131zl\u0131k riski bulunan ya da ba\u015fkalar\u0131n\u0131n dikkatini \u00e7ekmesini istemedi\u011finiz e\u015fyalar\u0131n\u0131z i\u00e7in, geleneksel kasalara g\u00f6re \u00e7ok daha az dikkat \u00e7eken ve pratik bir \u00e7\u00f6z\u00fcmd\u00fcr.Gizlili\u011fin ve g\u00fcvenli\u011fin bir arada sunuldu\u011fu bu yenilik\u00e7i \u00fcr\u00fcn, sadece koruma sa\u011flamakla kalmaz, ayn\u0131 zamanda dekoratif bir aksesuar gibi kitapl\u0131\u011f\u0131n\u0131za zarif bir katk\u0131 da sunar. Ta\u015f\u0131nabilir yap\u0131s\u0131 sayesinde seyahatlerde de yan\u0131n\u0131zda g\u00f6t\u00fcrebilir, otel odalar\u0131nda veya ge\u00e7ici konaklamalarda i\u00e7iniz rahat bir \u015fekilde de\u011ferli e\u015fyalar\u0131n\u0131z\u0131 saklayabilirsiniz. K\u0131sacas\u0131 bu s\u00f6zl\u00fck g\u00f6r\u00fcn\u00fcml\u00fc gizli kasa, hayat\u0131n\u0131zda k\u00fc\u00e7\u00fck ama \u00f6nemli bir g\u00fcvenlik detay\u0131 olarak yerini almay\u0131 fazlas\u0131yla hak ediyor.&nbsp;&nbsp;&nbsp;&nbsp;<\/p>\n","protected":false},"excerpt":{"rendered":"<p>G\u00f6r\u00fcn\u00fc\u015fte s\u0131radan bir kitap, asl\u0131nda ise de\u011ferli e\u015fyalar\u0131n\u0131z\u0131 g\u00fcvenle saklayabilece\u011finiz zekice tasarlanm\u0131\u015f bir gizli kasa: S\u00f6zl\u00fck G\u00f6r\u00fcn\u00fcml\u00fc 18 cm Metal Kasa, lacivert rengi ve ger\u00e7ek kitap detaylar\u0131n\u0131 yans\u0131tan cilt tasar\u0131m\u0131yla hem i\u015flevsel hem de son derece estetik bir \u00fcr\u00fcnd\u00fcr. \u0130ngilizce s\u00f6zl\u00fck bi\u00e7iminde haz\u0131rlanm\u0131\u015f d\u0131\u015f y\u00fczeyi, herhangi bir kitapl\u0131kta fark edilmeden durabilir; b\u00f6ylece evinizde, ofisinizde ya&#8230;<\/p>\n","protected":false},"featured_media":111614,"comment_status":"open","ping_status":"closed","template":"","meta":{"_kad_post_transparent":"","_kad_post_title":"","_kad_post_layout":"","_kad_post_sidebar_id":"","_kad_post_content_style":"","_kad_post_vertical_padding":"","_kad_post_feature":"","_kad_post_feature_position":"","_kad_post_header":false,"_kad_post_footer":false,"_kad_post_classname":""},"product_brand":[],"product_cat":[14975],"product_tag":[],"class_list":{"0":"post-111615","1":"product","2":"type-product","3":"status-publish","4":"has-post-thumbnail","6":"product_cat-sarj-aletleri-sarj-aletleri","8":"first","9":"instock","10":"purchasable","11":"product-type-simple","12":"entry","13":"content-bg","14":"loop-entry"},"_links":{"self":[{"href":"https:\/\/www.hediyepazar.com\/index.php?rest_route=\/wp\/v2\/product\/111615","targetHints":{"allow":["GET"]}}],"collection":[{"href":"https:\/\/www.hediyepazar.com\/index.php?rest_route=\/wp\/v2\/product"}],"about":[{"href":"https:\/\/www.hediyepazar.com\/index.php?rest_route=\/wp\/v2\/types\/product"}],"replies":[{"embeddable":true,"href":"https:\/\/www.hediyepazar.com\/index.php?rest_route=%2Fwp%2Fv2%2Fcomments&post=111615"}],"wp:featuredmedia":[{"embeddable":true,"href":"https:\/\/www.hediyepazar.com\/index.php?rest_route=\/wp\/v2\/media\/111614"}],"wp:attachment":[{"href":"https:\/\/www.hediyepazar.com\/index.php?rest_route=%2Fwp%2Fv2%2Fmedia&parent=111615"}],"wp:term":[{"taxonomy":"product_brand","embeddable":true,"href":"https:\/\/www.hediyepazar.com\/index.php?rest_route=%2Fwp%2Fv2%2Fproduct_brand&post=111615"},{"taxonomy":"product_cat","embeddable":true,"href":"https:\/\/www.hediyepazar.com\/index.php?rest_route=%2Fwp%2Fv2%2Fproduct_cat&post=111615"},{"taxonomy":"product_tag","embeddable":true,"href":"https:\/\/www.hediyepazar.com\/index.php?rest_route=%2Fwp%2Fv2%2Fproduct_tag&post=111615"}],"curies":[{"name":"wp","href":"https:\/\/api.w.org\/{rel}","templated":true}]}}