{"id":111623,"date":"2026-05-05T07:51:12","date_gmt":"2026-05-05T10:51:12","guid":{"rendered":"https:\/\/www.hediyepazar.com\/?product=magsafe-battery-pack-powerbank-kablosuz-sarj-5-000-mah"},"modified":"2026-05-05T07:51:12","modified_gmt":"2026-05-05T10:51:12","slug":"magsafe-battery-pack-powerbank-kablosuz-sarj-5-000-mah","status":"publish","type":"product","link":"https:\/\/www.hediyepazar.com\/?product=magsafe-battery-pack-powerbank-kablosuz-sarj-5-000-mah","title":{"rendered":"Magsafe Battery Pack Powerbank Kablosuz \u015earj 5.000 mah"},"content":{"rendered":"<p>Enerjiniz Asla T\u00fckenmesin! MagSafe uyumlu 5.000 mAh ta\u015f\u0131nabilir \u015farj cihaz\u0131, modern ya\u015fam\u0131n h\u0131z\u0131na ayak uydurmak isteyen kullan\u0131c\u0131lar i\u00e7in \u00f6zel olarak tasarlanm\u0131\u015ft\u0131r. Hem i\u015flevselli\u011fi hem de zarif g\u00f6r\u00fcn\u00fcm\u00fcyle dikkat \u00e7eken bu \u00fcr\u00fcn, g\u00fcnl\u00fck ya\u015fam\u0131n her an\u0131nda kesintisiz bir enerji kayna\u011f\u0131 sunar. Kompakt ve ince yap\u0131s\u0131 sayesinde cebinizde, \u00e7antan\u0131zda veya elinizde kolayca ta\u015f\u0131nabilir. Bu sayede ister \u015fehirde olun ister do\u011fada, ihtiya\u00e7 duydu\u011funuz enerjiyi her zaman yan\u0131n\u0131zda ta\u015f\u0131rs\u0131n\u0131z.MagSafe teknolojisiyle donat\u0131lm\u0131\u015f olan bu powerbank, iOS 12 ve \u00fczeri cihazlarla tam uyum i\u00e7erisinde \u00e7al\u0131\u015f\u0131r. Manyetik yap\u0131s\u0131 sayesinde cihaz\u0131n\u0131z\u0131 saniyeler i\u00e7inde hizalar ve g\u00fc\u00e7l\u00fc bir \u015fekilde sabitler. B\u00f6ylece h\u0131zl\u0131 ve g\u00fcvenli bir kablosuz \u015farj deneyimi ya\u015fars\u0131n\u0131z. 15W\u2019a kadar kablosuz g\u00fc\u00e7 \u00e7\u0131k\u0131\u015f\u0131 sayesinde cihazlar\u0131n\u0131z\u0131 k\u0131sa s\u00fcrede \u015farj edebilir, g\u00fcn boyunca ba\u011flant\u0131da kalman\u0131z\u0131 sa\u011flar. Ayn\u0131 zamanda USB-C ve USB-A giri\u015fleri ile Android telefonlar, kulakl\u0131klar, ak\u0131ll\u0131 saatler ve di\u011fer dijital cihazlar da ayn\u0131 anda \u015farj edilebilir.5.000 mAh kapasitesi sayesinde bu \u015farj cihaz\u0131, \u00f6zellikle seyahatlerde, uzun i\u015f g\u00fcnlerinde ya da elektrik kesintilerinde hayat kurtar\u0131c\u0131d\u0131r. Birden fazla \u015farj d\u00f6ng\u00fcs\u00fc sunarak cihazlar\u0131n\u0131z\u0131 g\u00fcn boyu enerjik tutar. Ak\u0131ll\u0131 devre koruma sistemiyle donat\u0131lm\u0131\u015f olan bu \u00fcr\u00fcn, a\u015f\u0131r\u0131 \u0131s\u0131nma, k\u0131sa devre, a\u015f\u0131r\u0131 \u015farj ve de\u015farja kar\u015f\u0131 y\u00fcksek g\u00fcvenlik sunar. Bu sayede hem siz hem de cihazlar\u0131n\u0131z her zaman g\u00fcvendedir.\u015e\u0131k ve dayan\u0131kl\u0131 g\u00f6vdesi, estetikten \u00f6d\u00fcn vermek istemeyen kullan\u0131c\u0131lar i\u00e7in ideal bir tercih sunar. Minimalist tasar\u0131m\u0131 ve zarif dokusu, teknolojiye stil katmak isteyen herkesin be\u011fenisini kazan\u0131r. Ayr\u0131ca MagSafe desteklemeyen baz\u0131 iOS modellerde dahi, MagSafe uyumlu k\u0131l\u0131flar kullan\u0131larak bu cihazdan tam performans al\u0131nabilir. G\u00fc\u00e7, \u015f\u0131kl\u0131k ve g\u00fcvenli\u011fi bir arada sunan bu ta\u015f\u0131nabilir powerbank, g\u00fcnl\u00fck hayat\u0131n vazge\u00e7ilmez teknolojik yard\u0131mc\u0131lar\u0131ndan biri olmaya aday.&nbsp;&nbsp;&nbsp;<\/p>\n","protected":false},"excerpt":{"rendered":"<p>Enerjiniz Asla T\u00fckenmesin! MagSafe uyumlu 5.000 mAh ta\u015f\u0131nabilir \u015farj cihaz\u0131, modern ya\u015fam\u0131n h\u0131z\u0131na ayak uydurmak isteyen kullan\u0131c\u0131lar i\u00e7in \u00f6zel olarak tasarlanm\u0131\u015ft\u0131r. Hem i\u015flevselli\u011fi hem de zarif g\u00f6r\u00fcn\u00fcm\u00fcyle dikkat \u00e7eken bu \u00fcr\u00fcn, g\u00fcnl\u00fck ya\u015fam\u0131n her an\u0131nda kesintisiz bir enerji kayna\u011f\u0131 sunar. Kompakt ve ince yap\u0131s\u0131 sayesinde cebinizde, \u00e7antan\u0131zda veya elinizde kolayca ta\u015f\u0131nabilir. Bu sayede ister \u015fehirde&#8230;<\/p>\n","protected":false},"featured_media":111622,"comment_status":"open","ping_status":"closed","template":"","meta":{"_kad_post_transparent":"","_kad_post_title":"","_kad_post_layout":"","_kad_post_sidebar_id":"","_kad_post_content_style":"","_kad_post_vertical_padding":"","_kad_post_feature":"","_kad_post_feature_position":"","_kad_post_header":false,"_kad_post_footer":false,"_kad_post_classname":""},"product_brand":[],"product_cat":[14937],"product_tag":[],"class_list":{"0":"post-111623","1":"product","2":"type-product","3":"status-publish","4":"has-post-thumbnail","6":"product_cat-powerbank-powerbank-2","8":"first","9":"instock","10":"purchasable","11":"product-type-simple","12":"entry","13":"content-bg","14":"loop-entry"},"_links":{"self":[{"href":"https:\/\/www.hediyepazar.com\/index.php?rest_route=\/wp\/v2\/product\/111623","targetHints":{"allow":["GET"]}}],"collection":[{"href":"https:\/\/www.hediyepazar.com\/index.php?rest_route=\/wp\/v2\/product"}],"about":[{"href":"https:\/\/www.hediyepazar.com\/index.php?rest_route=\/wp\/v2\/types\/product"}],"replies":[{"embeddable":true,"href":"https:\/\/www.hediyepazar.com\/index.php?rest_route=%2Fwp%2Fv2%2Fcomments&post=111623"}],"wp:featuredmedia":[{"embeddable":true,"href":"https:\/\/www.hediyepazar.com\/index.php?rest_route=\/wp\/v2\/media\/111622"}],"wp:attachment":[{"href":"https:\/\/www.hediyepazar.com\/index.php?rest_route=%2Fwp%2Fv2%2Fmedia&parent=111623"}],"wp:term":[{"taxonomy":"product_brand","embeddable":true,"href":"https:\/\/www.hediyepazar.com\/index.php?rest_route=%2Fwp%2Fv2%2Fproduct_brand&post=111623"},{"taxonomy":"product_cat","embeddable":true,"href":"https:\/\/www.hediyepazar.com\/index.php?rest_route=%2Fwp%2Fv2%2Fproduct_cat&post=111623"},{"taxonomy":"product_tag","embeddable":true,"href":"https:\/\/www.hediyepazar.com\/index.php?rest_route=%2Fwp%2Fv2%2Fproduct_tag&post=111623"}],"curies":[{"name":"wp","href":"https:\/\/api.w.org\/{rel}","templated":true}]}}