{"id":111628,"date":"2026-05-05T07:53:23","date_gmt":"2026-05-05T10:53:23","guid":{"rendered":"https:\/\/www.hediyepazar.com\/?product=kamp-lambasi-katlanabilir-lamba-solar-sarjli-led-lamba-el-fenerli"},"modified":"2026-05-05T07:53:23","modified_gmt":"2026-05-05T10:53:23","slug":"kamp-lambasi-katlanabilir-lamba-solar-sarjli-led-lamba-el-fenerli","status":"publish","type":"product","link":"https:\/\/www.hediyepazar.com\/?product=kamp-lambasi-katlanabilir-lamba-solar-sarjli-led-lamba-el-fenerli","title":{"rendered":"Kamp Lambas\u0131 Katlanabilir Lamba Solar \u015earjl\u0131 Led Lamba El Fenerli"},"content":{"rendered":"<p>I\u015f\u0131\u011fa ihtiya\u00e7 duydu\u011fun her an yan\u0131nda olan Katlanabilir 3 Kademeli 1200 mAh Dokunmatik LED Lamba, pratikli\u011fiyle hayat\u0131 kolayla\u015ft\u0131r\u0131r. Kompakt ve hafif yap\u0131s\u0131 sayesinde evde, seyahatte, kampta ya da elektrik kesintilerinde rahatl\u0131kla kullan\u0131labilir. Dokunmatik kontrol\u00fc sayesinde \u0131\u015f\u0131k seviyesini kolayca ayarlayabilir, ihtiya\u00e7 duydu\u011fun parlakl\u0131\u011f\u0131 zahmetsizce se\u00e7ebilirsin. \u015e\u0131k ah\u015fap stand\u0131 ve estetik tasar\u0131m\u0131yla sadece bir \u0131\u015f\u0131k de\u011fil, ayn\u0131 zamanda dekoratif bir objedir.<\/p>\n","protected":false},"excerpt":{"rendered":"<p>I\u015f\u0131\u011fa ihtiya\u00e7 duydu\u011fun her an yan\u0131nda olan Katlanabilir 3 Kademeli 1200 mAh Dokunmatik LED Lamba, pratikli\u011fiyle hayat\u0131 kolayla\u015ft\u0131r\u0131r. Kompakt ve hafif yap\u0131s\u0131 sayesinde evde, seyahatte, kampta ya da elektrik kesintilerinde rahatl\u0131kla kullan\u0131labilir. Dokunmatik kontrol\u00fc sayesinde \u0131\u015f\u0131k seviyesini kolayca ayarlayabilir, ihtiya\u00e7 duydu\u011fun parlakl\u0131\u011f\u0131 zahmetsizce se\u00e7ebilirsin. \u015e\u0131k ah\u015fap stand\u0131 ve estetik tasar\u0131m\u0131yla sadece bir \u0131\u015f\u0131k de\u011fil, ayn\u0131&#8230;<\/p>\n","protected":false},"featured_media":0,"comment_status":"open","ping_status":"closed","template":"","meta":{"_kad_post_transparent":"","_kad_post_title":"","_kad_post_layout":"","_kad_post_sidebar_id":"","_kad_post_content_style":"","_kad_post_vertical_padding":"","_kad_post_feature":"","_kad_post_feature_position":"","_kad_post_header":false,"_kad_post_footer":false,"_kad_post_classname":""},"product_brand":[],"product_cat":[14977],"product_tag":[],"class_list":{"0":"post-111628","1":"product","2":"type-product","3":"status-publish","5":"product_cat-kamp-lambasi-kamp-lambasi","7":"first","8":"instock","9":"purchasable","10":"product-type-simple","11":"entry","12":"content-bg","13":"loop-entry"},"_links":{"self":[{"href":"https:\/\/www.hediyepazar.com\/index.php?rest_route=\/wp\/v2\/product\/111628","targetHints":{"allow":["GET"]}}],"collection":[{"href":"https:\/\/www.hediyepazar.com\/index.php?rest_route=\/wp\/v2\/product"}],"about":[{"href":"https:\/\/www.hediyepazar.com\/index.php?rest_route=\/wp\/v2\/types\/product"}],"replies":[{"embeddable":true,"href":"https:\/\/www.hediyepazar.com\/index.php?rest_route=%2Fwp%2Fv2%2Fcomments&post=111628"}],"wp:attachment":[{"href":"https:\/\/www.hediyepazar.com\/index.php?rest_route=%2Fwp%2Fv2%2Fmedia&parent=111628"}],"wp:term":[{"taxonomy":"product_brand","embeddable":true,"href":"https:\/\/www.hediyepazar.com\/index.php?rest_route=%2Fwp%2Fv2%2Fproduct_brand&post=111628"},{"taxonomy":"product_cat","embeddable":true,"href":"https:\/\/www.hediyepazar.com\/index.php?rest_route=%2Fwp%2Fv2%2Fproduct_cat&post=111628"},{"taxonomy":"product_tag","embeddable":true,"href":"https:\/\/www.hediyepazar.com\/index.php?rest_route=%2Fwp%2Fv2%2Fproduct_tag&post=111628"}],"curies":[{"name":"wp","href":"https:\/\/api.w.org\/{rel}","templated":true}]}}