{"id":111632,"date":"2026-05-05T07:56:22","date_gmt":"2026-05-05T10:56:22","guid":{"rendered":"https:\/\/www.hediyepazar.com\/?product=tum-araclara-uyumlu-arac-ici-park-numarator-oto-arac-numarator"},"modified":"2026-05-05T07:56:22","modified_gmt":"2026-05-05T10:56:22","slug":"tum-araclara-uyumlu-arac-ici-park-numarator-oto-arac-numarator","status":"publish","type":"product","link":"https:\/\/www.hediyepazar.com\/?product=tum-araclara-uyumlu-arac-ici-park-numarator-oto-arac-numarator","title":{"rendered":"T\u00fcm Ara\u00e7lara Uyumlu Ara\u00e7 I\u00e7i Park Numarat\u00f6r Oto Ara\u00e7 Numarat\u00f6r"},"content":{"rendered":"<p>Ara\u00e7 i\u00e7i park numarat\u00f6r\u00fc, fosforlu yap\u0131s\u0131yla gece bile kolayca g\u00f6r\u00fclebilen telefon numaras\u0131 g\u00f6r\u00fcn\u00fcrl\u00fc\u011f\u00fc sa\u011flar. Montaj gerektirmeyen pratik tasar\u0131m\u0131 sayesinde saniyeler i\u00e7inde yerle\u015ftirilebilir. Dayan\u0131kl\u0131 yap\u0131s\u0131 uzun s\u00fcreli kullan\u0131mlarda formunu korur, estetik g\u00f6r\u00fcn\u00fcm\u00fc ise ara\u00e7 i\u00e7i dekorunu tamamlar.&nbsp;<\/p>\n","protected":false},"excerpt":{"rendered":"<p>Ara\u00e7 i\u00e7i park numarat\u00f6r\u00fc, fosforlu yap\u0131s\u0131yla gece bile kolayca g\u00f6r\u00fclebilen telefon numaras\u0131 g\u00f6r\u00fcn\u00fcrl\u00fc\u011f\u00fc sa\u011flar. Montaj gerektirmeyen pratik tasar\u0131m\u0131 sayesinde saniyeler i\u00e7inde yerle\u015ftirilebilir. Dayan\u0131kl\u0131 yap\u0131s\u0131 uzun s\u00fcreli kullan\u0131mlarda formunu korur, estetik g\u00f6r\u00fcn\u00fcm\u00fc ise ara\u00e7 i\u00e7i dekorunu tamamlar.&nbsp;<\/p>\n","protected":false},"featured_media":111631,"comment_status":"open","ping_status":"closed","template":"","meta":{"_kad_post_transparent":"","_kad_post_title":"","_kad_post_layout":"","_kad_post_sidebar_id":"","_kad_post_content_style":"","_kad_post_vertical_padding":"","_kad_post_feature":"","_kad_post_feature_position":"","_kad_post_header":false,"_kad_post_footer":false,"_kad_post_classname":""},"product_brand":[],"product_cat":[15002],"product_tag":[],"class_list":{"0":"post-111632","1":"product","2":"type-product","3":"status-publish","4":"has-post-thumbnail","6":"product_cat-torpido-aksesuar-torpido-aksesuar","8":"first","9":"instock","10":"purchasable","11":"product-type-simple","12":"entry","13":"content-bg","14":"loop-entry"},"_links":{"self":[{"href":"https:\/\/www.hediyepazar.com\/index.php?rest_route=\/wp\/v2\/product\/111632","targetHints":{"allow":["GET"]}}],"collection":[{"href":"https:\/\/www.hediyepazar.com\/index.php?rest_route=\/wp\/v2\/product"}],"about":[{"href":"https:\/\/www.hediyepazar.com\/index.php?rest_route=\/wp\/v2\/types\/product"}],"replies":[{"embeddable":true,"href":"https:\/\/www.hediyepazar.com\/index.php?rest_route=%2Fwp%2Fv2%2Fcomments&post=111632"}],"wp:featuredmedia":[{"embeddable":true,"href":"https:\/\/www.hediyepazar.com\/index.php?rest_route=\/wp\/v2\/media\/111631"}],"wp:attachment":[{"href":"https:\/\/www.hediyepazar.com\/index.php?rest_route=%2Fwp%2Fv2%2Fmedia&parent=111632"}],"wp:term":[{"taxonomy":"product_brand","embeddable":true,"href":"https:\/\/www.hediyepazar.com\/index.php?rest_route=%2Fwp%2Fv2%2Fproduct_brand&post=111632"},{"taxonomy":"product_cat","embeddable":true,"href":"https:\/\/www.hediyepazar.com\/index.php?rest_route=%2Fwp%2Fv2%2Fproduct_cat&post=111632"},{"taxonomy":"product_tag","embeddable":true,"href":"https:\/\/www.hediyepazar.com\/index.php?rest_route=%2Fwp%2Fv2%2Fproduct_tag&post=111632"}],"curies":[{"name":"wp","href":"https:\/\/api.w.org\/{rel}","templated":true}]}}