{"id":111636,"date":"2026-05-05T07:56:31","date_gmt":"2026-05-05T10:56:31","guid":{"rendered":"https:\/\/www.hediyepazar.com\/?product=arac-park-numaratoru-tum-araclara-uyumlu-araba-numaralik"},"modified":"2026-05-05T07:56:31","modified_gmt":"2026-05-05T10:56:31","slug":"arac-park-numaratoru-tum-araclara-uyumlu-araba-numaralik","status":"publish","type":"product","link":"https:\/\/www.hediyepazar.com\/?product=arac-park-numaratoru-tum-araclara-uyumlu-araba-numaralik","title":{"rendered":"Ara\u00e7 Park Numarat\u00f6r\u00fc T\u00fcm Ara\u00e7lara Uyumlu Araba Numaral\u0131k"},"content":{"rendered":"<p>Ara\u00e7 \u0130\u00e7i Fosforlu Park Numarat\u00f6r\u00fc \u2013 \u015e\u0131k, Pratik ve G\u00fcvenli \u00c7\u00f6z\u00fcmAra\u00e7 i\u00e7i fosforlu park numarat\u00f6r\u00fc, hem estetik g\u00f6r\u00fcn\u00fcm\u00fc hem de fonksiyonelli\u011fiyle ara\u00e7 sahiplerinin vazge\u00e7ilmez aksesuarlar\u0131ndan biri olmaya aday. Telefon numaran\u0131z\u0131 kolayca g\u00f6r\u00fcn\u00fcr hale getirerek \u00f6zellikle k\u0131sa s\u00fcreli parklar s\u0131ras\u0131nda ileti\u015fimi m\u00fcmk\u00fcn k\u0131lar ve olas\u0131 sorunlar\u0131n \u00f6n\u00fcne ge\u00e7er.Fosforlu yap\u0131s\u0131 sayesinde gece veya lo\u015f \u0131\u015f\u0131kl\u0131 ortamlarda bile numaralar net ve okunakl\u0131 bir \u015fekilde fark edilir. B\u00f6ylece karanl\u0131k ortamlarda bile pratikli\u011finden \u00f6d\u00fcn vermez.Montaj gerektirmeyen ve kolay yerle\u015ftirilebilen tasar\u0131m\u0131yla zamandan tasarruf sa\u011flar. G\u00f6sterge paneline ya da \u00f6n cama yerle\u015ftirildi\u011finde sabit durur, arac\u0131n\u0131z\u0131n i\u00e7 tasar\u0131m\u0131na \u015f\u0131k bir dokunu\u015f katar.Dayan\u0131kl\u0131 ve kaliteli malzemeden \u00fcretilen bu numarat\u00f6r, uzun \u00f6m\u00fcrl\u00fc kullan\u0131m\u0131yla formunu korur ve ilk g\u00fcnk\u00fc gibi net g\u00f6r\u00fcn\u00fcm\u00fcn\u00fc s\u00fcrd\u00fcr\u00fcr. Kompakt boyutu sayesinde s\u00fcr\u00fc\u015f s\u0131ras\u0131nda g\u00f6r\u00fc\u015f alan\u0131n\u0131z\u0131 k\u0131s\u0131tlamaz, sadece gerekti\u011finde dikkat \u00e7eker.G\u00fcvenli\u011fi art\u0131ran bu zarif ve i\u015flevsel aksesuar, her ara\u00e7 sahibinin yan\u0131nda bulundurmas\u0131 gereken k\u00fc\u00e7\u00fck ama etkili bir yard\u0131mc\u0131n\u0131z olacak.<\/p>\n","protected":false},"excerpt":{"rendered":"<p>Ara\u00e7 \u0130\u00e7i Fosforlu Park Numarat\u00f6r\u00fc \u2013 \u015e\u0131k, Pratik ve G\u00fcvenli \u00c7\u00f6z\u00fcmAra\u00e7 i\u00e7i fosforlu park numarat\u00f6r\u00fc, hem estetik g\u00f6r\u00fcn\u00fcm\u00fc hem de fonksiyonelli\u011fiyle ara\u00e7 sahiplerinin vazge\u00e7ilmez aksesuarlar\u0131ndan biri olmaya aday. Telefon numaran\u0131z\u0131 kolayca g\u00f6r\u00fcn\u00fcr hale getirerek \u00f6zellikle k\u0131sa s\u00fcreli parklar s\u0131ras\u0131nda ileti\u015fimi m\u00fcmk\u00fcn k\u0131lar ve olas\u0131 sorunlar\u0131n \u00f6n\u00fcne ge\u00e7er.Fosforlu yap\u0131s\u0131 sayesinde gece veya lo\u015f \u0131\u015f\u0131kl\u0131 ortamlarda bile&#8230;<\/p>\n","protected":false},"featured_media":111635,"comment_status":"open","ping_status":"closed","template":"","meta":{"_kad_post_transparent":"","_kad_post_title":"","_kad_post_layout":"","_kad_post_sidebar_id":"","_kad_post_content_style":"","_kad_post_vertical_padding":"","_kad_post_feature":"","_kad_post_feature_position":"","_kad_post_header":false,"_kad_post_footer":false,"_kad_post_classname":""},"product_brand":[],"product_cat":[15002],"product_tag":[],"class_list":{"0":"post-111636","1":"product","2":"type-product","3":"status-publish","4":"has-post-thumbnail","6":"product_cat-torpido-aksesuar-torpido-aksesuar","8":"first","9":"instock","10":"purchasable","11":"product-type-simple","12":"entry","13":"content-bg","14":"loop-entry"},"_links":{"self":[{"href":"https:\/\/www.hediyepazar.com\/index.php?rest_route=\/wp\/v2\/product\/111636","targetHints":{"allow":["GET"]}}],"collection":[{"href":"https:\/\/www.hediyepazar.com\/index.php?rest_route=\/wp\/v2\/product"}],"about":[{"href":"https:\/\/www.hediyepazar.com\/index.php?rest_route=\/wp\/v2\/types\/product"}],"replies":[{"embeddable":true,"href":"https:\/\/www.hediyepazar.com\/index.php?rest_route=%2Fwp%2Fv2%2Fcomments&post=111636"}],"wp:featuredmedia":[{"embeddable":true,"href":"https:\/\/www.hediyepazar.com\/index.php?rest_route=\/wp\/v2\/media\/111635"}],"wp:attachment":[{"href":"https:\/\/www.hediyepazar.com\/index.php?rest_route=%2Fwp%2Fv2%2Fmedia&parent=111636"}],"wp:term":[{"taxonomy":"product_brand","embeddable":true,"href":"https:\/\/www.hediyepazar.com\/index.php?rest_route=%2Fwp%2Fv2%2Fproduct_brand&post=111636"},{"taxonomy":"product_cat","embeddable":true,"href":"https:\/\/www.hediyepazar.com\/index.php?rest_route=%2Fwp%2Fv2%2Fproduct_cat&post=111636"},{"taxonomy":"product_tag","embeddable":true,"href":"https:\/\/www.hediyepazar.com\/index.php?rest_route=%2Fwp%2Fv2%2Fproduct_tag&post=111636"}],"curies":[{"name":"wp","href":"https:\/\/api.w.org\/{rel}","templated":true}]}}