{"id":111648,"date":"2026-05-05T07:57:08","date_gmt":"2026-05-05T10:57:08","guid":{"rendered":"https:\/\/www.hediyepazar.com\/?product=tuy-silgi-kristal-epilasyon-acisiz-agrisiz-ve-pratik-epilasyon-aleti"},"modified":"2026-05-05T07:57:08","modified_gmt":"2026-05-05T10:57:08","slug":"tuy-silgi-kristal-epilasyon-acisiz-agrisiz-ve-pratik-epilasyon-aleti","status":"publish","type":"product","link":"https:\/\/www.hediyepazar.com\/?product=tuy-silgi-kristal-epilasyon-acisiz-agrisiz-ve-pratik-epilasyon-aleti","title":{"rendered":"T\u00fcy Silgi Kristal Epilasyon Ac\u0131s\u0131z A\u011fr\u0131s\u0131z ve Pratik Epilasyon Aleti"},"content":{"rendered":"<p>Kristal Epilat\u00f6r \u2013 P\u00fcr\u00fczs\u00fczl\u00fckte Yeni D\u00f6nemNano cam teknolojisiyle geli\u015ftirilen bu yenilik\u00e7i kristal epilat\u00f6r, t\u00fcylerden kurtulma s\u00fcrecini a\u011fr\u0131s\u0131z, zahmetsiz ve keyifli hale getiriyor. Cildinize dairesel hareketlerle uyguland\u0131\u011f\u0131nda, hem y\u00fczeydeki istenmeyen t\u00fcyleri al\u0131r hem de \u00f6l\u00fc deriyi uzakla\u015ft\u0131rarak cildin do\u011fal \u0131\u015f\u0131lt\u0131s\u0131n\u0131 ortaya \u00e7\u0131kar\u0131r. \u00dcstelik klasik epilasyon y\u00f6ntemlerinde g\u00f6r\u00fclen \u201c\u00e7ilek bacak\u201d g\u00f6r\u00fcnt\u00fcs\u00fcne de son verir.T\u00fcyleri k\u00f6ke yak\u0131n bir \u015fekilde ald\u0131\u011f\u0131 i\u00e7in zamanla t\u00fcylerin seyrelmesini ve \u00e7\u0131kma s\u00fcresinin uzamas\u0131n\u0131 destekler. Nazik ama etkili yap\u0131s\u0131 sayesinde, d\u00fczenli kullan\u0131mda cildinizdeki p\u00fcr\u00fczleri azalt\u0131r ve cildinize ipeksi bir his kazand\u0131r\u0131r. Du\u015f sonras\u0131 veya \u0131slak ciltte kullan\u0131labilen bu epilat\u00f6r, cilt \u00fczerinde iz b\u0131rakmadan \u00e7al\u0131\u015f\u0131r; yanma, tahri\u015f ya da ac\u0131 hissi olu\u015fturmaz.Kullan\u0131m\u0131 son derece pratik olan \u00fcr\u00fcn, sade suyla kolayca temizlenebilir. \u00d6zenli kullan\u0131mda 1 ila 3 y\u0131l aras\u0131nda uzun bir kullan\u0131m \u00f6mr\u00fc sunar. Kompakt boyutlar\u0131 sayesinde seyahatlerde yan\u0131n\u0131zda ta\u015f\u0131yabilir, diledi\u011finiz her yerde p\u00fcr\u00fczs\u00fczl\u00fc\u011f\u00fcn tad\u0131n\u0131 \u00e7\u0131karabilirsiniz. Kristal epilat\u00f6r ile hem t\u00fcylerden kurtulun hem de cildinize do\u011fal bir bak\u0131m uygulay\u0131n.<\/p>\n","protected":false},"excerpt":{"rendered":"<p>Kristal Epilat\u00f6r \u2013 P\u00fcr\u00fczs\u00fczl\u00fckte Yeni D\u00f6nemNano cam teknolojisiyle geli\u015ftirilen bu yenilik\u00e7i kristal epilat\u00f6r, t\u00fcylerden kurtulma s\u00fcrecini a\u011fr\u0131s\u0131z, zahmetsiz ve keyifli hale getiriyor. Cildinize dairesel hareketlerle uyguland\u0131\u011f\u0131nda, hem y\u00fczeydeki istenmeyen t\u00fcyleri al\u0131r hem de \u00f6l\u00fc deriyi uzakla\u015ft\u0131rarak cildin do\u011fal \u0131\u015f\u0131lt\u0131s\u0131n\u0131 ortaya \u00e7\u0131kar\u0131r. \u00dcstelik klasik epilasyon y\u00f6ntemlerinde g\u00f6r\u00fclen \u201c\u00e7ilek bacak\u201d g\u00f6r\u00fcnt\u00fcs\u00fcne de son verir.T\u00fcyleri k\u00f6ke yak\u0131n bir&#8230;<\/p>\n","protected":false},"featured_media":111647,"comment_status":"open","ping_status":"closed","template":"","meta":{"_kad_post_transparent":"","_kad_post_title":"","_kad_post_layout":"","_kad_post_sidebar_id":"","_kad_post_content_style":"","_kad_post_vertical_padding":"","_kad_post_feature":"","_kad_post_feature_position":"","_kad_post_header":false,"_kad_post_footer":false,"_kad_post_classname":""},"product_brand":[],"product_cat":[15058],"product_tag":[],"class_list":{"0":"post-111648","1":"product","2":"type-product","3":"status-publish","4":"has-post-thumbnail","6":"product_cat-cimbiz-cimbiz","8":"first","9":"instock","10":"purchasable","11":"product-type-simple","12":"entry","13":"content-bg","14":"loop-entry"},"_links":{"self":[{"href":"https:\/\/www.hediyepazar.com\/index.php?rest_route=\/wp\/v2\/product\/111648","targetHints":{"allow":["GET"]}}],"collection":[{"href":"https:\/\/www.hediyepazar.com\/index.php?rest_route=\/wp\/v2\/product"}],"about":[{"href":"https:\/\/www.hediyepazar.com\/index.php?rest_route=\/wp\/v2\/types\/product"}],"replies":[{"embeddable":true,"href":"https:\/\/www.hediyepazar.com\/index.php?rest_route=%2Fwp%2Fv2%2Fcomments&post=111648"}],"wp:featuredmedia":[{"embeddable":true,"href":"https:\/\/www.hediyepazar.com\/index.php?rest_route=\/wp\/v2\/media\/111647"}],"wp:attachment":[{"href":"https:\/\/www.hediyepazar.com\/index.php?rest_route=%2Fwp%2Fv2%2Fmedia&parent=111648"}],"wp:term":[{"taxonomy":"product_brand","embeddable":true,"href":"https:\/\/www.hediyepazar.com\/index.php?rest_route=%2Fwp%2Fv2%2Fproduct_brand&post=111648"},{"taxonomy":"product_cat","embeddable":true,"href":"https:\/\/www.hediyepazar.com\/index.php?rest_route=%2Fwp%2Fv2%2Fproduct_cat&post=111648"},{"taxonomy":"product_tag","embeddable":true,"href":"https:\/\/www.hediyepazar.com\/index.php?rest_route=%2Fwp%2Fv2%2Fproduct_tag&post=111648"}],"curies":[{"name":"wp","href":"https:\/\/api.w.org\/{rel}","templated":true}]}}