{"id":111650,"date":"2026-05-05T07:57:14","date_gmt":"2026-05-05T10:57:14","guid":{"rendered":"https:\/\/www.hediyepazar.com\/?product=elektrikli-fon-tarak-duzlestirici-elektriklenme-karsiti-uflemeli"},"modified":"2026-05-05T07:57:14","modified_gmt":"2026-05-05T10:57:14","slug":"elektrikli-fon-tarak-duzlestirici-elektriklenme-karsiti-uflemeli","status":"publish","type":"product","link":"https:\/\/www.hediyepazar.com\/?product=elektrikli-fon-tarak-duzlestirici-elektriklenme-karsiti-uflemeli","title":{"rendered":"Elektrikli F\u00f6n Tarak D\u00fczle\u015ftirici Elektriklenme Kar\u015f\u0131t\u0131 \u00dcflemeli"},"content":{"rendered":"<p>Kua\u00f6fer Modeli Sa\u00e7 Kurutma Makinesi, D\u00fczle\u015ftirici ve Tara\u011f\u0131 Seti ile sa\u00e7 \u015fekillendirme rutininize profesyonel dokunu\u015f kat\u0131n! T\u00fcm sa\u00e7 tiplerine uygun olan bu set, sa\u00e7 kurutma makinesi, sa\u00e7 d\u00fczle\u015ftirici ve sa\u00e7 tara\u011f\u0131n\u0131 bir arada sunarak m\u00fckemmel bir \u015fekillendirme deneyimi sa\u011flar. 3 s\u0131cakl\u0131k ayar\u0131 ile 140\u00b0F ile 400\u00b0F aras\u0131nda istenilen s\u0131cakl\u0131kta sa\u00e7lar\u0131n\u0131za uygun \u0131s\u0131y\u0131 bulabilirsiniz; ince, kal\u0131n, dalgal\u0131, k\u0131v\u0131rc\u0131k veya d\u00fcz sa\u00e7 tiplerine g\u00f6re m\u00fckemmel uyum g\u00f6sterir.Ta\u015f\u0131nabilir ve kompakt tasar\u0131m sayesinde seyahatlerinizde ve d\u0131\u015far\u0131da sa\u00e7 \u015fekillendirmek i\u00e7in ideal bir se\u00e7imdir. 360 derece d\u00f6nebilen 6,6 ft. g\u00fc\u00e7 kablosu, kablonun b\u00fck\u00fclmesini \u00f6nler ve tek elle kullan\u0131m kolayl\u0131\u011f\u0131 sunar. Rezistansl\u0131 \u0131s\u0131tma teli ve dahili termostat ile a\u015f\u0131r\u0131 \u0131s\u0131nmay\u0131 engelleyerek g\u00fcvenli bir kullan\u0131m sa\u011flar. \u0130ster randevunuz i\u00e7in ister parti ya da i\u015f i\u00e7in sa\u00e7\u0131n\u0131z\u0131 \u015fekillendirmek istiyorsan\u0131z, bu set her zaman yan\u0131n\u0131zdad\u0131r. \u015e\u0131k ve profesyonel bir g\u00f6r\u00fcn\u00fcm elde etmek hi\u00e7 bu kadar kolay olmam\u0131\u015ft\u0131!<\/p>\n","protected":false},"excerpt":{"rendered":"<p>Kua\u00f6fer Modeli Sa\u00e7 Kurutma Makinesi, D\u00fczle\u015ftirici ve Tara\u011f\u0131 Seti ile sa\u00e7 \u015fekillendirme rutininize profesyonel dokunu\u015f kat\u0131n! T\u00fcm sa\u00e7 tiplerine uygun olan bu set, sa\u00e7 kurutma makinesi, sa\u00e7 d\u00fczle\u015ftirici ve sa\u00e7 tara\u011f\u0131n\u0131 bir arada sunarak m\u00fckemmel bir \u015fekillendirme deneyimi sa\u011flar. 3 s\u0131cakl\u0131k ayar\u0131 ile 140\u00b0F ile 400\u00b0F aras\u0131nda istenilen s\u0131cakl\u0131kta sa\u00e7lar\u0131n\u0131za uygun \u0131s\u0131y\u0131 bulabilirsiniz; ince, kal\u0131n,&#8230;<\/p>\n","protected":false},"featured_media":111649,"comment_status":"open","ping_status":"closed","template":"","meta":{"_kad_post_transparent":"","_kad_post_title":"","_kad_post_layout":"","_kad_post_sidebar_id":"","_kad_post_content_style":"","_kad_post_vertical_padding":"","_kad_post_feature":"","_kad_post_feature_position":"","_kad_post_header":false,"_kad_post_footer":false,"_kad_post_classname":""},"product_brand":[],"product_cat":[14907],"product_tag":[],"class_list":{"0":"post-111650","1":"product","2":"type-product","3":"status-publish","4":"has-post-thumbnail","6":"product_cat-sac-masasi-sac-masasi","8":"first","9":"instock","10":"purchasable","11":"product-type-simple","12":"entry","13":"content-bg","14":"loop-entry"},"_links":{"self":[{"href":"https:\/\/www.hediyepazar.com\/index.php?rest_route=\/wp\/v2\/product\/111650","targetHints":{"allow":["GET"]}}],"collection":[{"href":"https:\/\/www.hediyepazar.com\/index.php?rest_route=\/wp\/v2\/product"}],"about":[{"href":"https:\/\/www.hediyepazar.com\/index.php?rest_route=\/wp\/v2\/types\/product"}],"replies":[{"embeddable":true,"href":"https:\/\/www.hediyepazar.com\/index.php?rest_route=%2Fwp%2Fv2%2Fcomments&post=111650"}],"wp:featuredmedia":[{"embeddable":true,"href":"https:\/\/www.hediyepazar.com\/index.php?rest_route=\/wp\/v2\/media\/111649"}],"wp:attachment":[{"href":"https:\/\/www.hediyepazar.com\/index.php?rest_route=%2Fwp%2Fv2%2Fmedia&parent=111650"}],"wp:term":[{"taxonomy":"product_brand","embeddable":true,"href":"https:\/\/www.hediyepazar.com\/index.php?rest_route=%2Fwp%2Fv2%2Fproduct_brand&post=111650"},{"taxonomy":"product_cat","embeddable":true,"href":"https:\/\/www.hediyepazar.com\/index.php?rest_route=%2Fwp%2Fv2%2Fproduct_cat&post=111650"},{"taxonomy":"product_tag","embeddable":true,"href":"https:\/\/www.hediyepazar.com\/index.php?rest_route=%2Fwp%2Fv2%2Fproduct_tag&post=111650"}],"curies":[{"name":"wp","href":"https:\/\/api.w.org\/{rel}","templated":true}]}}