{"id":111660,"date":"2026-05-05T07:58:14","date_gmt":"2026-05-05T10:58:14","guid":{"rendered":"https:\/\/www.hediyepazar.com\/?product=led-aydinlatmali-5-antenli-motorlu-1080p-wifi-kamera-sensorlu"},"modified":"2026-05-05T07:58:14","modified_gmt":"2026-05-05T10:58:14","slug":"led-aydinlatmali-5-antenli-motorlu-1080p-wifi-kamera-sensorlu","status":"publish","type":"product","link":"https:\/\/www.hediyepazar.com\/?product=led-aydinlatmali-5-antenli-motorlu-1080p-wifi-kamera-sensorlu","title":{"rendered":"LED Ayd\u0131nlatmal\u0131 5 Antenli Motorlu 1080P Wifi Kamera Sens\u00f6rl\u00fc"},"content":{"rendered":"<p>Bu g\u00fcvenlik kameras\u0131, y\u00fcksek \u00e7\u00f6z\u00fcn\u00fcrl\u00fckl\u00fc gece g\u00f6r\u00fc\u015f \u00f6zelli\u011fi sayesinde d\u00fc\u015f\u00fck \u0131\u015f\u0131k ko\u015fullar\u0131nda bile net ve detayl\u0131 g\u00f6r\u00fcnt\u00fcler sunar, b\u00f6ylece her an\u0131n\u0131z\u0131n g\u00fcvenli\u011fi sa\u011flan\u0131r. Wi-Fi ba\u011flant\u0131s\u0131 ile kolay kurulum ve kullan\u0131m\u0131 sayesinde karma\u015f\u0131k kablolarla u\u011fra\u015fman\u0131za gerek kalmaz. Cihaz\u0131 kurduktan sonra, mobil uygulama \u00fczerinden anl\u0131k olarak izleme yapabilir, evinizi veya i\u015f yerinizi her an kontrol edebilirsiniz.2 y\u0131l garanti s\u00fcresi ile g\u00fcvenilir bir kullan\u0131m sunarak uzun \u00f6m\u00fcrl\u00fc bir deneyim vaat eder. Gece ve g\u00fcnd\u00fcz fark etmeksizin g\u00fcvenlik sa\u011flamak isteyenler i\u00e7in ideal bir \u00e7\u00f6z\u00fcmd\u00fcr. Ayr\u0131ca, cihaz\u0131n sa\u011flam yap\u0131s\u0131 ve uzun s\u00fcre dayanabilecek tasar\u0131m\u0131 ile d\u0131\u015f mekanlarda da g\u00fcvenle kullan\u0131labilir. Bu \u00f6zellikleriyle evinize veya i\u015f yerinize ek g\u00fcvenlik katman\u0131 sa\u011flar.<\/p>\n","protected":false},"excerpt":{"rendered":"<p>Bu g\u00fcvenlik kameras\u0131, y\u00fcksek \u00e7\u00f6z\u00fcn\u00fcrl\u00fckl\u00fc gece g\u00f6r\u00fc\u015f \u00f6zelli\u011fi sayesinde d\u00fc\u015f\u00fck \u0131\u015f\u0131k ko\u015fullar\u0131nda bile net ve detayl\u0131 g\u00f6r\u00fcnt\u00fcler sunar, b\u00f6ylece her an\u0131n\u0131z\u0131n g\u00fcvenli\u011fi sa\u011flan\u0131r. Wi-Fi ba\u011flant\u0131s\u0131 ile kolay kurulum ve kullan\u0131m\u0131 sayesinde karma\u015f\u0131k kablolarla u\u011fra\u015fman\u0131za gerek kalmaz. Cihaz\u0131 kurduktan sonra, mobil uygulama \u00fczerinden anl\u0131k olarak izleme yapabilir, evinizi veya i\u015f yerinizi her an kontrol edebilirsiniz.2 y\u0131l&#8230;<\/p>\n","protected":false},"featured_media":111659,"comment_status":"open","ping_status":"closed","template":"","meta":{"_kad_post_transparent":"","_kad_post_title":"","_kad_post_layout":"","_kad_post_sidebar_id":"","_kad_post_content_style":"","_kad_post_vertical_padding":"","_kad_post_feature":"","_kad_post_feature_position":"","_kad_post_header":false,"_kad_post_footer":false,"_kad_post_classname":""},"product_brand":[],"product_cat":[14985],"product_tag":[],"class_list":{"0":"post-111660","1":"product","2":"type-product","3":"status-publish","4":"has-post-thumbnail","6":"product_cat-akilli-guvenlik-urunu-akilli-guvenlik-urunu","8":"first","9":"instock","10":"purchasable","11":"product-type-simple","12":"entry","13":"content-bg","14":"loop-entry"},"_links":{"self":[{"href":"https:\/\/www.hediyepazar.com\/index.php?rest_route=\/wp\/v2\/product\/111660","targetHints":{"allow":["GET"]}}],"collection":[{"href":"https:\/\/www.hediyepazar.com\/index.php?rest_route=\/wp\/v2\/product"}],"about":[{"href":"https:\/\/www.hediyepazar.com\/index.php?rest_route=\/wp\/v2\/types\/product"}],"replies":[{"embeddable":true,"href":"https:\/\/www.hediyepazar.com\/index.php?rest_route=%2Fwp%2Fv2%2Fcomments&post=111660"}],"wp:featuredmedia":[{"embeddable":true,"href":"https:\/\/www.hediyepazar.com\/index.php?rest_route=\/wp\/v2\/media\/111659"}],"wp:attachment":[{"href":"https:\/\/www.hediyepazar.com\/index.php?rest_route=%2Fwp%2Fv2%2Fmedia&parent=111660"}],"wp:term":[{"taxonomy":"product_brand","embeddable":true,"href":"https:\/\/www.hediyepazar.com\/index.php?rest_route=%2Fwp%2Fv2%2Fproduct_brand&post=111660"},{"taxonomy":"product_cat","embeddable":true,"href":"https:\/\/www.hediyepazar.com\/index.php?rest_route=%2Fwp%2Fv2%2Fproduct_cat&post=111660"},{"taxonomy":"product_tag","embeddable":true,"href":"https:\/\/www.hediyepazar.com\/index.php?rest_route=%2Fwp%2Fv2%2Fproduct_tag&post=111660"}],"curies":[{"name":"wp","href":"https:\/\/api.w.org\/{rel}","templated":true}]}}