{"id":111662,"date":"2026-05-05T07:58:19","date_gmt":"2026-05-05T10:58:19","guid":{"rendered":"https:\/\/www.hediyepazar.com\/?product=akilli-gece-goruslu-sensorlu-wifi-kamera-telefondan-takip-edilebilir"},"modified":"2026-05-05T07:58:19","modified_gmt":"2026-05-05T10:58:19","slug":"akilli-gece-goruslu-sensorlu-wifi-kamera-telefondan-takip-edilebilir","status":"publish","type":"product","link":"https:\/\/www.hediyepazar.com\/?product=akilli-gece-goruslu-sensorlu-wifi-kamera-telefondan-takip-edilebilir","title":{"rendered":"Ak\u0131ll\u0131 Gece G\u00f6r\u00fc\u015fl\u00fc Sens\u00f6rl\u00fc Wifi Kamera Telefondan Takip Edilebilir"},"content":{"rendered":"<p>Y\u00fcksek \u00e7\u00f6z\u00fcn\u00fcrl\u00fckl\u00fc gece g\u00f6r\u00fc\u015f \u00f6zelli\u011fi ile donat\u0131lm\u0131\u015f bu g\u00fcvenlik kameras\u0131, karanl\u0131k ortamlarda dahi net ve detayl\u0131 g\u00f6r\u00fcnt\u00fcler sunarak her an\u0131n\u0131z\u0131 g\u00fcvence alt\u0131na al\u0131r. D\u00fc\u015f\u00fck \u0131\u015f\u0131k ko\u015fullar\u0131nda bile m\u00fckemmel g\u00f6r\u00fcnt\u00fc kalitesi sa\u011flayan bu kamera, evinizin veya i\u015f yerinizin g\u00fcvenli\u011fini 7\/24 izlemek i\u00e7in ideal bir \u00e7\u00f6z\u00fcmd\u00fcr.Wi-Fi ba\u011flant\u0131s\u0131 sayesinde kablo karma\u015fas\u0131na son verir ve kurulumu olduk\u00e7a basittir. Sadece birka\u00e7 ad\u0131mda kurulumunuzu tamamlayarak h\u0131zl\u0131ca kullanmaya ba\u015flayabilirsiniz. Mobil uygulama \u00fczerinden uzaktan eri\u015fim \u00f6zelli\u011fi, cihaz\u0131n\u0131z\u0131 istedi\u011finiz zaman ve yerden kontrol etmenize olanak tan\u0131r. Anl\u0131k bildirimler alarak g\u00fcvenlik durumunuzu s\u00fcrekli olarak takip edebilirsiniz.\u00dcr\u00fcn\u00fcn dayan\u0131kl\u0131 yap\u0131s\u0131 ve 2 y\u0131l garanti s\u00fcresi, uzun \u00f6m\u00fcrl\u00fc ve g\u00fcvenilir bir kullan\u0131m deneyimi sunar. Ayr\u0131ca, kamera ile sadece g\u00f6r\u00fcnt\u00fcleri de\u011fil, ayn\u0131 zamanda sesli ileti\u015fim kurma \u00f6zelli\u011fine de sahip olabilirsiniz. Hem i\u00e7 mekanlarda hem de d\u0131\u015f mekanlarda kullan\u0131labilen bu g\u00fcvenlik kameras\u0131, evinizi veya i\u015f yerinizi korumak i\u00e7in m\u00fckemmel bir yard\u0131mc\u0131d\u0131r.<\/p>\n","protected":false},"excerpt":{"rendered":"<p>Y\u00fcksek \u00e7\u00f6z\u00fcn\u00fcrl\u00fckl\u00fc gece g\u00f6r\u00fc\u015f \u00f6zelli\u011fi ile donat\u0131lm\u0131\u015f bu g\u00fcvenlik kameras\u0131, karanl\u0131k ortamlarda dahi net ve detayl\u0131 g\u00f6r\u00fcnt\u00fcler sunarak her an\u0131n\u0131z\u0131 g\u00fcvence alt\u0131na al\u0131r. D\u00fc\u015f\u00fck \u0131\u015f\u0131k ko\u015fullar\u0131nda bile m\u00fckemmel g\u00f6r\u00fcnt\u00fc kalitesi sa\u011flayan bu kamera, evinizin veya i\u015f yerinizin g\u00fcvenli\u011fini 7\/24 izlemek i\u00e7in ideal bir \u00e7\u00f6z\u00fcmd\u00fcr.Wi-Fi ba\u011flant\u0131s\u0131 sayesinde kablo karma\u015fas\u0131na son verir ve kurulumu olduk\u00e7a basittir. Sadece&#8230;<\/p>\n","protected":false},"featured_media":111661,"comment_status":"open","ping_status":"closed","template":"","meta":{"_kad_post_transparent":"","_kad_post_title":"","_kad_post_layout":"","_kad_post_sidebar_id":"","_kad_post_content_style":"","_kad_post_vertical_padding":"","_kad_post_feature":"","_kad_post_feature_position":"","_kad_post_header":false,"_kad_post_footer":false,"_kad_post_classname":""},"product_brand":[],"product_cat":[14985],"product_tag":[],"class_list":{"0":"post-111662","1":"product","2":"type-product","3":"status-publish","4":"has-post-thumbnail","6":"product_cat-akilli-guvenlik-urunu-akilli-guvenlik-urunu","8":"first","9":"instock","10":"purchasable","11":"product-type-simple","12":"entry","13":"content-bg","14":"loop-entry"},"_links":{"self":[{"href":"https:\/\/www.hediyepazar.com\/index.php?rest_route=\/wp\/v2\/product\/111662","targetHints":{"allow":["GET"]}}],"collection":[{"href":"https:\/\/www.hediyepazar.com\/index.php?rest_route=\/wp\/v2\/product"}],"about":[{"href":"https:\/\/www.hediyepazar.com\/index.php?rest_route=\/wp\/v2\/types\/product"}],"replies":[{"embeddable":true,"href":"https:\/\/www.hediyepazar.com\/index.php?rest_route=%2Fwp%2Fv2%2Fcomments&post=111662"}],"wp:featuredmedia":[{"embeddable":true,"href":"https:\/\/www.hediyepazar.com\/index.php?rest_route=\/wp\/v2\/media\/111661"}],"wp:attachment":[{"href":"https:\/\/www.hediyepazar.com\/index.php?rest_route=%2Fwp%2Fv2%2Fmedia&parent=111662"}],"wp:term":[{"taxonomy":"product_brand","embeddable":true,"href":"https:\/\/www.hediyepazar.com\/index.php?rest_route=%2Fwp%2Fv2%2Fproduct_brand&post=111662"},{"taxonomy":"product_cat","embeddable":true,"href":"https:\/\/www.hediyepazar.com\/index.php?rest_route=%2Fwp%2Fv2%2Fproduct_cat&post=111662"},{"taxonomy":"product_tag","embeddable":true,"href":"https:\/\/www.hediyepazar.com\/index.php?rest_route=%2Fwp%2Fv2%2Fproduct_tag&post=111662"}],"curies":[{"name":"wp","href":"https:\/\/api.w.org\/{rel}","templated":true}]}}