{"id":111688,"date":"2026-05-05T08:02:07","date_gmt":"2026-05-05T11:02:07","guid":{"rendered":"https:\/\/www.hediyepazar.com\/?product=retro-konsol-p5-uyumlu-tasinabilir-520-oyunlu-kablosuz-game-stick"},"modified":"2026-05-05T08:02:07","modified_gmt":"2026-05-05T11:02:07","slug":"retro-konsol-p5-uyumlu-tasinabilir-520-oyunlu-kablosuz-game-stick","status":"publish","type":"product","link":"https:\/\/www.hediyepazar.com\/?product=retro-konsol-p5-uyumlu-tasinabilir-520-oyunlu-kablosuz-game-stick","title":{"rendered":"Retro Konsol P5 Uyumlu Ta\u015f\u0131nabilir 520 Oyunlu Kablosuz Game Stick"},"content":{"rendered":"<p>P5 Retro GamePad, nostalji severler i\u00e7in m\u00fckemmel bir se\u00e7enek sunarak retro oyun d\u00fcnyas\u0131n\u0131 yeniden hayat\u0131n\u0131za getiriyor. 520 klasik oyun i\u00e7eren bu kompakt oyun konsolu, hem eski okul oyunlar\u0131n\u0131 \u00f6zleyenler hem de retro d\u00fcnyas\u0131na ad\u0131m atmak isteyenler i\u00e7in geni\u015f bir e\u011flence yelpazesi sunuyor. Tak ve \u00e7al\u0131\u015ft\u0131r \u00f6zelli\u011fi ile kurulumu son derece kolayd\u0131r; cihaz\u0131 a\u00e7\u0131p hemen oyun oynamaya ba\u015flayabilirsiniz.Ergonomik tasar\u0131m\u0131, uzun oyun seanslar\u0131nda bile rahat bir tutu\u015f sa\u011flar ve cihaz\u0131n ta\u015f\u0131nabilirli\u011fi sayesinde diledi\u011finiz her yere g\u00f6t\u00fcrebilirsiniz. Mini boyutuyla ta\u015f\u0131mas\u0131 son derece kolay olan bu retro oyun konsolu, seyahatlerde ya da d\u0131\u015far\u0131da arkada\u015flar\u0131n\u0131zla oyun keyfi yapmak i\u00e7in ideal bir ara\u00e7t\u0131r. Hem nostaljik hem de pratik olan P5 Retro GamePad, e\u011flenceli anlar i\u00e7in her zaman yan\u0131n\u0131zda ta\u015f\u0131yabilece\u011finiz m\u00fckemmel bir oyun arkada\u015f\u0131d\u0131r.&nbsp;<\/p>\n","protected":false},"excerpt":{"rendered":"<p>P5 Retro GamePad, nostalji severler i\u00e7in m\u00fckemmel bir se\u00e7enek sunarak retro oyun d\u00fcnyas\u0131n\u0131 yeniden hayat\u0131n\u0131za getiriyor. 520 klasik oyun i\u00e7eren bu kompakt oyun konsolu, hem eski okul oyunlar\u0131n\u0131 \u00f6zleyenler hem de retro d\u00fcnyas\u0131na ad\u0131m atmak isteyenler i\u00e7in geni\u015f bir e\u011flence yelpazesi sunuyor. Tak ve \u00e7al\u0131\u015ft\u0131r \u00f6zelli\u011fi ile kurulumu son derece kolayd\u0131r; cihaz\u0131 a\u00e7\u0131p hemen oyun&#8230;<\/p>\n","protected":false},"featured_media":111687,"comment_status":"open","ping_status":"closed","template":"","meta":{"_kad_post_transparent":"","_kad_post_title":"","_kad_post_layout":"","_kad_post_sidebar_id":"","_kad_post_content_style":"","_kad_post_vertical_padding":"","_kad_post_feature":"","_kad_post_feature_position":"","_kad_post_header":false,"_kad_post_footer":false,"_kad_post_classname":""},"product_brand":[],"product_cat":[14961],"product_tag":[],"class_list":{"0":"post-111688","1":"product","2":"type-product","3":"status-publish","4":"has-post-thumbnail","6":"product_cat-oyun-konsolu-oyun-konsolu","8":"first","9":"instock","10":"purchasable","11":"product-type-simple","12":"entry","13":"content-bg","14":"loop-entry"},"_links":{"self":[{"href":"https:\/\/www.hediyepazar.com\/index.php?rest_route=\/wp\/v2\/product\/111688","targetHints":{"allow":["GET"]}}],"collection":[{"href":"https:\/\/www.hediyepazar.com\/index.php?rest_route=\/wp\/v2\/product"}],"about":[{"href":"https:\/\/www.hediyepazar.com\/index.php?rest_route=\/wp\/v2\/types\/product"}],"replies":[{"embeddable":true,"href":"https:\/\/www.hediyepazar.com\/index.php?rest_route=%2Fwp%2Fv2%2Fcomments&post=111688"}],"wp:featuredmedia":[{"embeddable":true,"href":"https:\/\/www.hediyepazar.com\/index.php?rest_route=\/wp\/v2\/media\/111687"}],"wp:attachment":[{"href":"https:\/\/www.hediyepazar.com\/index.php?rest_route=%2Fwp%2Fv2%2Fmedia&parent=111688"}],"wp:term":[{"taxonomy":"product_brand","embeddable":true,"href":"https:\/\/www.hediyepazar.com\/index.php?rest_route=%2Fwp%2Fv2%2Fproduct_brand&post=111688"},{"taxonomy":"product_cat","embeddable":true,"href":"https:\/\/www.hediyepazar.com\/index.php?rest_route=%2Fwp%2Fv2%2Fproduct_cat&post=111688"},{"taxonomy":"product_tag","embeddable":true,"href":"https:\/\/www.hediyepazar.com\/index.php?rest_route=%2Fwp%2Fv2%2Fproduct_tag&post=111688"}],"curies":[{"name":"wp","href":"https:\/\/api.w.org\/{rel}","templated":true}]}}