{"id":111696,"date":"2026-05-05T08:02:57","date_gmt":"2026-05-05T11:02:57","guid":{"rendered":"https:\/\/www.hediyepazar.com\/?product=kamp-cadir-lambasi-sarjli-el-feneri-isildak-anahtarlik-mini-miknatisli"},"modified":"2026-05-05T08:02:57","modified_gmt":"2026-05-05T11:02:57","slug":"kamp-cadir-lambasi-sarjli-el-feneri-isildak-anahtarlik-mini-miknatisli","status":"publish","type":"product","link":"https:\/\/www.hediyepazar.com\/?product=kamp-cadir-lambasi-sarjli-el-feneri-isildak-anahtarlik-mini-miknatisli","title":{"rendered":"Kamp \u00c7ad\u0131r Lambas\u0131 \u015earjl\u0131 El Feneri I\u015f\u0131ldak Anahtarl\u0131k Mini M\u0131knat\u0131sl\u0131"},"content":{"rendered":"<p>Bu kompakt ve kullan\u0131\u015fl\u0131 mini LED fener, g\u00fc\u00e7l\u00fc COB \u0131\u015f\u0131k kayna\u011f\u0131 sayesinde etkileyici bir parlakl\u0131k sunarak karanl\u0131k ortamlarda net g\u00f6r\u00fc\u015f sa\u011flar. K\u00fc\u00e7\u00fck boyutuna ra\u011fmen y\u00fcksek performans sunan bu anahtarl\u0131k tipi fener, cebinizde, \u00e7antan\u0131zda ya da anahtarl\u0131\u011f\u0131n\u0131za tak\u0131l\u0131 \u015fekilde kolayca ta\u015f\u0131nabilir. \u00dc\u00e7 farkl\u0131 ayd\u0131nlatma modu (y\u00fcksek, d\u00fc\u015f\u00fck ve fla\u015f) sayesinde farkl\u0131 ihtiya\u00e7lara uyum sa\u011flarken, arkas\u0131nda bulunan m\u0131knat\u0131sl\u0131 y\u00fczey ve entegre ask\u0131 aparat\u0131 sayesinde pratik kullan\u0131m imk\u00e2n\u0131 sunar. \u015earj edilebilir bataryas\u0131, USB Type-C giri\u015fiyle kolayl\u0131kla \u015farj edilebilir ve uzun s\u00fcreli kullan\u0131m vadeder. Su s\u0131\u00e7ramalar\u0131na ve darbelere kar\u015f\u0131 dayan\u0131kl\u0131 yap\u0131s\u0131yla d\u0131\u015f mekan aktiviteleri, acil durumlar, kamp, y\u00fcr\u00fcy\u00fc\u015f, tamir i\u015fleri gibi bir\u00e7ok alanda g\u00fcvenilir bir yard\u0131mc\u0131d\u0131r. \u015ei\u015fe a\u00e7aca\u011f\u0131 fonksiyonuyla g\u00fcnl\u00fck kullan\u0131mda da i\u015flevselli\u011fini art\u0131r\u0131r. Dayan\u0131kl\u0131 g\u00f6vdesi ve hafif yap\u0131s\u0131 ile her an yan\u0131n\u0131zda ta\u015f\u0131mak isteyece\u011finiz \u00e7ok y\u00f6nl\u00fc bir ayd\u0131nlatma \u00e7\u00f6z\u00fcm\u00fcd\u00fcr.<\/p>\n","protected":false},"excerpt":{"rendered":"<p>Bu kompakt ve kullan\u0131\u015fl\u0131 mini LED fener, g\u00fc\u00e7l\u00fc COB \u0131\u015f\u0131k kayna\u011f\u0131 sayesinde etkileyici bir parlakl\u0131k sunarak karanl\u0131k ortamlarda net g\u00f6r\u00fc\u015f sa\u011flar. K\u00fc\u00e7\u00fck boyutuna ra\u011fmen y\u00fcksek performans sunan bu anahtarl\u0131k tipi fener, cebinizde, \u00e7antan\u0131zda ya da anahtarl\u0131\u011f\u0131n\u0131za tak\u0131l\u0131 \u015fekilde kolayca ta\u015f\u0131nabilir. \u00dc\u00e7 farkl\u0131 ayd\u0131nlatma modu (y\u00fcksek, d\u00fc\u015f\u00fck ve fla\u015f) sayesinde farkl\u0131 ihtiya\u00e7lara uyum sa\u011flarken, arkas\u0131nda bulunan&#8230;<\/p>\n","protected":false},"featured_media":111695,"comment_status":"open","ping_status":"closed","template":"","meta":{"_kad_post_transparent":"","_kad_post_title":"","_kad_post_layout":"","_kad_post_sidebar_id":"","_kad_post_content_style":"","_kad_post_vertical_padding":"","_kad_post_feature":"","_kad_post_feature_position":"","_kad_post_header":false,"_kad_post_footer":false,"_kad_post_classname":""},"product_brand":[],"product_cat":[14977],"product_tag":[],"class_list":{"0":"post-111696","1":"product","2":"type-product","3":"status-publish","4":"has-post-thumbnail","6":"product_cat-kamp-lambasi-kamp-lambasi","8":"first","9":"instock","10":"purchasable","11":"product-type-simple","12":"entry","13":"content-bg","14":"loop-entry"},"_links":{"self":[{"href":"https:\/\/www.hediyepazar.com\/index.php?rest_route=\/wp\/v2\/product\/111696","targetHints":{"allow":["GET"]}}],"collection":[{"href":"https:\/\/www.hediyepazar.com\/index.php?rest_route=\/wp\/v2\/product"}],"about":[{"href":"https:\/\/www.hediyepazar.com\/index.php?rest_route=\/wp\/v2\/types\/product"}],"replies":[{"embeddable":true,"href":"https:\/\/www.hediyepazar.com\/index.php?rest_route=%2Fwp%2Fv2%2Fcomments&post=111696"}],"wp:featuredmedia":[{"embeddable":true,"href":"https:\/\/www.hediyepazar.com\/index.php?rest_route=\/wp\/v2\/media\/111695"}],"wp:attachment":[{"href":"https:\/\/www.hediyepazar.com\/index.php?rest_route=%2Fwp%2Fv2%2Fmedia&parent=111696"}],"wp:term":[{"taxonomy":"product_brand","embeddable":true,"href":"https:\/\/www.hediyepazar.com\/index.php?rest_route=%2Fwp%2Fv2%2Fproduct_brand&post=111696"},{"taxonomy":"product_cat","embeddable":true,"href":"https:\/\/www.hediyepazar.com\/index.php?rest_route=%2Fwp%2Fv2%2Fproduct_cat&post=111696"},{"taxonomy":"product_tag","embeddable":true,"href":"https:\/\/www.hediyepazar.com\/index.php?rest_route=%2Fwp%2Fv2%2Fproduct_tag&post=111696"}],"curies":[{"name":"wp","href":"https:\/\/api.w.org\/{rel}","templated":true}]}}