{"id":111708,"date":"2026-05-05T08:05:27","date_gmt":"2026-05-05T11:05:27","guid":{"rendered":"https:\/\/www.hediyepazar.com\/?product=dijital-fotograf-makinesi-cocuk-mini-1080p-hd-kaliteli-renkli"},"modified":"2026-05-05T08:05:27","modified_gmt":"2026-05-05T11:05:27","slug":"dijital-fotograf-makinesi-cocuk-mini-1080p-hd-kaliteli-renkli","status":"publish","type":"product","link":"https:\/\/www.hediyepazar.com\/?product=dijital-fotograf-makinesi-cocuk-mini-1080p-hd-kaliteli-renkli","title":{"rendered":"Dijital Foto\u011fraf Makinesi \u00c7ocuk Mini 1080p HD Kaliteli Renkli"},"content":{"rendered":"<p>Bu mini kamera, 1080p HD \u00e7\u00f6z\u00fcn\u00fcrl\u00fck sunarak \u00e7ocuklar\u0131n \u00f6nemli anlar\u0131n\u0131 net ve y\u00fcksek kaliteli g\u00f6r\u00fcnt\u00fclerle kaydetmelerini sa\u011flar. Kompakt boyutu, \u00e7ocuklar\u0131n rahat\u00e7a ta\u015f\u0131yabilece\u011fi ve kullanabilece\u011fi \u015fekilde tasarlanm\u0131\u015ft\u0131r, b\u00f6ylece her ortamda kolayca kullan\u0131labilir. Dahili haf\u0131za kart\u0131 ile birlikte gelir, bu da ekstra haf\u0131za kart\u0131 alma zorunlulu\u011funu ortadan kald\u0131rarak kullan\u0131m kolayl\u0131\u011f\u0131 sa\u011flar. E\u011flenceli ve yarat\u0131c\u0131 bir foto\u011fraf\/video \u00e7ekme deneyimi sunan bu mini kamera, \u00e7ocuklar i\u00e7in m\u00fckemmel bir hediye se\u00e7ene\u011fidir.<\/p>\n","protected":false},"excerpt":{"rendered":"<p>Bu mini kamera, 1080p HD \u00e7\u00f6z\u00fcn\u00fcrl\u00fck sunarak \u00e7ocuklar\u0131n \u00f6nemli anlar\u0131n\u0131 net ve y\u00fcksek kaliteli g\u00f6r\u00fcnt\u00fclerle kaydetmelerini sa\u011flar. Kompakt boyutu, \u00e7ocuklar\u0131n rahat\u00e7a ta\u015f\u0131yabilece\u011fi ve kullanabilece\u011fi \u015fekilde tasarlanm\u0131\u015ft\u0131r, b\u00f6ylece her ortamda kolayca kullan\u0131labilir. Dahili haf\u0131za kart\u0131 ile birlikte gelir, bu da ekstra haf\u0131za kart\u0131 alma zorunlulu\u011funu ortadan kald\u0131rarak kullan\u0131m kolayl\u0131\u011f\u0131 sa\u011flar. E\u011flenceli ve yarat\u0131c\u0131 bir foto\u011fraf\/video \u00e7ekme&#8230;<\/p>\n","protected":false},"featured_media":111707,"comment_status":"open","ping_status":"closed","template":"","meta":{"_kad_post_transparent":"","_kad_post_title":"","_kad_post_layout":"","_kad_post_sidebar_id":"","_kad_post_content_style":"","_kad_post_vertical_padding":"","_kad_post_feature":"","_kad_post_feature_position":"","_kad_post_header":false,"_kad_post_footer":false,"_kad_post_classname":""},"product_brand":[],"product_cat":[14987],"product_tag":[],"class_list":{"0":"post-111708","1":"product","2":"type-product","3":"status-publish","4":"has-post-thumbnail","6":"product_cat-cocuk-kamera-cocuk-kamera","8":"first","9":"instock","10":"purchasable","11":"product-type-simple","12":"entry","13":"content-bg","14":"loop-entry"},"_links":{"self":[{"href":"https:\/\/www.hediyepazar.com\/index.php?rest_route=\/wp\/v2\/product\/111708","targetHints":{"allow":["GET"]}}],"collection":[{"href":"https:\/\/www.hediyepazar.com\/index.php?rest_route=\/wp\/v2\/product"}],"about":[{"href":"https:\/\/www.hediyepazar.com\/index.php?rest_route=\/wp\/v2\/types\/product"}],"replies":[{"embeddable":true,"href":"https:\/\/www.hediyepazar.com\/index.php?rest_route=%2Fwp%2Fv2%2Fcomments&post=111708"}],"wp:featuredmedia":[{"embeddable":true,"href":"https:\/\/www.hediyepazar.com\/index.php?rest_route=\/wp\/v2\/media\/111707"}],"wp:attachment":[{"href":"https:\/\/www.hediyepazar.com\/index.php?rest_route=%2Fwp%2Fv2%2Fmedia&parent=111708"}],"wp:term":[{"taxonomy":"product_brand","embeddable":true,"href":"https:\/\/www.hediyepazar.com\/index.php?rest_route=%2Fwp%2Fv2%2Fproduct_brand&post=111708"},{"taxonomy":"product_cat","embeddable":true,"href":"https:\/\/www.hediyepazar.com\/index.php?rest_route=%2Fwp%2Fv2%2Fproduct_cat&post=111708"},{"taxonomy":"product_tag","embeddable":true,"href":"https:\/\/www.hediyepazar.com\/index.php?rest_route=%2Fwp%2Fv2%2Fproduct_tag&post=111708"}],"curies":[{"name":"wp","href":"https:\/\/api.w.org\/{rel}","templated":true}]}}