{"id":111732,"date":"2026-05-05T08:10:14","date_gmt":"2026-05-05T11:10:14","guid":{"rendered":"https:\/\/www.hediyepazar.com\/?product=hizli-sarj-aleti-adaptoru-kablo-seti-67w-uzun-omurlu-beyaz"},"modified":"2026-05-05T08:10:14","modified_gmt":"2026-05-05T11:10:14","slug":"hizli-sarj-aleti-adaptoru-kablo-seti-67w-uzun-omurlu-beyaz","status":"publish","type":"product","link":"https:\/\/www.hediyepazar.com\/?product=hizli-sarj-aleti-adaptoru-kablo-seti-67w-uzun-omurlu-beyaz","title":{"rendered":"H\u0131zl\u0131 \u015earj Aleti Adapt\u00f6r\u00fc Kablo Seti 67W Uzun \u00d6m\u00fcrl\u00fc Beyaz"},"content":{"rendered":"<p>67W Turbo H\u0131zl\u0131 \u015earj Adapt\u00f6r\u00fc, \u00fcst\u00fcn h\u0131z ve g\u00fcvenlik \u00f6zellikleri ile cihazlar\u0131n\u0131z\u0131 h\u0131zl\u0131 ve verimli bir \u015fekilde \u015farj etmenizi sa\u011flar. Bu \u015farj adapt\u00f6r\u00fc, y\u00fcksek voltaj ve k\u0131sa devre korumas\u0131 gibi geli\u015fmi\u015f g\u00fcvenlik \u00f6nlemleri sunarak cihazlar\u0131n\u0131za zarar gelmesini \u00f6nler. 67W g\u00fcc\u00fc ile uyumlu cihazlar\u0131n\u0131z\u0131 h\u0131zl\u0131ca \u015farj eder, ayn\u0131 zamanda turbo \u015farj modu sayesinde daha b\u00fcy\u00fck cihazlar\u0131 120W\u2019a kadar h\u0131zl\u0131ca \u015farj edebilme yetene\u011fi sunar. Bu, standart \u015farj cihazlar\u0131na g\u00f6re \u00e7ok daha h\u0131zl\u0131 \u015farj olma avantaj\u0131 sa\u011flar.Adapt\u00f6r, 100-240V AC giri\u015f voltaj\u0131n\u0131 destekleyerek d\u00fcnya genelindeki priz tipleri ile uyumlu hale gelir. USB-C giri\u015fi sayesinde, modern ak\u0131ll\u0131 telefonlar, tabletler ve di\u011fer USB-C cihazlar\u0131 ile m\u00fckemmel uyumluluk sa\u011flar. Hem h\u0131zl\u0131 \u015farj modunda, hem de normal \u015farj modunda kullan\u0131labilir. 67W \u00e7\u0131k\u0131\u015f\u0131, 5V DC 3.0A ile 15W \u015farj g\u00fcc\u00fc sunarken, turbo \u015farj modunda 5-20V DC 6.2-3.25A ak\u0131m ile 120W\u2019a kadar g\u00fc\u00e7 sa\u011flar.Y\u00fcksek g\u00fcvenlik \u00f6zellikleri, cihazlar\u0131n\u0131z\u0131n a\u015f\u0131r\u0131 voltaj, ak\u0131m veya k\u0131sa devre durumlar\u0131nda zarar g\u00f6rmesini engeller. Bu \u015farj adapt\u00f6r\u00fc, sadece h\u0131zl\u0131 \u015farj sa\u011flamakla kalmaz, ayn\u0131 zamanda cihazlar\u0131n\u0131z\u0131n g\u00fcvenli\u011fini de \u00f6n planda tutar. Paket i\u00e7eri\u011finde bulunan 1 metrelik USB Type-C kablo ile cihaz\u0131n\u0131za rahat\u00e7a ba\u011flant\u0131 sa\u011flayabilirsiniz. \u0130ster evde ister ofiste, bu 67W Turbo H\u0131zl\u0131 \u015earj Adapt\u00f6r\u00fc, g\u00fcnl\u00fck \u015farj ihtiya\u00e7lar\u0131n\u0131z i\u00e7in m\u00fckemmel bir \u00e7\u00f6z\u00fcmd\u00fcr.\u015earj s\u00fcresi konusunda \u00f6nemli bir fark yaratan bu adapt\u00f6r, cihazlar\u0131n\u0131z\u0131 \u00e7ok daha h\u0131zl\u0131 \u015farj ederek zaman kazand\u0131r\u0131r. H\u0131zl\u0131, g\u00fcvenli ve pratik bir \u015farj deneyimi i\u00e7in bu adapt\u00f6r ideal bir tercihtir.<\/p>\n","protected":false},"excerpt":{"rendered":"<p>67W Turbo H\u0131zl\u0131 \u015earj Adapt\u00f6r\u00fc, \u00fcst\u00fcn h\u0131z ve g\u00fcvenlik \u00f6zellikleri ile cihazlar\u0131n\u0131z\u0131 h\u0131zl\u0131 ve verimli bir \u015fekilde \u015farj etmenizi sa\u011flar. Bu \u015farj adapt\u00f6r\u00fc, y\u00fcksek voltaj ve k\u0131sa devre korumas\u0131 gibi geli\u015fmi\u015f g\u00fcvenlik \u00f6nlemleri sunarak cihazlar\u0131n\u0131za zarar gelmesini \u00f6nler. 67W g\u00fcc\u00fc ile uyumlu cihazlar\u0131n\u0131z\u0131 h\u0131zl\u0131ca \u015farj eder, ayn\u0131 zamanda turbo \u015farj modu sayesinde daha b\u00fcy\u00fck cihazlar\u0131&#8230;<\/p>\n","protected":false},"featured_media":111731,"comment_status":"open","ping_status":"closed","template":"","meta":{"_kad_post_transparent":"","_kad_post_title":"","_kad_post_layout":"","_kad_post_sidebar_id":"","_kad_post_content_style":"","_kad_post_vertical_padding":"","_kad_post_feature":"","_kad_post_feature_position":"","_kad_post_header":false,"_kad_post_footer":false,"_kad_post_classname":""},"product_brand":[],"product_cat":[14975],"product_tag":[],"class_list":{"0":"post-111732","1":"product","2":"type-product","3":"status-publish","4":"has-post-thumbnail","6":"product_cat-sarj-aletleri-sarj-aletleri","8":"first","9":"instock","10":"purchasable","11":"product-type-simple","12":"entry","13":"content-bg","14":"loop-entry"},"_links":{"self":[{"href":"https:\/\/www.hediyepazar.com\/index.php?rest_route=\/wp\/v2\/product\/111732","targetHints":{"allow":["GET"]}}],"collection":[{"href":"https:\/\/www.hediyepazar.com\/index.php?rest_route=\/wp\/v2\/product"}],"about":[{"href":"https:\/\/www.hediyepazar.com\/index.php?rest_route=\/wp\/v2\/types\/product"}],"replies":[{"embeddable":true,"href":"https:\/\/www.hediyepazar.com\/index.php?rest_route=%2Fwp%2Fv2%2Fcomments&post=111732"}],"wp:featuredmedia":[{"embeddable":true,"href":"https:\/\/www.hediyepazar.com\/index.php?rest_route=\/wp\/v2\/media\/111731"}],"wp:attachment":[{"href":"https:\/\/www.hediyepazar.com\/index.php?rest_route=%2Fwp%2Fv2%2Fmedia&parent=111732"}],"wp:term":[{"taxonomy":"product_brand","embeddable":true,"href":"https:\/\/www.hediyepazar.com\/index.php?rest_route=%2Fwp%2Fv2%2Fproduct_brand&post=111732"},{"taxonomy":"product_cat","embeddable":true,"href":"https:\/\/www.hediyepazar.com\/index.php?rest_route=%2Fwp%2Fv2%2Fproduct_cat&post=111732"},{"taxonomy":"product_tag","embeddable":true,"href":"https:\/\/www.hediyepazar.com\/index.php?rest_route=%2Fwp%2Fv2%2Fproduct_tag&post=111732"}],"curies":[{"name":"wp","href":"https:\/\/api.w.org\/{rel}","templated":true}]}}