{"id":111744,"date":"2026-05-05T08:14:04","date_gmt":"2026-05-05T11:14:04","guid":{"rendered":"https:\/\/www.hediyepazar.com\/?product=amoled-ekran-akilli-saat-uc-kordonlu-ios-android-uyumlu"},"modified":"2026-05-05T08:14:04","modified_gmt":"2026-05-05T11:14:04","slug":"amoled-ekran-akilli-saat-uc-kordonlu-ios-android-uyumlu","status":"publish","type":"product","link":"https:\/\/www.hediyepazar.com\/?product=amoled-ekran-akilli-saat-uc-kordonlu-ios-android-uyumlu","title":{"rendered":"Amoled Ekran Ak\u0131ll\u0131 Saat \u00dc\u00e7 Kordonlu \u0130OS Android Uyumlu"},"content":{"rendered":"<p>Ak\u0131ll\u0131 Saat \u2013 Geli\u015fmi\u015f Sa\u011fl\u0131k Takibi ve Uzun Pil \u00d6mr\u00fc300-400 mAh batarya kapasitesiyle g\u00fcn boyu kesintisiz kullan\u0131m sunar. Tek \u015farjla uzun s\u00fcreli performans sa\u011flayan bu ak\u0131ll\u0131 saat, g\u00fcn i\u00e7inde \u015farj derdi olmadan rahat\u00e7a kullan\u0131labilir.\u00d6ne \u00c7\u0131kan \u00d6zellikler: \tGer\u00e7ek Zamanl\u0131 Nab\u0131z Takibi: Kalp at\u0131\u015f h\u0131z\u0131n\u0131z\u0131 anl\u0131k olarak \u00f6l\u00e7er, spor s\u0131ras\u0131nda ve dinlenme an\u0131nda kalbinizi takip eder. \tUyku Takibi: Derin uyku, hafif uyku ve uyan\u0131kl\u0131k s\u00fcrelerini analiz eder, uyku kalitenizi art\u0131rman\u0131za yard\u0131mc\u0131 olur. \t\u015e\u0131k Tasar\u0131m: Modern gri kasa tasar\u0131m\u0131 ile g\u00fcnl\u00fck kombinlere uyum sa\u011flar.G\u00fcnl\u00fck ya\u015fam\u0131n\u0131z\u0131 organize ederken sa\u011fl\u0131\u011f\u0131n\u0131z\u0131 da takip etmenizi sa\u011flar. Hafif yap\u0131s\u0131 ve g\u00fc\u00e7l\u00fc donan\u0131m\u0131 ile ideal bir yard\u0131mc\u0131.<\/p>\n","protected":false},"excerpt":{"rendered":"<p>Ak\u0131ll\u0131 Saat \u2013 Geli\u015fmi\u015f Sa\u011fl\u0131k Takibi ve Uzun Pil \u00d6mr\u00fc300-400 mAh batarya kapasitesiyle g\u00fcn boyu kesintisiz kullan\u0131m sunar. Tek \u015farjla uzun s\u00fcreli performans sa\u011flayan bu ak\u0131ll\u0131 saat, g\u00fcn i\u00e7inde \u015farj derdi olmadan rahat\u00e7a kullan\u0131labilir.\u00d6ne \u00c7\u0131kan \u00d6zellikler: Ger\u00e7ek Zamanl\u0131 Nab\u0131z Takibi: Kalp at\u0131\u015f h\u0131z\u0131n\u0131z\u0131 anl\u0131k olarak \u00f6l\u00e7er, spor s\u0131ras\u0131nda ve dinlenme an\u0131nda kalbinizi takip eder. Uyku&#8230;<\/p>\n","protected":false},"featured_media":111743,"comment_status":"open","ping_status":"closed","template":"","meta":{"_kad_post_transparent":"","_kad_post_title":"","_kad_post_layout":"","_kad_post_sidebar_id":"","_kad_post_content_style":"","_kad_post_vertical_padding":"","_kad_post_feature":"","_kad_post_feature_position":"","_kad_post_header":false,"_kad_post_footer":false,"_kad_post_classname":""},"product_brand":[],"product_cat":[14935],"product_tag":[],"class_list":{"0":"post-111744","1":"product","2":"type-product","3":"status-publish","4":"has-post-thumbnail","6":"product_cat-akilli-saatler-akilli-saatler","8":"first","9":"instock","10":"purchasable","11":"product-type-simple","12":"entry","13":"content-bg","14":"loop-entry"},"_links":{"self":[{"href":"https:\/\/www.hediyepazar.com\/index.php?rest_route=\/wp\/v2\/product\/111744","targetHints":{"allow":["GET"]}}],"collection":[{"href":"https:\/\/www.hediyepazar.com\/index.php?rest_route=\/wp\/v2\/product"}],"about":[{"href":"https:\/\/www.hediyepazar.com\/index.php?rest_route=\/wp\/v2\/types\/product"}],"replies":[{"embeddable":true,"href":"https:\/\/www.hediyepazar.com\/index.php?rest_route=%2Fwp%2Fv2%2Fcomments&post=111744"}],"wp:featuredmedia":[{"embeddable":true,"href":"https:\/\/www.hediyepazar.com\/index.php?rest_route=\/wp\/v2\/media\/111743"}],"wp:attachment":[{"href":"https:\/\/www.hediyepazar.com\/index.php?rest_route=%2Fwp%2Fv2%2Fmedia&parent=111744"}],"wp:term":[{"taxonomy":"product_brand","embeddable":true,"href":"https:\/\/www.hediyepazar.com\/index.php?rest_route=%2Fwp%2Fv2%2Fproduct_brand&post=111744"},{"taxonomy":"product_cat","embeddable":true,"href":"https:\/\/www.hediyepazar.com\/index.php?rest_route=%2Fwp%2Fv2%2Fproduct_cat&post=111744"},{"taxonomy":"product_tag","embeddable":true,"href":"https:\/\/www.hediyepazar.com\/index.php?rest_route=%2Fwp%2Fv2%2Fproduct_tag&post=111744"}],"curies":[{"name":"wp","href":"https:\/\/api.w.org\/{rel}","templated":true}]}}