{"id":111756,"date":"2026-05-05T08:15:21","date_gmt":"2026-05-05T11:15:21","guid":{"rendered":"https:\/\/www.hediyepazar.com\/?product=tasinabilir-kablosuz-sarjli-kisisel-smoothie-el-blender-mini-meyve-sikacagi"},"modified":"2026-05-05T08:15:21","modified_gmt":"2026-05-05T11:15:21","slug":"tasinabilir-kablosuz-sarjli-kisisel-smoothie-el-blender-mini-meyve-sikacagi","status":"publish","type":"product","link":"https:\/\/www.hediyepazar.com\/?product=tasinabilir-kablosuz-sarjli-kisisel-smoothie-el-blender-mini-meyve-sikacagi","title":{"rendered":"Ta\u015f\u0131nabilir Kablosuz \u015earjl\u0131 Ki\u015fisel Smoothie El Blender Mini Meyve S\u0131kaca\u011f\u0131"},"content":{"rendered":"<p>Ta\u015f\u0131nabilir USB \u015earjl\u0131 Mini Blender &#038; Meyve S\u0131kaca\u011f\u0131Gitti\u011finiz her yerde taptaze i\u00e7ecekler haz\u0131rlay\u0131n! Bu kompakt ve ta\u015f\u0131nabilir USB \u015farjl\u0131 mini blender ile sa\u011fl\u0131kl\u0131 ya\u015fam art\u0131k \u00e7ok daha kolay. \u0130ster evde, ister ofiste, ister do\u011fada olun; lezzetli meyve sular\u0131, smoothie\u2019ler ve kar\u0131\u015f\u0131mlar birka\u00e7 saniyede haz\u0131r!\u00d6ne \u00c7\u0131kan \u00d6zellikler: \tKablosuz ve \u015earjl\u0131 Kullan\u0131m: USB ile kolayca \u015farj edilir, kablosuz tasar\u0131m\u0131 sayesinde diledi\u011finiz yere ta\u015f\u0131yabilirsiniz. \tKolay Temizlik: \u00c7\u0131kar\u0131labilir par\u00e7alar\u0131 sayesinde pratik bir \u015fekilde temizlenir. Kullan\u0131mdan sonra h\u0131zl\u0131ca y\u0131kay\u0131p tekrar kullan\u0131ma haz\u0131r hale getirebilirsiniz. \tHafif ve Ta\u015f\u0131nabilir: Kompakt yap\u0131s\u0131 ve ergonomik tasar\u0131m\u0131yla \u00e7antan\u0131zda ya da elinizde rahatl\u0131kla ta\u015f\u0131yabilirsiniz. \tDayan\u0131kl\u0131 Malzeme: Plastik ve yar\u0131 cam g\u00f6vdesi hem sa\u011flaml\u0131k hem de estetik bir g\u00f6r\u00fcn\u00fcm sunar. \tGeni\u015f Kullan\u0131m Alan\u0131: Evde, arabada, spor salonunda, plajda, kamp alan\u0131nda ya da ofiste rahat\u00e7a kullan\u0131labilir. \tSa\u011fl\u0131kl\u0131 Ya\u015fam\u0131n Yard\u0131mc\u0131s\u0131: G\u00fcnl\u00fck vitamin ve besin ihtiyac\u0131n\u0131z\u0131 kolayca kar\u015f\u0131layabilece\u011finiz pratik bir \u00e7\u00f6z\u00fcm sunar.\u00dcr\u00fcn \u00d6l\u00e7\u00fcleri: \tY\u00fckseklik: 21,8 cm \tTaban \u00c7ap\u0131: 8,2 cmKutu \u0130\u00e7eri\u011fi: \t1 adet Mini Blender \tUSB \u015earj Kablosu \tKullan\u0131m K\u0131lavuzu<\/p>\n","protected":false},"excerpt":{"rendered":"<p>Ta\u015f\u0131nabilir USB \u015earjl\u0131 Mini Blender &#038; Meyve S\u0131kaca\u011f\u0131Gitti\u011finiz her yerde taptaze i\u00e7ecekler haz\u0131rlay\u0131n! Bu kompakt ve ta\u015f\u0131nabilir USB \u015farjl\u0131 mini blender ile sa\u011fl\u0131kl\u0131 ya\u015fam art\u0131k \u00e7ok daha kolay. \u0130ster evde, ister ofiste, ister do\u011fada olun; lezzetli meyve sular\u0131, smoothie\u2019ler ve kar\u0131\u015f\u0131mlar birka\u00e7 saniyede haz\u0131r!\u00d6ne \u00c7\u0131kan \u00d6zellikler: Kablosuz ve \u015earjl\u0131 Kullan\u0131m: USB ile kolayca \u015farj edilir,&#8230;<\/p>\n","protected":false},"featured_media":111755,"comment_status":"open","ping_status":"closed","template":"","meta":{"_kad_post_transparent":"","_kad_post_title":"","_kad_post_layout":"","_kad_post_sidebar_id":"","_kad_post_content_style":"","_kad_post_vertical_padding":"","_kad_post_feature":"","_kad_post_feature_position":"","_kad_post_header":false,"_kad_post_footer":false,"_kad_post_classname":""},"product_brand":[],"product_cat":[14959],"product_tag":[],"class_list":{"0":"post-111756","1":"product","2":"type-product","3":"status-publish","4":"has-post-thumbnail","6":"product_cat-blender-blender","8":"first","9":"instock","10":"purchasable","11":"product-type-simple","12":"entry","13":"content-bg","14":"loop-entry"},"_links":{"self":[{"href":"https:\/\/www.hediyepazar.com\/index.php?rest_route=\/wp\/v2\/product\/111756","targetHints":{"allow":["GET"]}}],"collection":[{"href":"https:\/\/www.hediyepazar.com\/index.php?rest_route=\/wp\/v2\/product"}],"about":[{"href":"https:\/\/www.hediyepazar.com\/index.php?rest_route=\/wp\/v2\/types\/product"}],"replies":[{"embeddable":true,"href":"https:\/\/www.hediyepazar.com\/index.php?rest_route=%2Fwp%2Fv2%2Fcomments&post=111756"}],"wp:featuredmedia":[{"embeddable":true,"href":"https:\/\/www.hediyepazar.com\/index.php?rest_route=\/wp\/v2\/media\/111755"}],"wp:attachment":[{"href":"https:\/\/www.hediyepazar.com\/index.php?rest_route=%2Fwp%2Fv2%2Fmedia&parent=111756"}],"wp:term":[{"taxonomy":"product_brand","embeddable":true,"href":"https:\/\/www.hediyepazar.com\/index.php?rest_route=%2Fwp%2Fv2%2Fproduct_brand&post=111756"},{"taxonomy":"product_cat","embeddable":true,"href":"https:\/\/www.hediyepazar.com\/index.php?rest_route=%2Fwp%2Fv2%2Fproduct_cat&post=111756"},{"taxonomy":"product_tag","embeddable":true,"href":"https:\/\/www.hediyepazar.com\/index.php?rest_route=%2Fwp%2Fv2%2Fproduct_tag&post=111756"}],"curies":[{"name":"wp","href":"https:\/\/api.w.org\/{rel}","templated":true}]}}